{"id":12987,"date":"2020-04-28T11:06:16","date_gmt":"2020-04-28T09:06:16","guid":{"rendered":"https:\/\/thebestantique.com\/?post_type=product&#038;p=12987"},"modified":"2021-01-12T13:05:27","modified_gmt":"2021-01-12T11:05:27","slug":"french-asparagus-tongs-2","status":"publish","type":"product","link":"https:\/\/thebestantique.com\/zh\/product\/french-asparagus-tongs-2\/","title":{"rendered":"\u6cd5\u56fd\u82a6\u7b0b\u94b3"},"content":{"rendered":"<p>\u6cd5\u56fd\u82a6\u7b0b\u94b3\u3002 950\u94f6\u6807\u51c6\u624b\u67c4\uff0c\u91d1\u5c5e\u5de5\u4f5c\u90e8\u4ef6\u3002\u6cd5\u56fd\uff0c\u5341\u4e5d\u4e16\u7eaa\u672b\u3002 \u957f\u5ea6\uff1a26\u5398\u7c73 F\u00e0gu\u00f3 l\u00fas\u01d4n qi\u00e1n. 950 Y\u00edn bi\u0101ozh\u01d4n sh\u01d2ub\u01d0ng, j\u012bnsh\u01d4 g\u014dngzu\u00f2 b\u00f9ji\u00e0n. F\u00e0gu\u00f3, sh\u00edji\u01d4 sh\u00ecj\u00ecm\u00f2. Ch\u00e1ngd\u00f9:26 L\u00edm\u01d0<\/p>","protected":false},"excerpt":{"rendered":"<p>\u6cd5\u56fd\u82a6\u7b0b\u94b3\u3002 950\u94f6\u6807\u51c6\u624b\u67c4\uff0c\u91d1\u5c5e\u5de5\u4f5c\u90e8\u4ef6\u3002\u6cd5\u56fd\uff0c\u5341\u4e5d\u4e16\u7eaa\u672b\u3002 \u957f\u5ea6\uff1a26\u5398\u7c73 F\u00e0gu\u00f3 l\u00fas\u01d4n qi [&hellip;]<\/p>\n","protected":false},"featured_media":12988,"comment_status":"closed","ping_status":"closed","template":"","meta":{"_exactmetrics_skip_tracking":false,"_exactmetrics_sitenote_active":false,"_exactmetrics_sitenote_note":"","_exactmetrics_sitenote_category":0,"_uf_show_specific_survey":0,"_uf_disable_surveys":false},"product_brand":[],"product_cat":[421],"product_tag":[1506,1504],"class_list":{"0":"post-12987","1":"product","2":"type-product","3":"status-publish","4":"has-post-thumbnail","6":"product_cat-sold-items","7":"product_tag-french-asparagus-tongs","8":"product_tag-prantsusmaa-spargli-jaoks-tangid","9":"product_shipping_class-small-item-0-500-g","11":"first","12":"outofstock","13":"sold-individually","14":"shipping-taxable","15":"product-type-simple"},"aioseo_notices":[],"_links":{"self":[{"href":"https:\/\/thebestantique.com\/zh\/wp-json\/wp\/v2\/product\/12987","targetHints":{"allow":["GET"]}}],"collection":[{"href":"https:\/\/thebestantique.com\/zh\/wp-json\/wp\/v2\/product"}],"about":[{"href":"https:\/\/thebestantique.com\/zh\/wp-json\/wp\/v2\/types\/product"}],"replies":[{"embeddable":true,"href":"https:\/\/thebestantique.com\/zh\/wp-json\/wp\/v2\/comments?post=12987"}],"wp:featuredmedia":[{"embeddable":true,"href":"https:\/\/thebestantique.com\/zh\/wp-json\/wp\/v2\/media\/12988"}],"wp:attachment":[{"href":"https:\/\/thebestantique.com\/zh\/wp-json\/wp\/v2\/media?parent=12987"}],"wp:term":[{"taxonomy":"product_brand","embeddable":true,"href":"https:\/\/thebestantique.com\/zh\/wp-json\/wp\/v2\/product_brand?post=12987"},{"taxonomy":"product_cat","embeddable":true,"href":"https:\/\/thebestantique.com\/zh\/wp-json\/wp\/v2\/product_cat?post=12987"},{"taxonomy":"product_tag","embeddable":true,"href":"https:\/\/thebestantique.com\/zh\/wp-json\/wp\/v2\/product_tag?post=12987"}],"curies":[{"name":"wp","href":"https:\/\/api.w.org\/{rel}","templated":true}]}}