{"id":11738,"date":"2019-05-10T14:14:01","date_gmt":"2019-05-10T12:14:01","guid":{"rendered":"https:\/\/thebestantique.com\/?post_type=product&#038;p=11738"},"modified":"2020-06-08T22:33:03","modified_gmt":"2020-06-08T20:33:03","slug":"impressive-presentation-heer-officers-parade-sabre-to-leutnant-graf-von-elz","status":"publish","type":"product","link":"https:\/\/thebestantique.com\/zh\/product\/impressive-presentation-heer-officers-parade-sabre-to-leutnant-graf-von-elz\/","title":{"rendered":"\u7cbe\u7f8e\u9970\u9762\u7684\u5e0c\u5c14\u519b\u5b98\u7684\u6e38\u884c\u4f69\u5251\uff0c\u683c\u62c9\u592b\u00b7\u51af\u00b7\u57c3\u5c14\u8328"},"content":{"rendered":"<p>\u7cbe\u7f8e\u9970\u9762\u7684\u5e0c\u5c14\u519b\u5b98\u7684\u6e38\u884c\u4f69\u5251\uff0c\u683c\u62c9\u592b\u00b7\u51af\u00b7\u57c3\u5c14\u8328\u3002\u5b83\u662f\u7531Freiherr von Kressenstein\u9881\u53d1\uff0c H\u00f6rster.\u5236\u9020\u3002\u72ee\u5934\u94dd\u5236\u624b\u67c4\uff0c\u7ea2\u8272\u73bb\u7483\u773c\u775b\u3002\u80f6\u6728\u628a\u624b\uff0c\u5b8c\u6574\u94a2\u4e1d\u5305\u88f9\u3002\u4e3a\u58eb\u5b98\u6240\u6709\u3002\u4e0a\u597d\u7684\u5de5\u5382\u6f06\u5251\u9798\uff0c\u6ca1\u6709\u4efb\u4f55\u51f9\u75d5\uff0c\u5448\u73b0\u51e0\u4e4e100%\u7684\u989c\u8272\u3002\u6770\u51fa\u7684\u201c\u5927\u9a6c\u58eb\u9769\u201d\u5200\u7247\uff0c\u4e00\u4fa7\u8680\u523b\u5949\u732e\u201cFhr. v. Kressenstein s.\/l. Leutn Gr.v. Eltz\u201d\u548c\u201cEhrenpreis der 10. Kompanie f\u00fcr gute Schie\u00dfleistungen Schie\u00dfjahr 1934\/35\u3002\u201d\u9540\u91d1\u6d6e\u96d5\u5b57\u6bcd\u548c\u9970\u7247\u3002\u84dd\u8272\u80cc\u9762\u3002\u56e01934\/1935\u4f18\u5f02\u5c04\u51fb\u6210\u7ee9\u4ee5\u53ca\u7eaa\u5ff5Kressenstein\u548cElz\u4ece1923\u5e74\u52301935\u5e74\u7684\u670d\u52a1\u65f6\u95f4\uff0c\u4f5c\u4e3a\u201c10 Kompanie\u201d\u7684\u8363\u8a89\u4ef7\u683c\u8d60\u9001\uff1a\u201c1923\/1935\u201d\u8680\u523b\u9996\u5b57\u6bcd\u51af\u00b7\u683c\u62c9\u592b\uff0c\u51af\u00b7\u57c3\u5c14\u8328\u201cRE\u201d\u3002\u6807\u8bb0\u5236\u9020\u5546H\u00d6RSTER\u3002<\/p>\n<blockquote><p>\u957f\u5ea6\uff1a98\u5398\u7c73\u3002<\/p><\/blockquote>\n<p><\/p>","protected":false},"excerpt":{"rendered":"<p class=\"qtranxs-available-languages-message qtranxs-available-languages-message-zh\">\u5bf9\u4e0d\u8d77\uff0c\u6b64\u5185\u5bb9\u53ea\u9002\u7528\u4e8e<a href=\"https:\/\/thebestantique.com\/en\/wp-json\/wp\/v2\/product\/11738\" class=\"qtranxs-available-language-link qtranxs-available-language-link-en\" title=\"English\">English<\/a>\u3002<\/p>\n","protected":false},"featured_media":11740,"comment_status":"closed","ping_status":"closed","template":"","meta":{"_exactmetrics_skip_tracking":false,"_exactmetrics_sitenote_active":false,"_exactmetrics_sitenote_note":"","_exactmetrics_sitenote_category":0,"_uf_show_specific_survey":0,"_uf_disable_surveys":false},"product_brand":[],"product_cat":[421],"product_tag":[1221],"class_list":{"0":"post-11738","1":"product","2":"type-product","3":"status-publish","4":"has-post-thumbnail","6":"product_cat-sold-items","7":"product_tag-1221","8":"product_shipping_class-big-item-1500-3000-g","10":"first","11":"outofstock","12":"sold-individually","13":"shipping-taxable","14":"product-type-simple"},"aioseo_notices":[],"_links":{"self":[{"href":"https:\/\/thebestantique.com\/zh\/wp-json\/wp\/v2\/product\/11738","targetHints":{"allow":["GET"]}}],"collection":[{"href":"https:\/\/thebestantique.com\/zh\/wp-json\/wp\/v2\/product"}],"about":[{"href":"https:\/\/thebestantique.com\/zh\/wp-json\/wp\/v2\/types\/product"}],"replies":[{"embeddable":true,"href":"https:\/\/thebestantique.com\/zh\/wp-json\/wp\/v2\/comments?post=11738"}],"wp:featuredmedia":[{"embeddable":true,"href":"https:\/\/thebestantique.com\/zh\/wp-json\/wp\/v2\/media\/11740"}],"wp:attachment":[{"href":"https:\/\/thebestantique.com\/zh\/wp-json\/wp\/v2\/media?parent=11738"}],"wp:term":[{"taxonomy":"product_brand","embeddable":true,"href":"https:\/\/thebestantique.com\/zh\/wp-json\/wp\/v2\/product_brand?post=11738"},{"taxonomy":"product_cat","embeddable":true,"href":"https:\/\/thebestantique.com\/zh\/wp-json\/wp\/v2\/product_cat?post=11738"},{"taxonomy":"product_tag","embeddable":true,"href":"https:\/\/thebestantique.com\/zh\/wp-json\/wp\/v2\/product_tag?post=11738"}],"curies":[{"name":"wp","href":"https:\/\/api.w.org\/{rel}","templated":true}]}}