{"id":6300,"date":"2017-05-05T12:28:45","date_gmt":"2017-05-05T09:28:45","guid":{"rendered":"http:\/\/thebestantique.com\/?post_type=product&#038;p=6300"},"modified":"2020-12-06T23:40:46","modified_gmt":"2020-12-06T21:40:46","slug":"exceptional-m-1889-german-shooting-award-damascus-sword","status":"publish","type":"product","link":"https:\/\/thebestantique.com\/ru\/product\/exceptional-m-1889-german-shooting-award-damascus-sword\/","title":{"rendered":"Exceptional M-1889 German Shooting Award Damascus Sword"},"content":{"rendered":"<p>Exceptional M-1889 German shooting award damascus sword. It was presented as a prize for 1904 shooting exercises. Signed &#171;Ehrenpreis f\u00fcr hervorragende Schie\u00dfleistungen 1904. dem Leutnant Dammann vom Westpreu\u00dfischen Pionier Bataillon <span class=\"st\">\u2116<\/span> 17&#8243;. (&#171;A prize for excellent shooting practice results 1904. Lieutenant Dammann from West Prussian engineer battalion <span class=\"st\">\u2116<\/span> 17&#8243;)<\/p>\n<p>Blued and gilded damascus blade made by Weyersberg Kirschbaum &amp; Co, Solingen. <span class=\"st\"><em>Eisenhauer<\/em> Garantirt<\/span> (Iron maker guaranty).<\/p>\n<hr \/>\n<blockquote>\n<p style=\"padding-left: 30px;\">Length: 99 cm<\/p>\n<\/blockquote>\n","protected":false},"excerpt":{"rendered":"<p>Exceptional M-1889 German shooting award damascus sword. It was presented as a prize for 1904 shooting exercises. Signed &#171;Ehrenpreis f\u00fcr hervorragende Schie\u00dfleistungen 1904. dem Leutnant Dammann vom Westpreu\u00dfischen Pionier Bataillon <span class=\"st\">\u2116<\/span> 17&#8243;. (&#171;A prize for excellent shooting practice results 1904. Lieutenant Dammann from West Prussian engineer battalion <span class=\"st\">\u2116<\/span> 17&#8243;)<\/p>\n<p>Blued and gilded damascus blade made by Weyersberg Kirschbaum &amp; Co, Solingen. <span class=\"st\"><em>Eisenhauer<\/em> Garantirt<\/span> (Iron maker guaranty).<\/p>\n<hr \/>\n<blockquote>\n<p style=\"padding-left: 30px;\">Length: 99 cm<\/p>\n<\/blockquote>\n","protected":false},"featured_media":6290,"comment_status":"closed","ping_status":"closed","template":"","meta":{"_exactmetrics_skip_tracking":false,"_exactmetrics_sitenote_active":false,"_exactmetrics_sitenote_note":"","_exactmetrics_sitenote_category":0,"_uf_show_specific_survey":0,"_uf_disable_surveys":false},"product_brand":[],"product_cat":[421],"product_tag":[],"class_list":{"0":"post-6300","1":"product","2":"type-product","3":"status-publish","4":"has-post-thumbnail","6":"product_cat-sold-items","7":"product_shipping_class-average-item-500-1500-g","9":"first","10":"outofstock","11":"sold-individually","12":"shipping-taxable","13":"product-type-simple"},"aioseo_notices":[],"_links":{"self":[{"href":"https:\/\/thebestantique.com\/ru\/wp-json\/wp\/v2\/product\/6300","targetHints":{"allow":["GET"]}}],"collection":[{"href":"https:\/\/thebestantique.com\/ru\/wp-json\/wp\/v2\/product"}],"about":[{"href":"https:\/\/thebestantique.com\/ru\/wp-json\/wp\/v2\/types\/product"}],"replies":[{"embeddable":true,"href":"https:\/\/thebestantique.com\/ru\/wp-json\/wp\/v2\/comments?post=6300"}],"wp:featuredmedia":[{"embeddable":true,"href":"https:\/\/thebestantique.com\/ru\/wp-json\/wp\/v2\/media\/6290"}],"wp:attachment":[{"href":"https:\/\/thebestantique.com\/ru\/wp-json\/wp\/v2\/media?parent=6300"}],"wp:term":[{"taxonomy":"product_brand","embeddable":true,"href":"https:\/\/thebestantique.com\/ru\/wp-json\/wp\/v2\/product_brand?post=6300"},{"taxonomy":"product_cat","embeddable":true,"href":"https:\/\/thebestantique.com\/ru\/wp-json\/wp\/v2\/product_cat?post=6300"},{"taxonomy":"product_tag","embeddable":true,"href":"https:\/\/thebestantique.com\/ru\/wp-json\/wp\/v2\/product_tag?post=6300"}],"curies":[{"name":"wp","href":"https:\/\/api.w.org\/{rel}","templated":true}]}}