{"id":11816,"date":"2019-05-11T23:07:02","date_gmt":"2019-05-11T21:07:02","guid":{"rendered":"https:\/\/thebestantique.com\/?post_type=product&#038;p=11816"},"modified":"2020-12-16T08:12:45","modified_gmt":"2020-12-16T06:12:45","slug":"ecxtrimely-rare-bronze-figure-the-collectioneers","status":"publish","type":"product","link":"https:\/\/thebestantique.com\/ru\/product\/ecxtrimely-rare-bronze-figure-the-collectioneers\/","title":{"rendered":"\u041a\u0440\u0430\u0439\u043d\u0435 \u0420\u0435\u0434\u043a\u0430\u044f \u0411\u0440\u043e\u043d\u0437\u043e\u0432\u0430\u044f \u0424\u0438\u0433\u0443\u0440\u0430 &#171;\u041a\u043e\u043b\u043b\u0435\u043a\u0446\u0438\u043e\u043d\u0435\u0440\u044b&#187;"},"content":{"rendered":"<p>\u041a\u0440\u0430\u0439\u043d\u0435 \u0420\u0435\u0434\u043a\u0430\u044f \u0411\u0440\u043e\u043d\u0437\u043e\u0432\u0430\u044f \u0424\u0438\u0433\u0443\u0440\u0430 &#171;\u041a\u043e\u043b\u043b\u0435\u043a\u0446\u0438\u043e\u043d\u0435\u0440\u044b&#187;.<\/p>\n<p>\u0421\u043a\u0443\u043b\u044c\u043f\u0442\u0443\u0440\u0430 \u0438\u0437\u043e\u0431\u0440\u0430\u0436\u0430\u0435\u0442 \u0434\u0432\u0443\u0445 \u043a\u043e\u043b\u043b\u0435\u043a\u0446\u0438\u043e\u043d\u0435\u0440\u043e\u0432, \u0438\u0441\u0441\u043b\u0435\u0434\u0443\u044e\u0449\u0438\u0445 \u0441\u0442\u0430\u0440\u0438\u043d\u043d\u044b\u0439 \u043c\u0435\u0447. \u041e\u043d\u0438 \u0441\u0442\u043e\u044f\u0442 \u0440\u044f\u0434\u043e\u043c \u0441 \u0435\u0433\u0438\u043f\u0435\u0442\u0441\u043a\u0438\u043c \u0440\u0435\u043b\u044c\u0435\u0444\u043e\u043c, \u043e\u043a\u0440\u0443\u0436\u0435\u043d\u043d\u044b\u043c \u043f\u0440\u0435\u0434\u043c\u0435\u0442\u0430\u043c\u0438, \u043e\u0442\u043d\u043e\u0441\u044f\u0449\u0438\u043c\u0438\u0441\u044f \u043a \u0430\u043d\u0442\u0438\u043a\u0432\u0430\u0440\u0438\u0430\u0442\u0443 \u0438 \u043f\u0440\u0435\u0434\u043c\u0435\u0442\u0430\u043c \u043a\u043e\u043b\u043b\u0435\u043a\u0446\u0438\u043e\u043d\u0438\u0440\u043e\u0432\u0430\u043d\u0438\u044f. \u041e\u0447\u0435\u043d\u044c \u043a\u0430\u0447\u0435\u0441\u0442\u0432\u0435\u043d\u043d\u044b\u0439 \u0441\u043b\u0435\u043f\u043e\u043a \u0441 \u0437\u0430\u043c\u0435\u0447\u0430\u0442\u0435\u043b\u044c\u043d\u043e\u0439 \u0434\u0435\u0442\u0430\u043b\u0438\u0437\u0430\u0446\u0438\u0435\u0439 \u0438 \u043f\u0440\u043e\u0434\u0443\u043c\u0430\u043d\u043d\u043e\u0439 \u043a\u043e\u043c\u043f\u043e\u0437\u0438\u0446\u0438\u0435\u0439. \u041f\u043e\u0434\u043f\u0438\u0441\u044c \u0444\u0440\u0430\u043d\u0446\u0443\u0437\u0441\u043a\u043e\u0433\u043e \u0441\u043a\u0443\u043b\u044c\u043f\u0442\u043e\u0440\u0430 \u0410\u043d\u0440\u0438 \u041e\u043d\u043e\u0440\u0435 \u041f\u043b\u0435 (1853-1922) &#8212; \u0447\u043b\u0435\u043d\u0430 \u0410\u0441\u0441\u043e\u0446\u0438\u0430\u0446\u0438\u0438 \u0444\u0440\u0430\u043d\u0446\u0443\u0437\u0441\u043a\u0438\u0445 \u0445\u0443\u0434\u043e\u0436\u043d\u0438\u043a\u043e\u0432 \u0438 \u0441\u043a\u0443\u043b\u044c\u043f\u0442\u043e\u0440\u043e\u0432, \u0441\u043e\u0437\u0434\u0430\u043d\u043d\u043e\u0439 \u0432 1881 \u0433\u043e\u0434\u0443 \u00abSoci\u00e9t\u00e9 des Artistes Fran\u00e7ais\u00bb. \u041e\u043d \u0431\u044b\u043b \u043d\u0430\u0433\u0440\u0430\u0436\u0434\u0435\u043d \u0431\u0440\u043e\u043d\u0437\u043e\u0432\u043e\u0439 \u043c\u0435\u0434\u0430\u043b\u044c\u044e \u043d\u0430 \u0412\u0441\u0435\u043c\u0438\u0440\u043d\u043e\u0439 \u0432\u044b\u0441\u0442\u0430\u0432\u043a\u0435 1900 \u0433\u043e\u0434\u0430 \u0432 \u041f\u0430\u0440\u0438\u0436\u0435.<\/p>\n<p>\u0412\u044b\u0441\u043e\u0442\u0430: 80 \u0441\u043c.<\/p>\n<p>\u0412\u0435\u0441: \u043e\u043a\u043e\u043b\u043e 60 \u043a\u0433.<\/p>","protected":false},"excerpt":{"rendered":"<p>\u041a\u0440\u0430\u0439\u043d\u0435 \u0420\u0435\u0434\u043a\u0430\u044f \u0411\u0440\u043e\u043d\u0437\u043e\u0432\u0430\u044f \u0424\u0438\u0433\u0443\u0440\u0430 &#171;\u041a\u043e\u043b\u043b\u0435\u043a\u0446\u0438\u043e\u043d\u0435\u0440\u044b&#187;.<\/p>\n<p>\u0421\u043a\u0443\u043b\u044c\u043f\u0442\u0443\u0440\u0430 \u0438\u0437\u043e\u0431\u0440\u0430\u0436\u0430\u0435\u0442 \u0434\u0432\u0443\u0445 \u043a\u043e\u043b\u043b\u0435\u043a\u0446\u0438\u043e\u043d\u0435\u0440\u043e\u0432, \u0438\u0441\u0441\u043b\u0435\u0434\u0443\u044e\u0449\u0438\u0445 \u0441\u0442\u0430\u0440\u0438\u043d\u043d\u044b\u0439 \u043c\u0435\u0447. \u041e\u043d\u0438 \u0441\u0442\u043e\u044f\u0442 \u0440\u044f\u0434\u043e\u043c \u0441 \u0435\u0433\u0438\u043f\u0435\u0442\u0441\u043a\u0438\u043c \u0440\u0435\u043b\u044c\u0435\u0444\u043e\u043c, \u043e\u043a\u0440\u0443\u0436\u0435\u043d\u043d\u044b\u043c \u043f\u0440\u0435\u0434\u043c\u0435\u0442\u0430\u043c\u0438, \u043e\u0442\u043d\u043e\u0441\u044f\u0449\u0438\u043c\u0438\u0441\u044f \u043a \u0430\u043d\u0442\u0438\u043a\u0432\u0430\u0440\u0438\u0430\u0442\u0443 \u0438 \u043f\u0440\u0435\u0434\u043c\u0435\u0442\u0430\u043c \u043a\u043e\u043b\u043b\u0435\u043a\u0446\u0438\u043e\u043d\u0438\u0440\u043e\u0432\u0430\u043d\u0438\u044f. \u041e\u0447\u0435\u043d\u044c \u043a\u0430\u0447\u0435\u0441\u0442\u0432\u0435\u043d\u043d\u044b\u0439 \u0441\u043b\u0435\u043f\u043e\u043a \u0441 \u0437\u0430\u043c\u0435\u0447\u0430\u0442\u0435\u043b\u044c\u043d\u043e\u0439 \u0434\u0435\u0442\u0430\u043b\u0438\u0437\u0430\u0446\u0438\u0435\u0439 \u0438 \u043f\u0440\u043e\u0434\u0443\u043c\u0430\u043d\u043d\u043e\u0439 \u043a\u043e\u043c\u043f\u043e\u0437\u0438\u0446\u0438\u0435\u0439. \u041f\u043e\u0434\u043f\u0438\u0441\u044c \u0444\u0440\u0430\u043d\u0446\u0443\u0437\u0441\u043a\u043e\u0433\u043e \u0441\u043a\u0443\u043b\u044c\u043f\u0442\u043e\u0440\u0430 \u0410\u043d\u0440\u0438 \u041e\u043d\u043e\u0440\u0435 \u041f\u043b\u0435 (1853-1922) &#8212; \u0447\u043b\u0435\u043d\u0430 \u0410\u0441\u0441\u043e\u0446\u0438\u0430\u0446\u0438\u0438 \u0444\u0440\u0430\u043d\u0446\u0443\u0437\u0441\u043a\u0438\u0445 \u0445\u0443\u0434\u043e\u0436\u043d\u0438\u043a\u043e\u0432 \u0438 \u0441\u043a\u0443\u043b\u044c\u043f\u0442\u043e\u0440\u043e\u0432, \u0441\u043e\u0437\u0434\u0430\u043d\u043d\u043e\u0439 \u0432 1881 \u0433\u043e\u0434\u0443 \u00abSoci\u00e9t\u00e9 des Artistes Fran\u00e7ais\u00bb. \u041e\u043d \u0431\u044b\u043b \u043d\u0430\u0433\u0440\u0430\u0436\u0434\u0435\u043d \u0431\u0440\u043e\u043d\u0437\u043e\u0432\u043e\u0439 \u043c\u0435\u0434\u0430\u043b\u044c\u044e \u043d\u0430 \u0412\u0441\u0435\u043c\u0438\u0440\u043d\u043e\u0439 \u0432\u044b\u0441\u0442\u0430\u0432\u043a\u0435 1900 \u0433\u043e\u0434\u0430 \u0432 \u041f\u0430\u0440\u0438\u0436\u0435.<\/p>\n<p>\u0412\u044b\u0441\u043e\u0442\u0430: 80 \u0441\u043c.<\/p>\n<p>\u0412\u0435\u0441: \u043e\u043a\u043e\u043b\u043e 60 \u043a\u0433.<\/p>\n","protected":false},"featured_media":12414,"comment_status":"closed","ping_status":"closed","template":"","meta":{"_exactmetrics_skip_tracking":false,"_exactmetrics_sitenote_active":false,"_exactmetrics_sitenote_note":"","_exactmetrics_sitenote_category":0,"_uf_show_specific_survey":0,"_uf_disable_surveys":false},"product_brand":[],"product_cat":[421],"product_tag":[],"class_list":{"0":"post-11816","1":"product","2":"type-product","3":"status-publish","4":"has-post-thumbnail","6":"product_cat-sold-items","7":"product_shipping_class-huge-3000-10000gr","9":"first","10":"outofstock","11":"sold-individually","12":"shipping-taxable","13":"purchasable","14":"product-type-simple"},"aioseo_notices":[],"_links":{"self":[{"href":"https:\/\/thebestantique.com\/ru\/wp-json\/wp\/v2\/product\/11816","targetHints":{"allow":["GET"]}}],"collection":[{"href":"https:\/\/thebestantique.com\/ru\/wp-json\/wp\/v2\/product"}],"about":[{"href":"https:\/\/thebestantique.com\/ru\/wp-json\/wp\/v2\/types\/product"}],"replies":[{"embeddable":true,"href":"https:\/\/thebestantique.com\/ru\/wp-json\/wp\/v2\/comments?post=11816"}],"wp:featuredmedia":[{"embeddable":true,"href":"https:\/\/thebestantique.com\/ru\/wp-json\/wp\/v2\/media\/12414"}],"wp:attachment":[{"href":"https:\/\/thebestantique.com\/ru\/wp-json\/wp\/v2\/media?parent=11816"}],"wp:term":[{"taxonomy":"product_brand","embeddable":true,"href":"https:\/\/thebestantique.com\/ru\/wp-json\/wp\/v2\/product_brand?post=11816"},{"taxonomy":"product_cat","embeddable":true,"href":"https:\/\/thebestantique.com\/ru\/wp-json\/wp\/v2\/product_cat?post=11816"},{"taxonomy":"product_tag","embeddable":true,"href":"https:\/\/thebestantique.com\/ru\/wp-json\/wp\/v2\/product_tag?post=11816"}],"curies":[{"name":"wp","href":"https:\/\/api.w.org\/{rel}","templated":true}]}}