{"id":9646,"date":"2018-04-24T15:36:20","date_gmt":"2018-04-24T13:36:20","guid":{"rendered":"https:\/\/thebestantique.com\/?post_type=product&#038;p=9646"},"modified":"2026-01-21T14:21:35","modified_gmt":"2026-01-21T12:21:35","slug":"antique-music-box-with-a-singing-bird","status":"publish","type":"product","link":"https:\/\/thebestantique.com\/et\/product\/antique-music-box-with-a-singing-bird\/","title":{"rendered":"Antiikne laulva linnuga muusikakarp"},"content":{"rendered":"<p><\/p>\n<p data-start=\"431\" data-end=\"731\">Antiikne laulva linnuga muusikakarp. Lind liigub suurep\u00e4raselt: tiivad k\u00e4ivad \u00fcles\/alla, nokk avaneb\/sulgub, saba v\u00f5biseb \u00fcles\/alla ning lind p\u00f6\u00f6rdub vasakule\/paremale \u2014 samal ajal lauldes kaunist, lainetavat linnulaulu, mis on s\u00fcnkroniseeritud linnu liikumisega. Heas t\u00f6\u00f6korras. 19. sajand, Euroopa.<\/p>\n<p data-start=\"733\" data-end=\"757\" data-is-last-node=\"\" data-is-only-node=\"\">\n<p><div style=\"width: 980px;\" class=\"wp-video\"><video class=\"wp-video-shortcode\" id=\"video-9646-4\" width=\"980\" height=\"551\" preload=\"metadata\" controls=\"controls\"><source type=\"video\/mp4\" src=\"https:\/\/thebestantique.com\/wp-content\/uploads\/2018\/04\/3939.-Antique-music-box-with-singing-bird.mp4?_=4\" \/><a href=\"https:\/\/thebestantique.com\/wp-content\/uploads\/2018\/04\/3939.-Antique-music-box-with-singing-bird.mp4\">https:\/\/thebestantique.com\/wp-content\/uploads\/2018\/04\/3939.-Antique-music-box-with-singing-bird.mp4<\/a><\/video><\/div><\/p>","protected":false},"excerpt":{"rendered":"<p>M\u00f5\u00f5dud: 5 \u00d7 10 \u00d7 6,5 cm.<\/p>\n","protected":false},"featured_media":9647,"comment_status":"closed","ping_status":"closed","template":"","meta":{"_exactmetrics_skip_tracking":false,"_exactmetrics_sitenote_active":false,"_exactmetrics_sitenote_note":"","_exactmetrics_sitenote_category":0,"_uf_show_specific_survey":0,"_uf_disable_surveys":false},"product_brand":[],"product_cat":[243,291],"product_tag":[],"class_list":{"0":"post-9646","1":"product","2":"type-product","3":"status-publish","4":"has-post-thumbnail","6":"product_cat-music-boxes","7":"product_cat-other","8":"product_shipping_class-small-item-0-500-g","10":"first","11":"instock","12":"sale","13":"sold-individually","14":"shipping-taxable","15":"purchasable","16":"product-type-simple"},"aioseo_notices":[],"_links":{"self":[{"href":"https:\/\/thebestantique.com\/et\/wp-json\/wp\/v2\/product\/9646","targetHints":{"allow":["GET"]}}],"collection":[{"href":"https:\/\/thebestantique.com\/et\/wp-json\/wp\/v2\/product"}],"about":[{"href":"https:\/\/thebestantique.com\/et\/wp-json\/wp\/v2\/types\/product"}],"replies":[{"embeddable":true,"href":"https:\/\/thebestantique.com\/et\/wp-json\/wp\/v2\/comments?post=9646"}],"wp:featuredmedia":[{"embeddable":true,"href":"https:\/\/thebestantique.com\/et\/wp-json\/wp\/v2\/media\/9647"}],"wp:attachment":[{"href":"https:\/\/thebestantique.com\/et\/wp-json\/wp\/v2\/media?parent=9646"}],"wp:term":[{"taxonomy":"product_brand","embeddable":true,"href":"https:\/\/thebestantique.com\/et\/wp-json\/wp\/v2\/product_brand?post=9646"},{"taxonomy":"product_cat","embeddable":true,"href":"https:\/\/thebestantique.com\/et\/wp-json\/wp\/v2\/product_cat?post=9646"},{"taxonomy":"product_tag","embeddable":true,"href":"https:\/\/thebestantique.com\/et\/wp-json\/wp\/v2\/product_tag?post=9646"}],"curies":[{"name":"wp","href":"https:\/\/api.w.org\/{rel}","templated":true}]}}