{"id":8877,"date":"2018-04-11T10:37:37","date_gmt":"2018-04-11T08:37:37","guid":{"rendered":"https:\/\/thebestantique.com\/?post_type=product&#038;p=8877"},"modified":"2021-01-12T13:12:54","modified_gmt":"2021-01-12T11:12:54","slug":"antique-french-silver-serving-set-for-fish-by-of-henri-soufflot","status":"publish","type":"product","link":"https:\/\/thebestantique.com\/et\/product\/antique-french-silver-serving-set-for-fish-by-of-henri-soufflot\/","title":{"rendered":"Vanaaegne h\u00f5be serveerimise komplekt kala jaoks"},"content":{"rendered":"<p class=\"qtranxs-available-languages-message qtranxs-available-languages-message-et\">Vabandame, see kanne on saadaval ainult %LANG : ja %.<\/p>","protected":false},"excerpt":{"rendered":"<div class=\"tab-content\">\n<div id=\"t1\" class=\"tab-pane active\">\n<div class=\"col-md-9\">\n<div>\n<div class=\"core_post_content\">\n<p>Vanaaegne h\u00f5be serveerimise komplekt kala jaoks. H\u00f5be, 950. Meister: Henri Soufflot, Pariis, Prantsusmaa, 1884-1910. \u00dcldkaal: 215 g. Nuga: 29.5 cm.<\/p>\n<\/div>\n<\/div>\n<\/div>\n<\/div>\n<\/div>\n<div id=\"wlt_shortcode_related\" class=\"owl-carousel wlt_search_results grid_style owl-theme\">\n<div class=\"owl-wrapper-outer\">\n<div class=\"owl-wrapper\">\n<div class=\"owl-item\">\n<div class=\"itemdata icons itemid7039  item-7039 col-xs-12\">\n<div>\n<div>\n<div><\/div>\n<\/div>\n<div><\/div>\n<\/div>\n<div class=\"lotnum\" align=\"center\"><\/div>\n<\/div>\n<\/div>\n<\/div>\n<\/div>\n<\/div>\n","protected":false},"featured_media":8878,"comment_status":"closed","ping_status":"closed","template":"","meta":{"_exactmetrics_skip_tracking":false,"_exactmetrics_sitenote_active":false,"_exactmetrics_sitenote_note":"","_exactmetrics_sitenote_category":0,"_uf_show_specific_survey":0,"_uf_disable_surveys":false},"product_brand":[],"product_cat":[421],"product_tag":[659,510,345,658,537,656],"class_list":{"0":"post-8877","1":"product","2":"type-product","3":"status-publish","4":"has-post-thumbnail","6":"product_cat-sold-items","7":"product_tag-1884-1910","8":"product_tag-antique","9":"product_tag-france","10":"product_tag-makers-mark-of-henri-soufflot","11":"product_tag-paris","12":"product_tag-silver-serving-set-for-fish-950-silver","13":"product_shipping_class-small-item-0-500-g","15":"first","16":"outofstock","17":"sold-individually","18":"shipping-taxable","19":"product-type-simple"},"aioseo_notices":[],"_links":{"self":[{"href":"https:\/\/thebestantique.com\/et\/wp-json\/wp\/v2\/product\/8877","targetHints":{"allow":["GET"]}}],"collection":[{"href":"https:\/\/thebestantique.com\/et\/wp-json\/wp\/v2\/product"}],"about":[{"href":"https:\/\/thebestantique.com\/et\/wp-json\/wp\/v2\/types\/product"}],"replies":[{"embeddable":true,"href":"https:\/\/thebestantique.com\/et\/wp-json\/wp\/v2\/comments?post=8877"}],"wp:featuredmedia":[{"embeddable":true,"href":"https:\/\/thebestantique.com\/et\/wp-json\/wp\/v2\/media\/8878"}],"wp:attachment":[{"href":"https:\/\/thebestantique.com\/et\/wp-json\/wp\/v2\/media?parent=8877"}],"wp:term":[{"taxonomy":"product_brand","embeddable":true,"href":"https:\/\/thebestantique.com\/et\/wp-json\/wp\/v2\/product_brand?post=8877"},{"taxonomy":"product_cat","embeddable":true,"href":"https:\/\/thebestantique.com\/et\/wp-json\/wp\/v2\/product_cat?post=8877"},{"taxonomy":"product_tag","embeddable":true,"href":"https:\/\/thebestantique.com\/et\/wp-json\/wp\/v2\/product_tag?post=8877"}],"curies":[{"name":"wp","href":"https:\/\/api.w.org\/{rel}","templated":true}]}}