{"id":8388,"date":"2018-03-23T13:20:44","date_gmt":"2018-03-23T11:20:44","guid":{"rendered":"https:\/\/thebestantique.com\/?post_type=product&#038;p=8388"},"modified":"2021-01-12T12:56:32","modified_gmt":"2021-01-12T10:56:32","slug":"antique-french-silver-set-of-3-pieces-for-meat","status":"publish","type":"product","link":"https:\/\/thebestantique.com\/et\/product\/antique-french-silver-set-of-3-pieces-for-meat\/","title":{"rendered":"Prantsusmaa 3-osaline liha jaoks s\u00f6\u00f6giriistade komplekt"},"content":{"rendered":"<p><\/p>\n<div class=\"tab-content\">\n<div id=\"t1\" class=\"tab-pane active\">\n<div class=\"col-md-8\">\n<div class=\"core_post_content\">\n<p>Prantsusmaa 3-osaline liha jaoks s\u00f6\u00f6giriistade komplekt. H\u00f5be 950, terasest l\u00f5ike osa. Prantsusmaa, 19 sajandi teine pool.<\/p>\n<blockquote><p>Noa pikkus: 32 cm.<\/p>\n<p>Karp: 36.5 x 14.5 x 4 cm.<\/p><\/blockquote>\n<\/div>\n<\/div>\n<\/div>\n<\/div>\n<p><\/p>","protected":false},"excerpt":{"rendered":"<p class=\"qtranxs-available-languages-message qtranxs-available-languages-message-et\">Vabandame, see kanne on saadaval ainult %LANG : ja %.<\/p>\n","protected":false},"featured_media":12075,"comment_status":"closed","ping_status":"closed","template":"","meta":{"_exactmetrics_skip_tracking":false,"_exactmetrics_sitenote_active":false,"_exactmetrics_sitenote_note":"","_exactmetrics_sitenote_category":0,"_uf_show_specific_survey":0,"_uf_disable_surveys":false},"product_brand":[],"product_cat":[421],"product_tag":[1371,539,1368,1369,540,1370,1372],"class_list":{"0":"post-8388","1":"product","2":"type-product","3":"status-publish","4":"has-post-thumbnail","6":"product_cat-sold-items","7":"product_tag-19-sajandi-teine-pool","8":"product_tag-antique-french-silver-set-of-3-pieces-for-meat-in-a-original-box","9":"product_tag-french-3-piece-meat-serving-set","10":"product_tag-prantsusmaa-3-osaline-liha-jaoks-soogiriistade-komplekt-hobe-950","11":"product_tag-rare","12":"product_tag-terasest-loike-osa-prantsusmaa","13":"product_tag------3--","14":"product_shipping_class-average-item-500-1500-g","16":"first","17":"outofstock","18":"sold-individually","19":"shipping-taxable","20":"product-type-simple"},"aioseo_notices":[],"_links":{"self":[{"href":"https:\/\/thebestantique.com\/et\/wp-json\/wp\/v2\/product\/8388","targetHints":{"allow":["GET"]}}],"collection":[{"href":"https:\/\/thebestantique.com\/et\/wp-json\/wp\/v2\/product"}],"about":[{"href":"https:\/\/thebestantique.com\/et\/wp-json\/wp\/v2\/types\/product"}],"replies":[{"embeddable":true,"href":"https:\/\/thebestantique.com\/et\/wp-json\/wp\/v2\/comments?post=8388"}],"wp:featuredmedia":[{"embeddable":true,"href":"https:\/\/thebestantique.com\/et\/wp-json\/wp\/v2\/media\/12075"}],"wp:attachment":[{"href":"https:\/\/thebestantique.com\/et\/wp-json\/wp\/v2\/media?parent=8388"}],"wp:term":[{"taxonomy":"product_brand","embeddable":true,"href":"https:\/\/thebestantique.com\/et\/wp-json\/wp\/v2\/product_brand?post=8388"},{"taxonomy":"product_cat","embeddable":true,"href":"https:\/\/thebestantique.com\/et\/wp-json\/wp\/v2\/product_cat?post=8388"},{"taxonomy":"product_tag","embeddable":true,"href":"https:\/\/thebestantique.com\/et\/wp-json\/wp\/v2\/product_tag?post=8388"}],"curies":[{"name":"wp","href":"https:\/\/api.w.org\/{rel}","templated":true}]}}