{"id":7176,"date":"2017-10-18T16:25:20","date_gmt":"2017-10-18T13:25:20","guid":{"rendered":"http:\/\/thebestantique.com\/?post_type=product&#038;p=7176"},"modified":"2021-01-12T11:49:45","modified_gmt":"2021-01-12T09:49:45","slug":"antique-sterling-silver-%d1%81up-prize-2","status":"publish","type":"product","link":"https:\/\/thebestantique.com\/et\/product\/antique-sterling-silver-%d1%81up-prize-2\/","title":{"rendered":"V\u00e4ike h\u00f5be golfiklubi karikas"},"content":{"rendered":"<p><\/p>\n<div class=\"tab-content\">\n<div id=\"t1\" class=\"tab-pane active\">\n<div class=\"col-md-9\">\n<div>\n<div class=\"core_post_content\">\n<p>V\u00e4ike h\u00f5be golfiklubi karikas. Itaalia, h\u00f5be 800, kullatud. R. Miracoli, Milan, 20 sajandi esimene pool.<\/p>\n<blockquote><p>K\u00f5rgus: 6.5 cm.<\/p>\n<p>Kaal: 58 g.<\/p><\/blockquote>\n<\/div>\n<\/div>\n<\/div>\n<\/div>\n<\/div>\n<div id=\"wlt_shortcode_related\" class=\"owl-carousel wlt_search_results grid_style owl-theme\">\n<div class=\"owl-wrapper-outer\">\n<div class=\"owl-wrapper\">\n<div class=\"owl-item\">\n<div class=\"itemdata icons itemid29748  item-29748 col-xs-12\">\n<div>\n<div>\n<div><\/div>\n<\/div>\n<div><\/div>\n<\/div>\n<div class=\"lotnum\" align=\"center\"><\/div>\n<\/div>\n<\/div>\n<\/div>\n<\/div>\n<\/div>\n<p><\/p>","protected":false},"excerpt":{"rendered":"<p class=\"qtranxs-available-languages-message qtranxs-available-languages-message-et\">Vabandame, see kanne on saadaval ainult %LANG : ja %.<\/p>\n","protected":false},"featured_media":12328,"comment_status":"closed","ping_status":"closed","template":"","meta":{"_exactmetrics_skip_tracking":false,"_exactmetrics_sitenote_active":false,"_exactmetrics_sitenote_note":"","_exactmetrics_sitenote_category":0,"_uf_show_specific_survey":0,"_uf_disable_surveys":false},"product_brand":[],"product_cat":[421],"product_tag":[1477,1479,1478],"class_list":{"0":"post-7176","1":"product","2":"type-product","3":"status-publish","4":"has-post-thumbnail","6":"product_cat-sold-items","7":"product_tag-biella-golf-club-silver-goblet","8":"product_tag-vaike-hobe-golfiklubi-karikas","9":"product_tag-1478","10":"product_shipping_class-small-item-0-500-g","12":"first","13":"outofstock","14":"sold-individually","15":"shipping-taxable","16":"product-type-simple"},"aioseo_notices":[],"_links":{"self":[{"href":"https:\/\/thebestantique.com\/et\/wp-json\/wp\/v2\/product\/7176","targetHints":{"allow":["GET"]}}],"collection":[{"href":"https:\/\/thebestantique.com\/et\/wp-json\/wp\/v2\/product"}],"about":[{"href":"https:\/\/thebestantique.com\/et\/wp-json\/wp\/v2\/types\/product"}],"replies":[{"embeddable":true,"href":"https:\/\/thebestantique.com\/et\/wp-json\/wp\/v2\/comments?post=7176"}],"wp:featuredmedia":[{"embeddable":true,"href":"https:\/\/thebestantique.com\/et\/wp-json\/wp\/v2\/media\/12328"}],"wp:attachment":[{"href":"https:\/\/thebestantique.com\/et\/wp-json\/wp\/v2\/media?parent=7176"}],"wp:term":[{"taxonomy":"product_brand","embeddable":true,"href":"https:\/\/thebestantique.com\/et\/wp-json\/wp\/v2\/product_brand?post=7176"},{"taxonomy":"product_cat","embeddable":true,"href":"https:\/\/thebestantique.com\/et\/wp-json\/wp\/v2\/product_cat?post=7176"},{"taxonomy":"product_tag","embeddable":true,"href":"https:\/\/thebestantique.com\/et\/wp-json\/wp\/v2\/product_tag?post=7176"}],"curies":[{"name":"wp","href":"https:\/\/api.w.org\/{rel}","templated":true}]}}