{"id":7171,"date":"2017-10-18T16:16:23","date_gmt":"2017-10-18T13:16:23","guid":{"rendered":"http:\/\/thebestantique.com\/?post_type=product&#038;p=7171"},"modified":"2021-01-12T11:49:16","modified_gmt":"2021-01-12T09:49:16","slug":"antique-italy-sterling-silver-sugar-bowl-lid","status":"publish","type":"product","link":"https:\/\/thebestantique.com\/et\/product\/antique-italy-sterling-silver-sugar-bowl-lid\/","title":{"rendered":"V\u00e4ike h\u00f5be golfiklubi karikas"},"content":{"rendered":"<p><span data-sheets-value=\"{&quot;1&quot;:2,&quot;2&quot;:&quot;V\u00e4ike h\u00f5be golfiklubi karikas. Itaalia, h\u00f5be 800, kullatud. R. Miracoli, Milan, 20 sajandi esimene pool. K\u00f5rgus: 10.5 cm. Kaal: 127 g.&quot;}\" data-sheets-userformat=\"{&quot;2&quot;:13227,&quot;3&quot;:{&quot;1&quot;:0},&quot;4&quot;:[null,2,16777215],&quot;6&quot;:{&quot;1&quot;:[{&quot;1&quot;:2,&quot;2&quot;:0,&quot;5&quot;:[null,2,0]},{&quot;1&quot;:0,&quot;2&quot;:0,&quot;3&quot;:3},{&quot;1&quot;:1,&quot;2&quot;:0,&quot;4&quot;:1}]},&quot;8&quot;:{&quot;1&quot;:[{&quot;1&quot;:2,&quot;2&quot;:0,&quot;5&quot;:[null,2,0]},{&quot;1&quot;:0,&quot;2&quot;:0,&quot;3&quot;:3},{&quot;1&quot;:1,&quot;2&quot;:0,&quot;4&quot;:1}]},&quot;10&quot;:2,&quot;11&quot;:4,&quot;12&quot;:0,&quot;15&quot;:&quot;arial,sans,sans-serif&quot;,&quot;16&quot;:12}\">V\u00e4ike h\u00f5be golfiklubi karikas. Itaalia, h\u00f5be 800, kullatud. R. Miracoli, Milan, 20 sajandi esimene pool. <\/span><\/p>\n<blockquote><p><span data-sheets-value=\"{&quot;1&quot;:2,&quot;2&quot;:&quot;V\u00e4ike h\u00f5be golfiklubi karikas. Itaalia, h\u00f5be 800, kullatud. R. Miracoli, Milan, 20 sajandi esimene pool. K\u00f5rgus: 10.5 cm. Kaal: 127 g.&quot;}\" data-sheets-userformat=\"{&quot;2&quot;:13227,&quot;3&quot;:{&quot;1&quot;:0},&quot;4&quot;:[null,2,16777215],&quot;6&quot;:{&quot;1&quot;:[{&quot;1&quot;:2,&quot;2&quot;:0,&quot;5&quot;:[null,2,0]},{&quot;1&quot;:0,&quot;2&quot;:0,&quot;3&quot;:3},{&quot;1&quot;:1,&quot;2&quot;:0,&quot;4&quot;:1}]},&quot;8&quot;:{&quot;1&quot;:[{&quot;1&quot;:2,&quot;2&quot;:0,&quot;5&quot;:[null,2,0]},{&quot;1&quot;:0,&quot;2&quot;:0,&quot;3&quot;:3},{&quot;1&quot;:1,&quot;2&quot;:0,&quot;4&quot;:1}]},&quot;10&quot;:2,&quot;11&quot;:4,&quot;12&quot;:0,&quot;15&quot;:&quot;arial,sans,sans-serif&quot;,&quot;16&quot;:12}\">K\u00f5rgus: 10.5 cm. <\/span><\/p>\n<p><span data-sheets-value=\"{&quot;1&quot;:2,&quot;2&quot;:&quot;V\u00e4ike h\u00f5be golfiklubi karikas. Itaalia, h\u00f5be 800, kullatud. R. Miracoli, Milan, 20 sajandi esimene pool. K\u00f5rgus: 10.5 cm. Kaal: 127 g.&quot;}\" data-sheets-userformat=\"{&quot;2&quot;:13227,&quot;3&quot;:{&quot;1&quot;:0},&quot;4&quot;:[null,2,16777215],&quot;6&quot;:{&quot;1&quot;:[{&quot;1&quot;:2,&quot;2&quot;:0,&quot;5&quot;:[null,2,0]},{&quot;1&quot;:0,&quot;2&quot;:0,&quot;3&quot;:3},{&quot;1&quot;:1,&quot;2&quot;:0,&quot;4&quot;:1}]},&quot;8&quot;:{&quot;1&quot;:[{&quot;1&quot;:2,&quot;2&quot;:0,&quot;5&quot;:[null,2,0]},{&quot;1&quot;:0,&quot;2&quot;:0,&quot;3&quot;:3},{&quot;1&quot;:1,&quot;2&quot;:0,&quot;4&quot;:1}]},&quot;10&quot;:2,&quot;11&quot;:4,&quot;12&quot;:0,&quot;15&quot;:&quot;arial,sans,sans-serif&quot;,&quot;16&quot;:12}\">Kaal: 127 g.<\/span><\/p><\/blockquote>\n<p><\/p>","protected":false},"excerpt":{"rendered":"<p class=\"qtranxs-available-languages-message qtranxs-available-languages-message-et\">Vabandame, see kanne on saadaval ainult %LANG : ja %.<\/p>\n","protected":false},"featured_media":12339,"comment_status":"closed","ping_status":"closed","template":"","meta":{"_exactmetrics_skip_tracking":false,"_exactmetrics_sitenote_active":false,"_exactmetrics_sitenote_note":"","_exactmetrics_sitenote_category":0,"_uf_show_specific_survey":0,"_uf_disable_surveys":false},"product_brand":[],"product_cat":[421],"product_tag":[398,1477,1479,1481,1480,1482,1478,1096],"class_list":{"0":"post-7171","1":"product","2":"type-product","3":"status-publish","4":"has-post-thumbnail","6":"product_cat-sold-items","7":"product_tag-antique-italy-sterling-silver-sugar-bowl-with-the-lid","8":"product_tag-biella-golf-club-silver-goblet","9":"product_tag-vaike-hobe-golfiklubi-karikas","10":"product_tag------r-mir","11":"product_tag---800--","12":"product_tag-1482","13":"product_tag-1478","14":"product_tag---20--","15":"product_shipping_class-small-item-0-500-g","17":"first","18":"outofstock","19":"sold-individually","20":"shipping-taxable","21":"product-type-simple"},"aioseo_notices":[],"_links":{"self":[{"href":"https:\/\/thebestantique.com\/et\/wp-json\/wp\/v2\/product\/7171","targetHints":{"allow":["GET"]}}],"collection":[{"href":"https:\/\/thebestantique.com\/et\/wp-json\/wp\/v2\/product"}],"about":[{"href":"https:\/\/thebestantique.com\/et\/wp-json\/wp\/v2\/types\/product"}],"replies":[{"embeddable":true,"href":"https:\/\/thebestantique.com\/et\/wp-json\/wp\/v2\/comments?post=7171"}],"wp:featuredmedia":[{"embeddable":true,"href":"https:\/\/thebestantique.com\/et\/wp-json\/wp\/v2\/media\/12339"}],"wp:attachment":[{"href":"https:\/\/thebestantique.com\/et\/wp-json\/wp\/v2\/media?parent=7171"}],"wp:term":[{"taxonomy":"product_brand","embeddable":true,"href":"https:\/\/thebestantique.com\/et\/wp-json\/wp\/v2\/product_brand?post=7171"},{"taxonomy":"product_cat","embeddable":true,"href":"https:\/\/thebestantique.com\/et\/wp-json\/wp\/v2\/product_cat?post=7171"},{"taxonomy":"product_tag","embeddable":true,"href":"https:\/\/thebestantique.com\/et\/wp-json\/wp\/v2\/product_tag?post=7171"}],"curies":[{"name":"wp","href":"https:\/\/api.w.org\/{rel}","templated":true}]}}