{"id":6939,"date":"2017-06-09T11:55:46","date_gmt":"2017-06-09T08:55:46","guid":{"rendered":"http:\/\/thebestantique.com\/?post_type=product&#038;p=6939"},"modified":"2019-03-18T11:20:59","modified_gmt":"2019-03-18T09:20:59","slug":"russian-silver-gilt-niello-tankard-moscow-kremlin","status":"publish","type":"product","link":"https:\/\/thebestantique.com\/et\/product\/russian-silver-gilt-niello-tankard-moscow-kremlin\/","title":{"rendered":"Vene h\u00f5be Moskva vaatega \u00f5llekruus"},"content":{"rendered":"<p>Vene h\u00f5be Moskva vaatega \u00f5llekruus. H\u00f5be, niello tehnika, kullatud, graveeringuga. Moskva, 1868.<\/p>\n<blockquote><p>&nbsp;<\/p>\n<p>K\u00f5rgus: 12.5 cm.<\/p>\n<p>Kaal: 485 g.<\/p><\/blockquote>\n<p><\/p>","protected":false},"excerpt":{"rendered":"<p class=\"qtranxs-available-languages-message qtranxs-available-languages-message-et\">Vabandame, see kanne on saadaval ainult %LANG : ja %.<\/p>\n","protected":false},"featured_media":6865,"comment_status":"closed","ping_status":"closed","template":"","meta":{"_exactmetrics_skip_tracking":false,"_exactmetrics_sitenote_active":false,"_exactmetrics_sitenote_note":"","_exactmetrics_sitenote_category":0,"_uf_show_specific_survey":0,"_uf_disable_surveys":false},"product_brand":[],"product_cat":[421],"product_tag":[375],"class_list":{"0":"post-6939","1":"product","2":"type-product","3":"status-publish","4":"has-post-thumbnail","6":"product_cat-sold-items","7":"product_tag-russian-silver-gilt-and-niello-tankard-with-moscow-kremlin","8":"product_shipping_class-small-item-0-500-g","10":"first","11":"outofstock","12":"shipping-taxable","13":"product-type-simple"},"aioseo_notices":[],"_links":{"self":[{"href":"https:\/\/thebestantique.com\/et\/wp-json\/wp\/v2\/product\/6939","targetHints":{"allow":["GET"]}}],"collection":[{"href":"https:\/\/thebestantique.com\/et\/wp-json\/wp\/v2\/product"}],"about":[{"href":"https:\/\/thebestantique.com\/et\/wp-json\/wp\/v2\/types\/product"}],"replies":[{"embeddable":true,"href":"https:\/\/thebestantique.com\/et\/wp-json\/wp\/v2\/comments?post=6939"}],"wp:featuredmedia":[{"embeddable":true,"href":"https:\/\/thebestantique.com\/et\/wp-json\/wp\/v2\/media\/6865"}],"wp:attachment":[{"href":"https:\/\/thebestantique.com\/et\/wp-json\/wp\/v2\/media?parent=6939"}],"wp:term":[{"taxonomy":"product_brand","embeddable":true,"href":"https:\/\/thebestantique.com\/et\/wp-json\/wp\/v2\/product_brand?post=6939"},{"taxonomy":"product_cat","embeddable":true,"href":"https:\/\/thebestantique.com\/et\/wp-json\/wp\/v2\/product_cat?post=6939"},{"taxonomy":"product_tag","embeddable":true,"href":"https:\/\/thebestantique.com\/et\/wp-json\/wp\/v2\/product_tag?post=6939"}],"curies":[{"name":"wp","href":"https:\/\/api.w.org\/{rel}","templated":true}]}}