{"id":6725,"date":"2017-06-08T14:44:03","date_gmt":"2017-06-08T11:44:03","guid":{"rendered":"http:\/\/thebestantique.com\/?post_type=product&#038;p=6725"},"modified":"2024-08-22T14:37:54","modified_gmt":"2024-08-22T12:37:54","slug":"painting-children-sea","status":"publish","type":"product","link":"https:\/\/thebestantique.com\/et\/product\/painting-children-sea\/","title":{"rendered":"\u00d5limaal \u201cLapsed merel\u201d Boris Ninem\u00e4e"},"content":{"rendered":"<p><span style=\"display: inline !important; float: none; background-color: transparent; color: #888888; font-family: 'Open Sans',Helvetica,Arial,Verdana,sans-serif; font-size: 14px; font-style: normal; font-variant: normal; font-weight: 400; letter-spacing: normal; orphans: 2; text-align: left; text-decoration: none; text-indent: 0px; text-transform: none; -webkit-text-stroke-width: 0px; white-space: normal; word-spacing: 0px;\">Boris Ninem\u00e4e (Niinem\u00e4e 1925-1991). Ninem\u00e4e t\u00f6id leidub mitmes v\u00e4lismaa muuseumis. Kunstnik maalis suure armastusega Eesti elust v\u00f5etud motiive, mis kujutasid lihtsate inimesteigap\u00e4eva t\u00f6id ja tegemisi ning puhkehetki.<\/span><\/p>\n<p>\u00d5limaal \u201cLapsed merel\u201d. \u00d5li l\u00f5uendil. Signeeritud.<\/p>\n<p>M\u00f5\u00f5dud ilma raamita: 22 x 27 cm.<\/p>","protected":false},"excerpt":{"rendered":"<p>\u00d5limaal \u201cLapsed merel\u201d. \u00d5li l\u00f5uendil. Signeeritud.<\/p>\n<p>M\u00f5\u00f5dud ilma raamita: 22 x 27 cm. B<\/p>\n","protected":false},"featured_media":6613,"comment_status":"closed","ping_status":"closed","template":"","meta":{"_exactmetrics_skip_tracking":false,"_exactmetrics_sitenote_active":false,"_exactmetrics_sitenote_note":"","_exactmetrics_sitenote_category":0,"_uf_show_specific_survey":0,"_uf_disable_surveys":false},"product_brand":[],"product_cat":[421],"product_tag":[1610,1611,334],"class_list":{"0":"post-6725","1":"product","2":"type-product","3":"status-publish","4":"has-post-thumbnail","6":"product_cat-sold-items","7":"product_tag-boris-ninemae-niinemae-1925-1991-ninemae-toid-leidub-mitmes-valismaa-muuseumis-kunstnik-maalis-suure-armastusega-eesti-elust-voetud-motiive","8":"product_tag-mis-kujutasid-lihtsate-inimesteigapaeva-toid-ja-tegemisi-ning-puhkehetki","9":"product_tag-painting-the-children-and-the-sea","11":"first","12":"outofstock","13":"sale","14":"sold-individually","15":"shipping-taxable","16":"purchasable","17":"product-type-simple"},"aioseo_notices":[],"_links":{"self":[{"href":"https:\/\/thebestantique.com\/et\/wp-json\/wp\/v2\/product\/6725","targetHints":{"allow":["GET"]}}],"collection":[{"href":"https:\/\/thebestantique.com\/et\/wp-json\/wp\/v2\/product"}],"about":[{"href":"https:\/\/thebestantique.com\/et\/wp-json\/wp\/v2\/types\/product"}],"replies":[{"embeddable":true,"href":"https:\/\/thebestantique.com\/et\/wp-json\/wp\/v2\/comments?post=6725"}],"wp:featuredmedia":[{"embeddable":true,"href":"https:\/\/thebestantique.com\/et\/wp-json\/wp\/v2\/media\/6613"}],"wp:attachment":[{"href":"https:\/\/thebestantique.com\/et\/wp-json\/wp\/v2\/media?parent=6725"}],"wp:term":[{"taxonomy":"product_brand","embeddable":true,"href":"https:\/\/thebestantique.com\/et\/wp-json\/wp\/v2\/product_brand?post=6725"},{"taxonomy":"product_cat","embeddable":true,"href":"https:\/\/thebestantique.com\/et\/wp-json\/wp\/v2\/product_cat?post=6725"},{"taxonomy":"product_tag","embeddable":true,"href":"https:\/\/thebestantique.com\/et\/wp-json\/wp\/v2\/product_tag?post=6725"}],"curies":[{"name":"wp","href":"https:\/\/api.w.org\/{rel}","templated":true}]}}