{"id":5466,"date":"2017-01-26T14:38:58","date_gmt":"2017-01-26T11:38:58","guid":{"rendered":"http:\/\/thebestantique.com\/?post_type=product&#038;p=5466"},"modified":"2019-10-18T13:36:56","modified_gmt":"2019-10-18T11:36:56","slug":"french-silver-cup-saucer","status":"publish","type":"product","link":"https:\/\/thebestantique.com\/et\/product\/french-silver-cup-saucer\/","title":{"rendered":"Prantsusmaa h\u00f5be tass alustassiga"},"content":{"rendered":"<p>Prantsusmaa h\u00f5be tass alustassiga. H\u00f5be 950, graveeringuga. Ernest Compere, 1868-1888.<\/p>\n<blockquote><p>Tassi k\u00f5rgus: 4 cm.<\/p>\n<p>Alustassi diameeter: 9 cm.<\/p>\n<p>\u00dcldkaal: 76 g.<\/p><\/blockquote>\n<p><\/p>","protected":false},"excerpt":{"rendered":"<p class=\"qtranxs-available-languages-message qtranxs-available-languages-message-et\">Vabandame, see kanne on saadaval ainult %LANG : ja %.<\/p>\n","protected":false},"featured_media":5446,"comment_status":"closed","ping_status":"closed","template":"","meta":{"_exactmetrics_skip_tracking":false,"_exactmetrics_sitenote_active":false,"_exactmetrics_sitenote_note":"","_exactmetrics_sitenote_category":0,"_uf_show_specific_survey":0,"_uf_disable_surveys":false},"product_brand":[],"product_cat":[421],"product_tag":[1486,1487],"class_list":{"0":"post-5466","1":"product","2":"type-product","3":"status-publish","4":"has-post-thumbnail","6":"product_cat-sold-items","7":"product_tag-prantsusmaa-hobe-tass-alustassiga","8":"product_tag-1487","9":"product_shipping_class-small-item-0-500-g","11":"first","12":"outofstock","13":"shipping-taxable","14":"product-type-simple"},"aioseo_notices":[],"_links":{"self":[{"href":"https:\/\/thebestantique.com\/et\/wp-json\/wp\/v2\/product\/5466","targetHints":{"allow":["GET"]}}],"collection":[{"href":"https:\/\/thebestantique.com\/et\/wp-json\/wp\/v2\/product"}],"about":[{"href":"https:\/\/thebestantique.com\/et\/wp-json\/wp\/v2\/types\/product"}],"replies":[{"embeddable":true,"href":"https:\/\/thebestantique.com\/et\/wp-json\/wp\/v2\/comments?post=5466"}],"wp:featuredmedia":[{"embeddable":true,"href":"https:\/\/thebestantique.com\/et\/wp-json\/wp\/v2\/media\/5446"}],"wp:attachment":[{"href":"https:\/\/thebestantique.com\/et\/wp-json\/wp\/v2\/media?parent=5466"}],"wp:term":[{"taxonomy":"product_brand","embeddable":true,"href":"https:\/\/thebestantique.com\/et\/wp-json\/wp\/v2\/product_brand?post=5466"},{"taxonomy":"product_cat","embeddable":true,"href":"https:\/\/thebestantique.com\/et\/wp-json\/wp\/v2\/product_cat?post=5466"},{"taxonomy":"product_tag","embeddable":true,"href":"https:\/\/thebestantique.com\/et\/wp-json\/wp\/v2\/product_tag?post=5466"}],"curies":[{"name":"wp","href":"https:\/\/api.w.org\/{rel}","templated":true}]}}