{"id":5408,"date":"2017-01-26T14:30:48","date_gmt":"2017-01-26T11:30:48","guid":{"rendered":"http:\/\/thebestantique.com\/?post_type=product&#038;p=5408"},"modified":"2019-03-14T14:54:30","modified_gmt":"2019-03-14T12:54:30","slug":"antique-russian-silver-cup-saucer","status":"publish","type":"product","link":"https:\/\/thebestantique.com\/et\/product\/antique-russian-silver-cup-saucer\/","title":{"rendered":"Vene h\u00f5be tass alustassiga"},"content":{"rendered":"<p>Vene h\u00f5be tass alustassiga.<\/p>\n<p>84 proov &#8220;zolotnik&#8221;, Moskva, 1896.<\/p>\n<blockquote><p>Taldriku l\u00e4bim\u00f5\u00f5t: 11 cm.<br \/>\nTassi k\u00f5rgus: 4 cm.<br \/>\nKaal kokku: 100 g.<\/p><\/blockquote>\n<p><\/p>","protected":false},"excerpt":{"rendered":"<p class=\"qtranxs-available-languages-message qtranxs-available-languages-message-et\">Vabandame, see kanne on saadaval ainult %LANG : ja %.<\/p>\n","protected":false},"featured_media":5416,"comment_status":"closed","ping_status":"closed","template":"","meta":{"_exactmetrics_skip_tracking":false,"_exactmetrics_sitenote_active":false,"_exactmetrics_sitenote_note":"","_exactmetrics_sitenote_category":0,"_uf_show_specific_survey":0,"_uf_disable_surveys":false},"product_brand":[],"product_cat":[421],"product_tag":[892,947],"class_list":{"0":"post-5408","1":"product","2":"type-product","3":"status-publish","4":"has-post-thumbnail","6":"product_cat-sold-items","7":"product_tag-engravings","8":"product_tag-russian-silver-coffee-cup-with-saucer-84-silver-zolotnik-mark","9":"product_shipping_class-small-item-0-500-g","11":"first","12":"outofstock","13":"shipping-taxable","14":"purchasable","15":"product-type-simple"},"aioseo_notices":[],"_links":{"self":[{"href":"https:\/\/thebestantique.com\/et\/wp-json\/wp\/v2\/product\/5408","targetHints":{"allow":["GET"]}}],"collection":[{"href":"https:\/\/thebestantique.com\/et\/wp-json\/wp\/v2\/product"}],"about":[{"href":"https:\/\/thebestantique.com\/et\/wp-json\/wp\/v2\/types\/product"}],"replies":[{"embeddable":true,"href":"https:\/\/thebestantique.com\/et\/wp-json\/wp\/v2\/comments?post=5408"}],"wp:featuredmedia":[{"embeddable":true,"href":"https:\/\/thebestantique.com\/et\/wp-json\/wp\/v2\/media\/5416"}],"wp:attachment":[{"href":"https:\/\/thebestantique.com\/et\/wp-json\/wp\/v2\/media?parent=5408"}],"wp:term":[{"taxonomy":"product_brand","embeddable":true,"href":"https:\/\/thebestantique.com\/et\/wp-json\/wp\/v2\/product_brand?post=5408"},{"taxonomy":"product_cat","embeddable":true,"href":"https:\/\/thebestantique.com\/et\/wp-json\/wp\/v2\/product_cat?post=5408"},{"taxonomy":"product_tag","embeddable":true,"href":"https:\/\/thebestantique.com\/et\/wp-json\/wp\/v2\/product_tag?post=5408"}],"curies":[{"name":"wp","href":"https:\/\/api.w.org\/{rel}","templated":true}]}}