{"id":4794,"date":"2016-11-01T13:51:43","date_gmt":"2016-11-01T10:51:43","guid":{"rendered":"http:\/\/thebestantique.com\/?post_type=product&#038;p=4794"},"modified":"2024-05-01T19:38:21","modified_gmt":"2024-05-01T17:38:21","slug":"m-1824-swedish-navy-officers-sword","status":"publish","type":"product","link":"https:\/\/thebestantique.com\/et\/product\/m-1824-swedish-navy-officers-sword\/","title":{"rendered":"M-1824\u00a0Rootsi merev\u00e4eohvitseri m\u00f5\u00f5k"},"content":{"rendered":"<p>M-1824\u00a0Rootsi merev\u00e4eohvitseri m\u00f5\u00f5k.<\/p>\n<p>Metallikunsti tehnika (sinine v\u00e4rv terasel), kullatud.<\/p>\n<hr \/>\n<blockquote>\n<ul>\n<li>Pikkus: 81.5 cm<\/li>\n<\/ul>\n<\/blockquote>\n<p><\/p>","protected":false},"excerpt":{"rendered":"<p class=\"qtranxs-available-languages-message qtranxs-available-languages-message-et\">Vabandame, see kanne on saadaval ainult %LANG : ja %.<\/p>\n","protected":false},"featured_media":4802,"comment_status":"closed","ping_status":"closed","template":"","meta":{"_exactmetrics_skip_tracking":false,"_exactmetrics_sitenote_active":false,"_exactmetrics_sitenote_note":"","_exactmetrics_sitenote_category":0,"_uf_show_specific_survey":0,"_uf_disable_surveys":false},"product_brand":[],"product_cat":[421],"product_tag":[1638,1637,1076,1639,1635,1636,93],"class_list":{"0":"post-4794","1":"product","2":"type-product","3":"status-publish","4":"has-post-thumbnail","6":"product_cat-sold-items","7":"product_tag-blued-and-gilded-blade","8":"product_tag-dolphin-style-handle","9":"product_tag-kullatud","10":"product_tag-m-1824-swedish-navy-officers-sword","11":"product_tag-m-1824-rootsi-merevaeohvitseri-mook","12":"product_tag-metallikunsti-tehnika-sinine-varv-terasel","13":"product_tag-swedish-swords","14":"product_shipping_class-big-item-1500-3000-g","16":"first","17":"outofstock","18":"sold-individually","19":"shipping-taxable","20":"product-type-simple"},"aioseo_notices":[],"_links":{"self":[{"href":"https:\/\/thebestantique.com\/et\/wp-json\/wp\/v2\/product\/4794","targetHints":{"allow":["GET"]}}],"collection":[{"href":"https:\/\/thebestantique.com\/et\/wp-json\/wp\/v2\/product"}],"about":[{"href":"https:\/\/thebestantique.com\/et\/wp-json\/wp\/v2\/types\/product"}],"replies":[{"embeddable":true,"href":"https:\/\/thebestantique.com\/et\/wp-json\/wp\/v2\/comments?post=4794"}],"wp:featuredmedia":[{"embeddable":true,"href":"https:\/\/thebestantique.com\/et\/wp-json\/wp\/v2\/media\/4802"}],"wp:attachment":[{"href":"https:\/\/thebestantique.com\/et\/wp-json\/wp\/v2\/media?parent=4794"}],"wp:term":[{"taxonomy":"product_brand","embeddable":true,"href":"https:\/\/thebestantique.com\/et\/wp-json\/wp\/v2\/product_brand?post=4794"},{"taxonomy":"product_cat","embeddable":true,"href":"https:\/\/thebestantique.com\/et\/wp-json\/wp\/v2\/product_cat?post=4794"},{"taxonomy":"product_tag","embeddable":true,"href":"https:\/\/thebestantique.com\/et\/wp-json\/wp\/v2\/product_tag?post=4794"}],"curies":[{"name":"wp","href":"https:\/\/api.w.org\/{rel}","templated":true}]}}