{"id":3787,"date":"2016-08-22T14:36:24","date_gmt":"2016-08-22T14:36:24","guid":{"rendered":"http:\/\/thebestantique.com\/?post_type=product&#038;p=3787"},"modified":"2021-01-12T12:37:39","modified_gmt":"2021-01-12T10:37:39","slug":"russian-silver-handled-chalice","status":"publish","type":"product","link":"https:\/\/thebestantique.com\/et\/product\/russian-silver-handled-chalice\/","title":{"rendered":"Vene h\u00f5be karikas"},"content":{"rendered":"<p>Vene h\u00f5be karikas.<\/p>\n<p>Meister: Itska Lozinsky.<\/p>\n<p>Venemaa ja poola\u00a0 h\u00f5beda proovid 84 (.875), Moskva, 1892 &#8211; 1908.<\/p>\n<p>L\u00e4bim\u00f5\u00f5t: 10 cm.<br \/>\nK\u00f5rgus: 9.5 cm.<br \/>\nKaal: 150.5 g.<\/p>","protected":false},"excerpt":{"rendered":"<p class=\"qtranxs-available-languages-message qtranxs-available-languages-message-et\">Vabandame, see kanne on saadaval ainult %LANG : ja %.<\/p>\n","protected":false},"featured_media":3729,"comment_status":"closed","ping_status":"closed","template":"","meta":{"_exactmetrics_skip_tracking":false,"_exactmetrics_sitenote_active":false,"_exactmetrics_sitenote_note":"","_exactmetrics_sitenote_category":0,"_uf_show_specific_survey":0,"_uf_disable_surveys":false},"product_brand":[],"product_cat":[421],"product_tag":[164,237],"class_list":{"0":"post-3787","1":"product","2":"type-product","3":"status-publish","4":"has-post-thumbnail","6":"product_cat-sold-items","7":"product_tag-russian-silver","8":"product_tag-silver-chalices","9":"product_shipping_class-small-item-0-500-g","11":"first","12":"outofstock","13":"sold-individually","14":"shipping-taxable","15":"product-type-simple"},"aioseo_notices":[],"_links":{"self":[{"href":"https:\/\/thebestantique.com\/et\/wp-json\/wp\/v2\/product\/3787","targetHints":{"allow":["GET"]}}],"collection":[{"href":"https:\/\/thebestantique.com\/et\/wp-json\/wp\/v2\/product"}],"about":[{"href":"https:\/\/thebestantique.com\/et\/wp-json\/wp\/v2\/types\/product"}],"replies":[{"embeddable":true,"href":"https:\/\/thebestantique.com\/et\/wp-json\/wp\/v2\/comments?post=3787"}],"wp:featuredmedia":[{"embeddable":true,"href":"https:\/\/thebestantique.com\/et\/wp-json\/wp\/v2\/media\/3729"}],"wp:attachment":[{"href":"https:\/\/thebestantique.com\/et\/wp-json\/wp\/v2\/media?parent=3787"}],"wp:term":[{"taxonomy":"product_brand","embeddable":true,"href":"https:\/\/thebestantique.com\/et\/wp-json\/wp\/v2\/product_brand?post=3787"},{"taxonomy":"product_cat","embeddable":true,"href":"https:\/\/thebestantique.com\/et\/wp-json\/wp\/v2\/product_cat?post=3787"},{"taxonomy":"product_tag","embeddable":true,"href":"https:\/\/thebestantique.com\/et\/wp-json\/wp\/v2\/product_tag?post=3787"}],"curies":[{"name":"wp","href":"https:\/\/api.w.org\/{rel}","templated":true}]}}