{"id":18342,"date":"2026-02-16T13:07:31","date_gmt":"2026-02-16T11:07:31","guid":{"rendered":"https:\/\/thebestantique.com\/?post_type=product&#038;p=18342"},"modified":"2026-02-16T13:07:31","modified_gmt":"2026-02-16T11:07:31","slug":"19th-century-japanese-hachiwari-skull-splitter-or-helmet-splitter","status":"publish","type":"product","link":"https:\/\/thebestantique.com\/et\/product\/19th-century-japanese-hachiwari-skull-splitter-or-helmet-splitter\/","title":{"rendered":"19. sajandi Jaapani hachiwari (\u201ekoljul\u00f5hkuja\u201d \/ \u201ekiivripurustaja\u201d)"},"content":{"rendered":"<p><\/p>\n<p data-start=\"761\" data-end=\"1242\"><strong data-start=\"761\" data-end=\"791\">19. sajandi hachiwari (\u9262\u5272)<\/strong> (jaapani \u201ekoljul\u00f5hkuja\u201d v\u00f5i <strong data-start=\"820\" data-end=\"834\">kabutowari<\/strong> \u515c\u5272)<br data-start=\"838\" data-end=\"841\" \/>Jaapan, 19. sajand<br data-start=\"859\" data-end=\"862\" \/>See haruldane hachiwari (\u9262\u5272), tuntud ka kui \u201ekoljul\u00f5hkuja\u201d v\u00f5i kabutowari (\u515c\u5272), on Jaapani relvat\u00fc\u00fcp, mida ajalooliselt kandsid samuraid ning mida kasutati muu hulgas vastase m\u00f5\u00f5ga t\u00f5rjumiseks\/haaramiseks. Tera on signeeritud m\u00f5lemalt poolt, mis lisab autentsust ja ajaloolist v\u00e4\u00e4rtust. Relval on kaunid h\u00f5bedased kinnitused\/kaunistused, mis n\u00e4itavad ajastu meisterlikku teostust.<\/p>\n<blockquote>\n<p data-start=\"1244\" data-end=\"1344\"><strong data-start=\"1244\" data-end=\"1267\">Kogupikkus (tupes):<\/strong> 55,4 cm<br data-start=\"1275\" data-end=\"1278\" \/><strong data-start=\"1278\" data-end=\"1307\">Kogupikkus (ilma tupeta):<\/strong> 54,5 cm<br data-start=\"1315\" data-end=\"1318\" \/><strong data-start=\"1318\" data-end=\"1334\">Tera pikkus:<\/strong> 39,8 cm<\/p>\n<\/blockquote>\n<p><\/p>","protected":false},"excerpt":{"rendered":"<p>19. sajandi Jaapani hachiwari (\u201ekoljul\u00f5hkuja\u201d \/ \u201ekiivripurustaja\u201d)<\/p>\n","protected":false},"featured_media":18344,"comment_status":"closed","ping_status":"closed","template":"","meta":{"_exactmetrics_skip_tracking":false,"_exactmetrics_sitenote_active":false,"_exactmetrics_sitenote_note":"","_exactmetrics_sitenote_category":0,"_uf_show_specific_survey":0,"_uf_disable_surveys":false},"product_brand":[],"product_cat":[36,252],"product_tag":[],"class_list":{"0":"post-18342","1":"product","2":"type-product","3":"status-publish","4":"has-post-thumbnail","6":"product_cat-daggers","7":"product_cat-japanese-swords","8":"product_shipping_class-average-item-500-1500-g","10":"first","11":"instock","12":"shipping-taxable","13":"purchasable","14":"product-type-simple"},"aioseo_notices":[],"_links":{"self":[{"href":"https:\/\/thebestantique.com\/et\/wp-json\/wp\/v2\/product\/18342","targetHints":{"allow":["GET"]}}],"collection":[{"href":"https:\/\/thebestantique.com\/et\/wp-json\/wp\/v2\/product"}],"about":[{"href":"https:\/\/thebestantique.com\/et\/wp-json\/wp\/v2\/types\/product"}],"replies":[{"embeddable":true,"href":"https:\/\/thebestantique.com\/et\/wp-json\/wp\/v2\/comments?post=18342"}],"wp:featuredmedia":[{"embeddable":true,"href":"https:\/\/thebestantique.com\/et\/wp-json\/wp\/v2\/media\/18344"}],"wp:attachment":[{"href":"https:\/\/thebestantique.com\/et\/wp-json\/wp\/v2\/media?parent=18342"}],"wp:term":[{"taxonomy":"product_brand","embeddable":true,"href":"https:\/\/thebestantique.com\/et\/wp-json\/wp\/v2\/product_brand?post=18342"},{"taxonomy":"product_cat","embeddable":true,"href":"https:\/\/thebestantique.com\/et\/wp-json\/wp\/v2\/product_cat?post=18342"},{"taxonomy":"product_tag","embeddable":true,"href":"https:\/\/thebestantique.com\/et\/wp-json\/wp\/v2\/product_tag?post=18342"}],"curies":[{"name":"wp","href":"https:\/\/api.w.org\/{rel}","templated":true}]}}