{"id":18330,"date":"2026-02-10T14:18:30","date_gmt":"2026-02-10T12:18:30","guid":{"rendered":"https:\/\/thebestantique.com\/?post_type=product&#038;p=18330"},"modified":"2026-02-10T14:34:43","modified_gmt":"2026-02-10T12:34:43","slug":"collectible-double-sided-ussr-flag-with-coat-of-arms-and-lenin-portrait-1956","status":"publish","type":"product","link":"https:\/\/thebestantique.com\/et\/product\/collectible-double-sided-ussr-flag-with-coat-of-arms-and-lenin-portrait-1956\/","title":{"rendered":"Hiigelsuur kollektsioneeritav kahepoolne NSVL lipp vapiga ja Lenini portreega (1956)"},"content":{"rendered":"<p><\/p>\n<p data-start=\"546\" data-end=\"659\">Kollektsioneeritav kahepoolne NSVL lipp vapiga ja Lenini portreega, siid, tikand (15 linti, 1956)<\/p>\n<p>Haruldane kahepoolne n\u00f5ukogude siidlipp tikitud NSVL vapiga ja V. I. Lenini kujutisega. Vapp on 15 lindiga (versioon, mida kasutati p\u00e4rast 1956. aastat). V\u00e4ike auk sametil, \u00fcldiselt heas seisukorras.<\/p>\n<blockquote><p>M\u00f5\u00f5dud: 130 \u00d7 165 cm<\/p><\/blockquote>\n<p><\/p>","protected":false},"excerpt":{"rendered":"<p data-start=\"288\" data-end=\"380\">\u201eMarksismi-leninismi lipu all, Kommunistliku Partei juhtimisel \u2014 edasi, kommunismi v\u00f5idule!\u201c<\/p>\n<h3 data-start=\"382\" data-end=\"392\"><\/h3>\n","protected":false},"featured_media":18332,"comment_status":"closed","ping_status":"closed","template":"","meta":{"_exactmetrics_skip_tracking":false,"_exactmetrics_sitenote_active":false,"_exactmetrics_sitenote_note":"","_exactmetrics_sitenote_category":0,"_uf_show_specific_survey":0,"_uf_disable_surveys":false},"product_brand":[],"product_cat":[291],"product_tag":[],"class_list":{"0":"post-18330","1":"product","2":"type-product","3":"status-publish","4":"has-post-thumbnail","6":"product_cat-other","7":"product_shipping_class-big-item-1500-3000-g","9":"first","10":"instock","11":"shipping-taxable","12":"purchasable","13":"product-type-simple"},"aioseo_notices":[],"_links":{"self":[{"href":"https:\/\/thebestantique.com\/et\/wp-json\/wp\/v2\/product\/18330","targetHints":{"allow":["GET"]}}],"collection":[{"href":"https:\/\/thebestantique.com\/et\/wp-json\/wp\/v2\/product"}],"about":[{"href":"https:\/\/thebestantique.com\/et\/wp-json\/wp\/v2\/types\/product"}],"replies":[{"embeddable":true,"href":"https:\/\/thebestantique.com\/et\/wp-json\/wp\/v2\/comments?post=18330"}],"wp:featuredmedia":[{"embeddable":true,"href":"https:\/\/thebestantique.com\/et\/wp-json\/wp\/v2\/media\/18332"}],"wp:attachment":[{"href":"https:\/\/thebestantique.com\/et\/wp-json\/wp\/v2\/media?parent=18330"}],"wp:term":[{"taxonomy":"product_brand","embeddable":true,"href":"https:\/\/thebestantique.com\/et\/wp-json\/wp\/v2\/product_brand?post=18330"},{"taxonomy":"product_cat","embeddable":true,"href":"https:\/\/thebestantique.com\/et\/wp-json\/wp\/v2\/product_cat?post=18330"},{"taxonomy":"product_tag","embeddable":true,"href":"https:\/\/thebestantique.com\/et\/wp-json\/wp\/v2\/product_tag?post=18330"}],"curies":[{"name":"wp","href":"https:\/\/api.w.org\/{rel}","templated":true}]}}