{"id":18302,"date":"2026-01-21T14:39:17","date_gmt":"2026-01-21T12:39:17","guid":{"rendered":"https:\/\/thebestantique.com\/?post_type=product&#038;p=18302"},"modified":"2026-01-21T14:45:30","modified_gmt":"2026-01-21T12:45:30","slug":"memorial-icon-of-saint-nicholas-nicholas-of-winter-in-a-silver-oklad-and-wooden-kiot-moscow-1896","status":"publish","type":"product","link":"https:\/\/thebestantique.com\/et\/product\/memorial-icon-of-saint-nicholas-nicholas-of-winter-in-a-silver-oklad-and-wooden-kiot-moscow-1896\/","title":{"rendered":"P\u00fcha Nikolai (Talve-Nikolai) m\u00e4lestusikoon h\u00f5beoklaadis ja puidust kioodis"},"content":{"rendered":"<p><\/p>\n<p data-path-to-node=\"17\">See P\u00fcha Nikolai Imetegija m\u00e4lestusikoon on maalitud \u00f5litehnikas puidule ning asetatud peenelt valmistatud kullatud h\u00f5bekattesse (riisasse) ja puidust kiooti (kaitse\u00fcmbrisesse). P\u00fcha Nikolai on \u00fcks Venemaa austatumaid p\u00fchakuid ja s\u00f5jav\u00e4e kaitsja. H\u00f5bekate, mille on valmistanud tuntud Moskva h\u00f5bedameister Antip Kuzmit\u0161ov, on suurep\u00e4rane n\u00e4ide 19. sajandi l\u00f5pu Vene metallikunstist. Kuzmit\u0161ovi t\u00f6\u00f6koda, asutatud 1856. aastal, oli kuulus koost\u00f6\u00f6 poolest Ameerika firmaga Tiffany &amp; Co., valmistades luksuslikke h\u00f5be- ja emailtooteid nii Vene kui ka rahvusvahelisele turule.<\/p>\n<p data-path-to-node=\"18\">Graveeritud p\u00fchendus seob ikooni Tema Keiserliku K\u00f5rguse Suurv\u00fcrstist Troonip\u00e4rija 89. Belomorski jalav\u00e4epolguga. Polku, mille ajalugu ulatub 18. sajandi algusesse, autasustati vapruse eest arvukates s\u00f5jak\u00e4ikudes. Selliseid ikoone kingiti sageli austuse ja m\u00e4lestuse m\u00e4rgiks, s\u00fcmboliseerides ohvitseride ja s\u00f5durite vahelist sidet. Antud juhul kingiti ikoon veltveebel Ivan Tapperile tema komand\u00f6ri ja kaasv\u00f5itlejate poolt 1900. aastal Tallinnas (Revalis).<\/p>\n<h3 data-path-to-node=\"20\"><\/h3>\n<p><\/p>","protected":false},"excerpt":{"rendered":"<p data-path-to-node=\"15\">P\u00fcha Nikolai (Talve-Nikolai) m\u00e4lestusikoon h\u00f5beoklaadi ja puidust kioodis<\/p>\n<p>Moskva, 1896 Puit, \u00f5limaal, h\u00f5bekate (oklad) Antip Kuzmit\u0161ovi t\u00f6\u00f6koda<\/p>\n<p>M\u00f5\u00f5dud: Kiood koos harjaga: 35 \u00d7 25,7 \u00d7 7,8 cm. Ikoon: 18 \u00d7 14,7 \u00d7 2,5 cm.<\/p>\n<p data-path-to-node=\"16\">P\u00fchendusplaadi tekst: \u201e89. Belomorski jalav\u00e4epolgu 10. roodu veltveeblile Ivan Tapperile m\u00e4lestuseks roodukomand\u00f6rilt kapten Hidlevskilt ja roodu alamv\u00e4elastelt. Tallinna (Revali) linn, 1900.\u201c<\/p>\n<h3 data-path-to-node=\"20\"><\/h3>\n","protected":false},"featured_media":18300,"comment_status":"closed","ping_status":"closed","template":"","meta":{"_exactmetrics_skip_tracking":false,"_exactmetrics_sitenote_active":false,"_exactmetrics_sitenote_note":"","_exactmetrics_sitenote_category":0,"_uf_show_specific_survey":0,"_uf_disable_surveys":false},"product_brand":[],"product_cat":[13],"product_tag":[],"class_list":{"0":"post-18302","1":"product","2":"type-product","3":"status-publish","4":"has-post-thumbnail","6":"product_cat-icons","7":"product_shipping_class-big-item-1500-3000-g","9":"first","10":"instock","11":"shipping-taxable","12":"purchasable","13":"product-type-simple"},"aioseo_notices":[],"_links":{"self":[{"href":"https:\/\/thebestantique.com\/et\/wp-json\/wp\/v2\/product\/18302","targetHints":{"allow":["GET"]}}],"collection":[{"href":"https:\/\/thebestantique.com\/et\/wp-json\/wp\/v2\/product"}],"about":[{"href":"https:\/\/thebestantique.com\/et\/wp-json\/wp\/v2\/types\/product"}],"replies":[{"embeddable":true,"href":"https:\/\/thebestantique.com\/et\/wp-json\/wp\/v2\/comments?post=18302"}],"wp:featuredmedia":[{"embeddable":true,"href":"https:\/\/thebestantique.com\/et\/wp-json\/wp\/v2\/media\/18300"}],"wp:attachment":[{"href":"https:\/\/thebestantique.com\/et\/wp-json\/wp\/v2\/media?parent=18302"}],"wp:term":[{"taxonomy":"product_brand","embeddable":true,"href":"https:\/\/thebestantique.com\/et\/wp-json\/wp\/v2\/product_brand?post=18302"},{"taxonomy":"product_cat","embeddable":true,"href":"https:\/\/thebestantique.com\/et\/wp-json\/wp\/v2\/product_cat?post=18302"},{"taxonomy":"product_tag","embeddable":true,"href":"https:\/\/thebestantique.com\/et\/wp-json\/wp\/v2\/product_tag?post=18302"}],"curies":[{"name":"wp","href":"https:\/\/api.w.org\/{rel}","templated":true}]}}