{"id":18294,"date":"2026-01-21T14:29:51","date_gmt":"2026-01-21T12:29:51","guid":{"rendered":"https:\/\/thebestantique.com\/?post_type=product&#038;p=18294"},"modified":"2026-01-21T14:29:51","modified_gmt":"2026-01-21T12:29:51","slug":"gardner-porcelain-figurine-seated-pointer","status":"publish","type":"product","link":"https:\/\/thebestantique.com\/et\/product\/gardner-porcelain-figurine-seated-pointer\/","title":{"rendered":"Gardneri portselanfiguur \u201eIstuv pointer\u201c"},"content":{"rendered":"<p>Gardneri portselanfiguur \u201eIstuv pointer\u201c<br \/>\nPortselan Moskva Gardneri vabariigi m\u00e4rgis koos keiserliku vapiga<\/p>\n<blockquote><p>K\u00f5rgus: 10,7 cm.<\/p><\/blockquote>\n<p><\/p>","protected":false},"excerpt":{"rendered":"<p data-path-to-node=\"8\">Peenelt modelleeritud pointeri t\u00f5ugu koera portselanfiguur, mis on naturalistlikult maalitud pruunide ja valgete laikudega. Valmistatud mainekas Gardneri tehases, mis asutati 18. sajandil ning oli tuntud oma elutruude loomakujukeste poolest, mida 19. sajandi Venemaal k\u00f5rgelt hinnati.<\/p>\n<p>Seisukord: v\u00e4ike t\u00e4ke koera k\u00f5rva peal.<\/p>\n","protected":false},"featured_media":18283,"comment_status":"closed","ping_status":"closed","template":"","meta":{"_exactmetrics_skip_tracking":false,"_exactmetrics_sitenote_active":false,"_exactmetrics_sitenote_note":"","_exactmetrics_sitenote_category":0,"_uf_show_specific_survey":0,"_uf_disable_surveys":false},"product_brand":[],"product_cat":[148],"product_tag":[2185,2186,2184],"class_list":{"0":"post-18294","1":"product","2":"type-product","3":"status-publish","4":"has-post-thumbnail","6":"product_cat-porcelain-figures","7":"product_tag-gardner-porcelain-figurine-seated-pointer","8":"product_tag-porcelan-russian-imperium-figure","9":"product_tag-2184","10":"product_shipping_class-average-item-500-1500-g","12":"first","13":"instock","14":"shipping-taxable","15":"purchasable","16":"product-type-simple"},"aioseo_notices":[],"_links":{"self":[{"href":"https:\/\/thebestantique.com\/et\/wp-json\/wp\/v2\/product\/18294","targetHints":{"allow":["GET"]}}],"collection":[{"href":"https:\/\/thebestantique.com\/et\/wp-json\/wp\/v2\/product"}],"about":[{"href":"https:\/\/thebestantique.com\/et\/wp-json\/wp\/v2\/types\/product"}],"replies":[{"embeddable":true,"href":"https:\/\/thebestantique.com\/et\/wp-json\/wp\/v2\/comments?post=18294"}],"wp:featuredmedia":[{"embeddable":true,"href":"https:\/\/thebestantique.com\/et\/wp-json\/wp\/v2\/media\/18283"}],"wp:attachment":[{"href":"https:\/\/thebestantique.com\/et\/wp-json\/wp\/v2\/media?parent=18294"}],"wp:term":[{"taxonomy":"product_brand","embeddable":true,"href":"https:\/\/thebestantique.com\/et\/wp-json\/wp\/v2\/product_brand?post=18294"},{"taxonomy":"product_cat","embeddable":true,"href":"https:\/\/thebestantique.com\/et\/wp-json\/wp\/v2\/product_cat?post=18294"},{"taxonomy":"product_tag","embeddable":true,"href":"https:\/\/thebestantique.com\/et\/wp-json\/wp\/v2\/product_tag?post=18294"}],"curies":[{"name":"wp","href":"https:\/\/api.w.org\/{rel}","templated":true}]}}