{"id":18286,"date":"2026-01-21T13:58:56","date_gmt":"2026-01-21T11:58:56","guid":{"rendered":"https:\/\/thebestantique.com\/?post_type=product&#038;p=18286"},"modified":"2026-01-21T14:15:40","modified_gmt":"2026-01-21T12:15:40","slug":"glass-beaker-russian-empire-1830s","status":"publish","type":"product","link":"https:\/\/thebestantique.com\/et\/product\/glass-beaker-russian-empire-1830s\/","title":{"rendered":"Vene impeeriumi klaas, 1830a"},"content":{"rendered":"<p><\/p>\n<p data-path-to-node=\"9\">Silindriline klaastass, mille alumine osa on kannel\u00fc\u00fcridega. Eset kaunistavad suured kimbud ja lilleoksad, mis on teostatud kullaga h\u00f5bedasel taustal. Rikkalik koobalttoon koos s\u00e4tendava metallilise ornamentikaga peegeldab 19. sajandi alguse Vene klaasikunsti luksuslikku stiili, kus lillelist kuldamist kasutati sageli v\u00e4rvilise klaasi s\u00fcgavuse ja s\u00e4ra r\u00f5hutamiseks.<\/p>\n<p data-path-to-node=\"10\">Koobaltklaasi ehk sinist klaasi (tuntud ka kui smalta) valmistatakse koobalti\u00fchendite (n\u00e4iteks koobaltoksiidi v\u00f5i koobaltkarbonaadi) lisamisel sula klaasimassi hulka. Koobalt on v\u00e4ga kontsentreeritud v\u00e4rvaine ja s\u00fcgava, k\u00fcllastunud tooni saavutamiseks on vaja vaid v\u00e4ga v\u00e4ikest kogust.<\/p>\n<p><\/p>","protected":false},"excerpt":{"rendered":"<p data-path-to-node=\"8\">Vene impeeriumi klaas, 1830a<\/p>\n<p>Koobaltklaas, h\u00f5be- ja kuldmaalinguga<br \/>\nM\u00f5\u00f5dud: 8,5 x 7,5 cm.<\/p>\n<p data-path-to-node=\"9\">\n","protected":false},"featured_media":18289,"comment_status":"closed","ping_status":"closed","template":"","meta":{"_exactmetrics_skip_tracking":false,"_exactmetrics_sitenote_active":false,"_exactmetrics_sitenote_note":"","_exactmetrics_sitenote_category":0,"_uf_show_specific_survey":0,"_uf_disable_surveys":false},"product_brand":[],"product_cat":[484,18],"product_tag":[],"class_list":{"0":"post-18286","1":"product","2":"type-product","3":"status-publish","4":"has-post-thumbnail","6":"product_cat-porcelain-tableware","7":"product_cat-vases","8":"product_shipping_class-small-item-0-500-g","10":"first","11":"instock","12":"shipping-taxable","13":"purchasable","14":"product-type-simple"},"aioseo_notices":[],"_links":{"self":[{"href":"https:\/\/thebestantique.com\/et\/wp-json\/wp\/v2\/product\/18286","targetHints":{"allow":["GET"]}}],"collection":[{"href":"https:\/\/thebestantique.com\/et\/wp-json\/wp\/v2\/product"}],"about":[{"href":"https:\/\/thebestantique.com\/et\/wp-json\/wp\/v2\/types\/product"}],"replies":[{"embeddable":true,"href":"https:\/\/thebestantique.com\/et\/wp-json\/wp\/v2\/comments?post=18286"}],"wp:featuredmedia":[{"embeddable":true,"href":"https:\/\/thebestantique.com\/et\/wp-json\/wp\/v2\/media\/18289"}],"wp:attachment":[{"href":"https:\/\/thebestantique.com\/et\/wp-json\/wp\/v2\/media?parent=18286"}],"wp:term":[{"taxonomy":"product_brand","embeddable":true,"href":"https:\/\/thebestantique.com\/et\/wp-json\/wp\/v2\/product_brand?post=18286"},{"taxonomy":"product_cat","embeddable":true,"href":"https:\/\/thebestantique.com\/et\/wp-json\/wp\/v2\/product_cat?post=18286"},{"taxonomy":"product_tag","embeddable":true,"href":"https:\/\/thebestantique.com\/et\/wp-json\/wp\/v2\/product_tag?post=18286"}],"curies":[{"name":"wp","href":"https:\/\/api.w.org\/{rel}","templated":true}]}}