{"id":18269,"date":"2026-01-21T13:23:56","date_gmt":"2026-01-21T11:23:56","guid":{"rendered":"https:\/\/thebestantique.com\/?post_type=product&#038;p=18269"},"modified":"2026-01-21T14:17:16","modified_gmt":"2026-01-21T12:17:16","slug":"18th-century-russian-glass-with-a-double-headed-eagle","status":"publish","type":"product","link":"https:\/\/thebestantique.com\/et\/product\/18th-century-russian-glass-with-a-double-headed-eagle\/","title":{"rendered":"Kahep\u00e4ise kotkaga klaas Venemaa, 18. sajand"},"content":{"rendered":"<p><\/p>\n<p data-path-to-node=\"8\">Peenelt valmistatud klaas, mida ehib graveeritud kahep\u00e4ine kotkas \u2014 Vene impeeriumi t\u00e4htsaim s\u00fcmbol. Kujutise stiil vastab 18. sajandi alguse heraldilistele traditsioonidele. Ese on h\u00e4sti s\u00e4ilinud, esineb vaid v\u00e4heseid kasutamise j\u00e4lgi. Sarnased n\u00e4ited asuvad Riikliku Ermitaa\u017ei kogudes.<\/p>\n<p><\/p>","protected":false},"excerpt":{"rendered":"<p data-path-to-node=\"7\"><b data-path-to-node=\"7\" data-index-in-node=\"0\">Kahep\u00e4ise kotkaga klaas<\/b> Venemaa, 18. sajandi esimene pool. L\u00e4bipaistev klaas; puhutud ja graveeritud<\/p>\n<p>M\u00f5\u00f5dud:<br \/>\nK\u00f5rgus: 13,3 cm.<br \/>\nDiameeter: 10,7 cm.<\/p>\n<p>&nbsp;<\/p>\n","protected":false},"featured_media":18274,"comment_status":"closed","ping_status":"closed","template":"","meta":{"_exactmetrics_skip_tracking":false,"_exactmetrics_sitenote_active":false,"_exactmetrics_sitenote_note":"","_exactmetrics_sitenote_category":0,"_uf_show_specific_survey":0,"_uf_disable_surveys":false},"product_brand":[],"product_cat":[291,484],"product_tag":[],"class_list":{"0":"post-18269","1":"product","2":"type-product","3":"status-publish","4":"has-post-thumbnail","6":"product_cat-other","7":"product_cat-porcelain-tableware","8":"product_shipping_class-small-item-0-500-g","10":"first","11":"instock","12":"shipping-taxable","13":"purchasable","14":"product-type-simple"},"aioseo_notices":[],"_links":{"self":[{"href":"https:\/\/thebestantique.com\/et\/wp-json\/wp\/v2\/product\/18269","targetHints":{"allow":["GET"]}}],"collection":[{"href":"https:\/\/thebestantique.com\/et\/wp-json\/wp\/v2\/product"}],"about":[{"href":"https:\/\/thebestantique.com\/et\/wp-json\/wp\/v2\/types\/product"}],"replies":[{"embeddable":true,"href":"https:\/\/thebestantique.com\/et\/wp-json\/wp\/v2\/comments?post=18269"}],"wp:featuredmedia":[{"embeddable":true,"href":"https:\/\/thebestantique.com\/et\/wp-json\/wp\/v2\/media\/18274"}],"wp:attachment":[{"href":"https:\/\/thebestantique.com\/et\/wp-json\/wp\/v2\/media?parent=18269"}],"wp:term":[{"taxonomy":"product_brand","embeddable":true,"href":"https:\/\/thebestantique.com\/et\/wp-json\/wp\/v2\/product_brand?post=18269"},{"taxonomy":"product_cat","embeddable":true,"href":"https:\/\/thebestantique.com\/et\/wp-json\/wp\/v2\/product_cat?post=18269"},{"taxonomy":"product_tag","embeddable":true,"href":"https:\/\/thebestantique.com\/et\/wp-json\/wp\/v2\/product_tag?post=18269"}],"curies":[{"name":"wp","href":"https:\/\/api.w.org\/{rel}","templated":true}]}}