{"id":18262,"date":"2026-01-21T12:45:41","date_gmt":"2026-01-21T10:45:41","guid":{"rendered":"https:\/\/thebestantique.com\/?post_type=product&#038;p=18262"},"modified":"2026-01-21T14:05:48","modified_gmt":"2026-01-21T12:05:48","slug":"russian-pitcher-with-hunting-trophy-reliefs","status":"publish","type":"product","link":"https:\/\/thebestantique.com\/et\/product\/russian-pitcher-with-hunting-trophy-reliefs\/","title":{"rendered":"Vene kann jahitrofee-reljeefidega"},"content":{"rendered":"<p><\/p>\n<p data-path-to-node=\"10\">Haruldane fajansskann, mida kaunistavad jahitrofeede \u2014 v\u00e4ikeulukite \u2014 reljeefid ning rebasekujuline k\u00e4epide, kus loom vaatab anuma sisse. Disain meenutab Prantsuse renessansiaegse keraamiku Bernard Palissy (u 1510\u20131589) rustikaalseid teoseid, kes oli tuntud oma naturalistlike taime- ja loomareljeefide poolest.<\/p>\n<p data-path-to-node=\"11\">Peterburi l\u00e4hedal asuv G\u00fcntheri tehas, mille asutas kaupmees Fjodor Hristoforovit\u0161 G\u00fcnther u 1818. aastal, tootis laia valikut fajansstooteid, millest osa oli saanud inspiratsiooni Wedgwoodist. Tehase tooteid hinnati nende vastupidavuse, tugeva glasuuri ja kuumuskindluse poolest. Tehas tegutses G\u00fcntheri perekonnaliikmete juhtimisel kuni 1860. aastateni, mil tootmine l\u00f5petati.<\/p>\n<p data-path-to-node=\"12\"><b data-path-to-node=\"12\" data-index-in-node=\"0\">Sarnased n\u00e4ited:<\/b> A. Saltikov. &#8220;Vene keraamika 18.\u201319. sajandil&#8221;, lk 258.<\/p>\n<p><\/p>","protected":false},"excerpt":{"rendered":"<p data-path-to-node=\"10\"><b data-path-to-node=\"9\" data-index-in-node=\"0\">Vene kann jahitrofee-reljeefidega<\/b> G\u00fcntheri tehas, Peterburi, 19. sajandi keskpaik Fajanss<br \/>\nK\u00f5rgus: 17,7 cm.<\/p>\n","protected":false},"featured_media":18264,"comment_status":"closed","ping_status":"closed","template":"","meta":{"_exactmetrics_skip_tracking":false,"_exactmetrics_sitenote_active":false,"_exactmetrics_sitenote_note":"","_exactmetrics_sitenote_category":0,"_uf_show_specific_survey":0,"_uf_disable_surveys":false},"product_brand":[],"product_cat":[484,18],"product_tag":[],"class_list":{"0":"post-18262","1":"product","2":"type-product","3":"status-publish","4":"has-post-thumbnail","6":"product_cat-porcelain-tableware","7":"product_cat-vases","8":"product_shipping_class-average-item-500-1500-g","10":"first","11":"instock","12":"shipping-taxable","13":"purchasable","14":"product-type-simple"},"aioseo_notices":[],"_links":{"self":[{"href":"https:\/\/thebestantique.com\/et\/wp-json\/wp\/v2\/product\/18262","targetHints":{"allow":["GET"]}}],"collection":[{"href":"https:\/\/thebestantique.com\/et\/wp-json\/wp\/v2\/product"}],"about":[{"href":"https:\/\/thebestantique.com\/et\/wp-json\/wp\/v2\/types\/product"}],"replies":[{"embeddable":true,"href":"https:\/\/thebestantique.com\/et\/wp-json\/wp\/v2\/comments?post=18262"}],"wp:featuredmedia":[{"embeddable":true,"href":"https:\/\/thebestantique.com\/et\/wp-json\/wp\/v2\/media\/18264"}],"wp:attachment":[{"href":"https:\/\/thebestantique.com\/et\/wp-json\/wp\/v2\/media?parent=18262"}],"wp:term":[{"taxonomy":"product_brand","embeddable":true,"href":"https:\/\/thebestantique.com\/et\/wp-json\/wp\/v2\/product_brand?post=18262"},{"taxonomy":"product_cat","embeddable":true,"href":"https:\/\/thebestantique.com\/et\/wp-json\/wp\/v2\/product_cat?post=18262"},{"taxonomy":"product_tag","embeddable":true,"href":"https:\/\/thebestantique.com\/et\/wp-json\/wp\/v2\/product_tag?post=18262"}],"curies":[{"name":"wp","href":"https:\/\/api.w.org\/{rel}","templated":true}]}}