{"id":18254,"date":"2026-01-20T15:47:21","date_gmt":"2026-01-20T13:47:21","guid":{"rendered":"https:\/\/thebestantique.com\/?post_type=product&#038;p=18254"},"modified":"2026-01-20T15:51:29","modified_gmt":"2026-01-20T13:51:29","slug":"%d1%80%d1%83%d1%81%d1%81%d0%ba%d0%b8%d0%b9-%d1%87%d0%b0%d0%b9%d0%bd%d0%b8%d1%86%d0%b0-%d1%82%d1%80%d0%be%d0%b9%d0%ba%d0%b0-%d0%bf%d0%b5%d1%80%d0%b8%d0%be%d0%b4-%d1%86%d0%b0","status":"publish","type":"product","link":"https:\/\/thebestantique.com\/et\/product\/%d1%80%d1%83%d1%81%d1%81%d0%ba%d0%b8%d0%b9-%d1%87%d0%b0%d0%b9%d0%bd%d0%b8%d1%86%d0%b0-%d1%82%d1%80%d0%be%d0%b9%d0%ba%d0%b0-%d0%bf%d0%b5%d1%80%d0%b8%d0%be%d0%b4-%d1%86%d0%b0\/","title":{"rendered":"Tee karp &#8220;Troika&#8221; \u2014 Vi\u0161njakovi vabrik, 20. sajandi algus"},"content":{"rendered":"<p><\/p>\n<ul data-path-to-node=\"9\">\n<li>\n<p data-path-to-node=\"9,1,0\"><b data-path-to-node=\"9,1,0\" data-index-in-node=\"0\">M\u00f5\u00f5dud:<\/b> K\u00f5rgus \u2014 10,5 cm, l\u00e4bim\u00f5\u00f5t \u2014 11,5 cm.<\/p>\n<\/li>\n<\/ul>\n<p><\/p>","protected":false},"excerpt":{"rendered":"<p data-path-to-node=\"8\">Kollektsioneeritav papjee-ma\u0161eest tee-toos k\u00e4sit\u00f6\u00f6na valminud lakimaalinguga. Toode p\u00e4rineb kuulsast Vi\u0161njakovi t\u00f6\u00f6kojast. Tegemist on haruldase 20. sajandi alguse tarbekunsti n\u00e4itega, mis esindab tuntud vene rahvakunsti. Toosi kaunistab klassikaline lakimaaling traditsioonilise vene troika kujutisega.<\/p>\n<ul data-path-to-node=\"9\">\n<li>\n<p data-path-to-node=\"9,0,0\"><b data-path-to-node=\"9,0,0\" data-index-in-node=\"0\">Tehnika:<\/b> \u00d5limaal, mitmekihiline lakk.<\/p>\n<\/li>\n<\/ul>\n","protected":false},"featured_media":18257,"comment_status":"closed","ping_status":"closed","template":"","meta":{"_exactmetrics_skip_tracking":false,"_exactmetrics_sitenote_active":false,"_exactmetrics_sitenote_note":"","_exactmetrics_sitenote_category":0,"_uf_show_specific_survey":0,"_uf_disable_surveys":false},"product_brand":[],"product_cat":[291],"product_tag":[],"class_list":{"0":"post-18254","1":"product","2":"type-product","3":"status-publish","4":"has-post-thumbnail","6":"product_cat-other","7":"product_shipping_class-average-item-500-1500-g","9":"first","10":"instock","11":"shipping-taxable","12":"purchasable","13":"product-type-simple"},"aioseo_notices":[],"_links":{"self":[{"href":"https:\/\/thebestantique.com\/et\/wp-json\/wp\/v2\/product\/18254","targetHints":{"allow":["GET"]}}],"collection":[{"href":"https:\/\/thebestantique.com\/et\/wp-json\/wp\/v2\/product"}],"about":[{"href":"https:\/\/thebestantique.com\/et\/wp-json\/wp\/v2\/types\/product"}],"replies":[{"embeddable":true,"href":"https:\/\/thebestantique.com\/et\/wp-json\/wp\/v2\/comments?post=18254"}],"wp:featuredmedia":[{"embeddable":true,"href":"https:\/\/thebestantique.com\/et\/wp-json\/wp\/v2\/media\/18257"}],"wp:attachment":[{"href":"https:\/\/thebestantique.com\/et\/wp-json\/wp\/v2\/media?parent=18254"}],"wp:term":[{"taxonomy":"product_brand","embeddable":true,"href":"https:\/\/thebestantique.com\/et\/wp-json\/wp\/v2\/product_brand?post=18254"},{"taxonomy":"product_cat","embeddable":true,"href":"https:\/\/thebestantique.com\/et\/wp-json\/wp\/v2\/product_cat?post=18254"},{"taxonomy":"product_tag","embeddable":true,"href":"https:\/\/thebestantique.com\/et\/wp-json\/wp\/v2\/product_tag?post=18254"}],"curies":[{"name":"wp","href":"https:\/\/api.w.org\/{rel}","templated":true}]}}