{"id":18246,"date":"2026-01-20T14:37:42","date_gmt":"2026-01-20T12:37:42","guid":{"rendered":"https:\/\/thebestantique.com\/?post_type=product&#038;p=18246"},"modified":"2026-03-25T23:16:03","modified_gmt":"2026-03-25T21:16:03","slug":"an-antique-art-deco-football-players-sculpture-on-a-stand-un-match-amusant-by-rigual","status":"publish","type":"product","link":"https:\/\/thebestantique.com\/et\/product\/an-antique-art-deco-football-players-sculpture-on-a-stand-un-match-amusant-by-rigual\/","title":{"rendered":"Art Deco stiilis jalgpallurite skulptuur: \u201eUn Match Amusant\u201c, autor Rigual"},"content":{"rendered":"<p><\/p>\n<ul>\n<li><b data-path-to-node=\"9,2,0\" data-index-in-node=\"0\">Aluse m\u00f5\u00f5dud:<\/b> 32 x 27 x 16 cm.<\/li>\n<\/ul>\n<p><\/p>","protected":false},"excerpt":{"rendered":"<p data-path-to-node=\"8\">Suurep\u00e4rane n\u00e4ide 20. sajandi alguse spordiajaloost, mis j\u00e4\u00e4dvustab jalgpallimat\u0161i d\u00fcnaamilist energiat. See vintage-stiilis \u0161piatrist figuur on klassikaline Prantsuse Art Deco ajastu spordiplastika n\u00e4idis. Skulptuur kujutab pingelist hetke kahe m\u00e4ngija vahel, kes kannavad autentset ajastutruud vormi, paistes silma oma liikumise ja detailirohkusega.<\/p>\n<ul data-path-to-node=\"9\">\n<li>\n<p data-path-to-node=\"9,0,0\"><b data-path-to-node=\"9,0,0\" data-index-in-node=\"0\">Autor:<\/b> Originaalsel messingist plaadil on m\u00e4rge <b data-path-to-node=\"9,0,0\" data-index-in-node=\"48\">\u201ePar Rigual\u201c<\/b> (Pedro Ram\u00f3n Jos\u00e9 Rigual, 1863\u20131917, Prantsuse-Hispaania koolkond).<\/p>\n<\/li>\n<li>\n<p data-path-to-node=\"9,1,0\"><b data-path-to-node=\"9,1,0\" data-index-in-node=\"0\">Pealkiri:<\/b> <b data-path-to-node=\"9,1,0\" data-index-in-node=\"10\">\u201eUn Match Amusant\u201c<\/b> (L\u00f5bus mat\u0161).<\/p>\n<\/li>\n<\/ul>\n<p>&nbsp;<\/p>\n","protected":false},"featured_media":18248,"comment_status":"closed","ping_status":"closed","template":"","meta":{"_exactmetrics_skip_tracking":false,"_exactmetrics_sitenote_active":false,"_exactmetrics_sitenote_note":"","_exactmetrics_sitenote_category":0,"_uf_show_specific_survey":0,"_uf_disable_surveys":false},"product_brand":[],"product_cat":[421],"product_tag":[],"class_list":{"0":"post-18246","1":"product","2":"type-product","3":"status-publish","4":"has-post-thumbnail","6":"product_cat-sold-items","7":"product_shipping_class-average-item-500-1500-g","9":"first","10":"outofstock","11":"shipping-taxable","12":"product-type-simple"},"aioseo_notices":[],"_links":{"self":[{"href":"https:\/\/thebestantique.com\/et\/wp-json\/wp\/v2\/product\/18246","targetHints":{"allow":["GET"]}}],"collection":[{"href":"https:\/\/thebestantique.com\/et\/wp-json\/wp\/v2\/product"}],"about":[{"href":"https:\/\/thebestantique.com\/et\/wp-json\/wp\/v2\/types\/product"}],"replies":[{"embeddable":true,"href":"https:\/\/thebestantique.com\/et\/wp-json\/wp\/v2\/comments?post=18246"}],"wp:featuredmedia":[{"embeddable":true,"href":"https:\/\/thebestantique.com\/et\/wp-json\/wp\/v2\/media\/18248"}],"wp:attachment":[{"href":"https:\/\/thebestantique.com\/et\/wp-json\/wp\/v2\/media?parent=18246"}],"wp:term":[{"taxonomy":"product_brand","embeddable":true,"href":"https:\/\/thebestantique.com\/et\/wp-json\/wp\/v2\/product_brand?post=18246"},{"taxonomy":"product_cat","embeddable":true,"href":"https:\/\/thebestantique.com\/et\/wp-json\/wp\/v2\/product_cat?post=18246"},{"taxonomy":"product_tag","embeddable":true,"href":"https:\/\/thebestantique.com\/et\/wp-json\/wp\/v2\/product_tag?post=18246"}],"curies":[{"name":"wp","href":"https:\/\/api.w.org\/{rel}","templated":true}]}}