{"id":18233,"date":"2026-01-20T12:58:41","date_gmt":"2026-01-20T10:58:41","guid":{"rendered":"https:\/\/thebestantique.com\/?post_type=product&#038;p=18233"},"modified":"2026-01-20T13:00:21","modified_gmt":"2026-01-20T11:00:21","slug":"%e4%b8%ad%e6%96%87-%e6%9e%81%e7%bd%95%e8%a7%81%e7%88%b1%e6%b2%99%e5%b0%bc%e4%ba%9a%e6%b5%b7%e5%86%9b%e5%86%9b%e5%ae%98%e4%bd%a9%e5%89%91%ef%bc%8c1920-1930%e5%b9%b4%e4%bb%a3","status":"publish","type":"product","link":"https:\/\/thebestantique.com\/et\/product\/%e4%b8%ad%e6%96%87-%e6%9e%81%e7%bd%95%e8%a7%81%e7%88%b1%e6%b2%99%e5%b0%bc%e4%ba%9a%e6%b5%b7%e5%86%9b%e5%86%9b%e5%ae%98%e4%bd%a9%e5%89%91%ef%bc%8c1920-1930%e5%b9%b4%e4%bb%a3\/","title":{"rendered":"Eriti haruldane Eesti merev\u00e4eohvitseri m\u00f5\u00f5k, 1920.\u20131930. aastad"},"content":{"rendered":"<p><\/p>\n<ul data-path-to-node=\"5\">\n<li>\n<p data-path-to-node=\"5,0,0\"><b data-path-to-node=\"5,0,0\" data-index-in-node=\"0\">M\u00f5\u00f5dud:<\/b><\/p>\n<ul data-path-to-node=\"5,0,1\">\n<li>\n<p data-path-to-node=\"5,0,1,0,0\">\u00dcldpikkus: 99,5 cm<\/p>\n<\/li>\n<li>\n<p data-path-to-node=\"5,0,1,1,0\">Tera pikkus: 83,7 cm<\/p>\n<\/li>\n<li>\n<p data-path-to-node=\"5,0,1,2,0\">Tera laius: 2,2 cm<\/p>\n<\/li>\n<\/ul>\n<\/li>\n<li>\n<p data-path-to-node=\"5,1,0\"><b data-path-to-node=\"5,1,0\" data-index-in-node=\"0\">M\u00e4rkused:<\/b> Tegemist on muuseumiv\u00e4\u00e4rtusega ja erakordselt haruldase eksemplariga, mis on tellitud tunnustatud Saksa firmalt Carl Eickhorn. Selliseid m\u00f5\u00f5ku valmistati Eesti merev\u00e4eohvitseridele piiratud arvul ja need on t\u00e4nap\u00e4eval \u00fched ihaldusv\u00e4\u00e4rsemad Balti s\u00f5jaajaloo p\u00e4rlid.<\/p>\n<\/li>\n<\/ul>\n<p><\/p>","protected":false},"excerpt":{"rendered":"<p data-path-to-node=\"4\">V\u00e4ga haruldane ja ajalooliselt oluline Eesti merev\u00e4eohvitseri m\u00f5\u00f5k s\u00f5dadevahelisest perioodist (1920.\u20131930. aastad), valmistatud eritellimusel Carl Eickhorni manufaktuuris Solingenis. L\u00e4ikivast terasest tera on kaunilt s\u00f6\u00f6vitatud Toompea lossi kujutise ja Eesti kolme l\u00f5viga \u2013 riiklike s\u00fcmbolitega, mis esindavad Eesti riiki.<\/p>\n<p data-path-to-node=\"5,0,0\">\n","protected":false},"featured_media":18235,"comment_status":"closed","ping_status":"closed","template":"","meta":{"_exactmetrics_skip_tracking":false,"_exactmetrics_sitenote_active":false,"_exactmetrics_sitenote_note":"","_exactmetrics_sitenote_category":0,"_uf_show_specific_survey":0,"_uf_disable_surveys":false},"product_brand":[],"product_cat":[80],"product_tag":[2183,2177,2182,2179,2180,2181,2178],"class_list":{"0":"post-18233","1":"product","2":"type-product","3":"status-publish","4":"has-post-thumbnail","6":"product_cat-swords","7":"product_tag-eesti-militaaria","8":"product_tag-eesti-mook","9":"product_tag-eesti-takk","10":"product_tag-estonian-antique","11":"product_tag-estonian-blade","12":"product_tag-estonian-military","13":"product_tag-estonian-sword","14":"product_shipping_class-fedex-tube","16":"first","17":"instock","18":"shipping-taxable","19":"purchasable","20":"product-type-simple"},"aioseo_notices":[],"_links":{"self":[{"href":"https:\/\/thebestantique.com\/et\/wp-json\/wp\/v2\/product\/18233","targetHints":{"allow":["GET"]}}],"collection":[{"href":"https:\/\/thebestantique.com\/et\/wp-json\/wp\/v2\/product"}],"about":[{"href":"https:\/\/thebestantique.com\/et\/wp-json\/wp\/v2\/types\/product"}],"replies":[{"embeddable":true,"href":"https:\/\/thebestantique.com\/et\/wp-json\/wp\/v2\/comments?post=18233"}],"wp:featuredmedia":[{"embeddable":true,"href":"https:\/\/thebestantique.com\/et\/wp-json\/wp\/v2\/media\/18235"}],"wp:attachment":[{"href":"https:\/\/thebestantique.com\/et\/wp-json\/wp\/v2\/media?parent=18233"}],"wp:term":[{"taxonomy":"product_brand","embeddable":true,"href":"https:\/\/thebestantique.com\/et\/wp-json\/wp\/v2\/product_brand?post=18233"},{"taxonomy":"product_cat","embeddable":true,"href":"https:\/\/thebestantique.com\/et\/wp-json\/wp\/v2\/product_cat?post=18233"},{"taxonomy":"product_tag","embeddable":true,"href":"https:\/\/thebestantique.com\/et\/wp-json\/wp\/v2\/product_tag?post=18233"}],"curies":[{"name":"wp","href":"https:\/\/api.w.org\/{rel}","templated":true}]}}