{"id":18219,"date":"2026-01-20T12:36:04","date_gmt":"2026-01-20T10:36:04","guid":{"rendered":"https:\/\/thebestantique.com\/?post_type=product&#038;p=18219"},"modified":"2026-01-20T12:45:57","modified_gmt":"2026-01-20T10:45:57","slug":"imperial-german-naval-officers-saber-model-1874-76-or-a-private-purchase-variant","status":"publish","type":"product","link":"https:\/\/thebestantique.com\/et\/product\/imperial-german-naval-officers-saber-model-1874-76-or-a-private-purchase-variant\/","title":{"rendered":"Keiserliku Saksamaa merev\u00e4eohvitseri saabel (mudel 1874\/76 v\u00f5i eratellimusel valmistatud variant)"},"content":{"rendered":"<p><\/p>\n<ul>\n<li>\n<p data-path-to-node=\"5,0,0\"><b data-path-to-node=\"5,0,0\" data-index-in-node=\"0\">\u00dcldpikkus:<\/b> 92,5 cm<\/p>\n<\/li>\n<li>\n<p data-path-to-node=\"5,1,0\"><b data-path-to-node=\"5,1,0\" data-index-in-node=\"0\">Tera pikkus:<\/b> 78,2 cm<\/p>\n<\/li>\n<li>\n<p data-path-to-node=\"5,2,0\"><b data-path-to-node=\"5,2,0\" data-index-in-node=\"0\">Tera laius:<\/b> 2,2 cm<\/p>\n<\/li>\n<\/ul>\n<p><\/p>","protected":false},"excerpt":{"rendered":"<p>Peenelt viimistletud Keiserliku merev\u00e4e saabel. Sellel luksuslikult kaunistatud relval on ankrul initsiaal \u201eW\u201c, mis t\u00e4histab austust Saksa keisri (Kaiser) vastu. L\u00f5vipeakujuline k\u00e4epideme ots on kaunistatud punasest ja rohelisest v\u00e4\u00e4riskivist silmadega ning k\u00e4epide on elegantselt m\u00e4hitud kullatud traadiga.<\/p>\n<ul>\n<li>\n<p data-path-to-node=\"5,0,0\">\n<\/li>\n<\/ul>\n","protected":false},"featured_media":18221,"comment_status":"closed","ping_status":"closed","template":"","meta":{"_exactmetrics_skip_tracking":false,"_exactmetrics_sitenote_active":false,"_exactmetrics_sitenote_note":"","_exactmetrics_sitenote_category":0,"_uf_show_specific_survey":0,"_uf_disable_surveys":false},"product_brand":[],"product_cat":[80],"product_tag":[],"class_list":{"0":"post-18219","1":"product","2":"type-product","3":"status-publish","4":"has-post-thumbnail","6":"product_cat-swords","7":"product_shipping_class-fedex-tube","9":"first","10":"instock","11":"shipping-taxable","12":"purchasable","13":"product-type-simple"},"aioseo_notices":[],"_links":{"self":[{"href":"https:\/\/thebestantique.com\/et\/wp-json\/wp\/v2\/product\/18219","targetHints":{"allow":["GET"]}}],"collection":[{"href":"https:\/\/thebestantique.com\/et\/wp-json\/wp\/v2\/product"}],"about":[{"href":"https:\/\/thebestantique.com\/et\/wp-json\/wp\/v2\/types\/product"}],"replies":[{"embeddable":true,"href":"https:\/\/thebestantique.com\/et\/wp-json\/wp\/v2\/comments?post=18219"}],"wp:featuredmedia":[{"embeddable":true,"href":"https:\/\/thebestantique.com\/et\/wp-json\/wp\/v2\/media\/18221"}],"wp:attachment":[{"href":"https:\/\/thebestantique.com\/et\/wp-json\/wp\/v2\/media?parent=18219"}],"wp:term":[{"taxonomy":"product_brand","embeddable":true,"href":"https:\/\/thebestantique.com\/et\/wp-json\/wp\/v2\/product_brand?post=18219"},{"taxonomy":"product_cat","embeddable":true,"href":"https:\/\/thebestantique.com\/et\/wp-json\/wp\/v2\/product_cat?post=18219"},{"taxonomy":"product_tag","embeddable":true,"href":"https:\/\/thebestantique.com\/et\/wp-json\/wp\/v2\/product_tag?post=18219"}],"curies":[{"name":"wp","href":"https:\/\/api.w.org\/{rel}","templated":true}]}}