{"id":18208,"date":"2026-01-20T12:21:14","date_gmt":"2026-01-20T10:21:14","guid":{"rendered":"https:\/\/thebestantique.com\/?post_type=product&#038;p=18208"},"modified":"2026-01-20T12:48:27","modified_gmt":"2026-01-20T10:48:27","slug":"ultra-rare-imperial-army-navy-presentation-sword-model-1889-i-o-d-89","status":"publish","type":"product","link":"https:\/\/thebestantique.com\/et\/product\/ultra-rare-imperial-army-navy-presentation-sword-model-1889-i-o-d-89\/","title":{"rendered":"Haruldane Keiserliku armee\/laevastiku esitlusm\u00f5\u00f5k, mudel 1889 (I.O.D. 89)"},"content":{"rendered":"<p><\/p>\n<ul>\n<li>\n<p data-path-to-node=\"5,2,0\"><b data-path-to-node=\"5,2,0\" data-index-in-node=\"0\">M\u00f5\u00f5dud:<\/b><\/p>\n<ul data-path-to-node=\"5,2,1\">\n<li>\n<p data-path-to-node=\"5,2,1,0,0\">\u00dcldpikkus: 101,4 cm.<\/p>\n<\/li>\n<li>\n<p data-path-to-node=\"5,2,1,1,0\">Tera pikkus: 81,5 cm.<\/p>\n<\/li>\n<li>\n<p data-path-to-node=\"5,2,1,2,0\">Tera laius: 2,2 cm.<\/p>\n<\/li>\n<\/ul>\n<\/li>\n<\/ul>\n<p><\/p>","protected":false},"excerpt":{"rendered":"<p data-path-to-node=\"3\"><b data-path-to-node=\"3\" data-index-in-node=\"0\">Haruldane Keiserliku armee\/laevastiku esitlusm\u00f5\u00f5k, mudel 1889 (I.O.D. 89)<\/b><\/p>\n<p data-path-to-node=\"4\">Erakordselt haruldane esitlusm\u00f5\u00f5k, millel on eriline tunnusjoon \u2014 ebaselge ankur keiserliku krooni all. See t\u00e4his v\u00f5imaldab relva kindlalt omistada merejalav\u00e4e liikmele.<\/p>\n<ul>\n<li style=\"list-style-type: none;\">\n<ul>\n<li style=\"list-style-type: none;\">\n<ul data-path-to-node=\"5\">\n<li>\n<p data-path-to-node=\"5,0,0\"><b data-path-to-node=\"5,0,0\" data-index-in-node=\"0\">Mudel:<\/b> 1889 (I.O.D. 89).<\/p>\n<\/li>\n<li>\n<p data-path-to-node=\"5,1,0\"><b data-path-to-node=\"5,1,0\" data-index-in-node=\"0\">Detailid:<\/b> Kaitseraua \u00fclaosa on detailirohke; ankur koos keiserliku krooniga (pendilia).<\/p>\n<\/li>\n<\/ul>\n<\/li>\n<\/ul>\n<\/li>\n<\/ul>\n","protected":false},"featured_media":18210,"comment_status":"closed","ping_status":"closed","template":"","meta":{"_exactmetrics_skip_tracking":false,"_exactmetrics_sitenote_active":false,"_exactmetrics_sitenote_note":"","_exactmetrics_sitenote_category":0,"_uf_show_specific_survey":0,"_uf_disable_surveys":false},"product_brand":[],"product_cat":[80],"product_tag":[],"class_list":{"0":"post-18208","1":"product","2":"type-product","3":"status-publish","4":"has-post-thumbnail","6":"product_cat-swords","7":"product_shipping_class-fedex-tube","9":"first","10":"instock","11":"shipping-taxable","12":"purchasable","13":"product-type-simple"},"aioseo_notices":[],"_links":{"self":[{"href":"https:\/\/thebestantique.com\/et\/wp-json\/wp\/v2\/product\/18208","targetHints":{"allow":["GET"]}}],"collection":[{"href":"https:\/\/thebestantique.com\/et\/wp-json\/wp\/v2\/product"}],"about":[{"href":"https:\/\/thebestantique.com\/et\/wp-json\/wp\/v2\/types\/product"}],"replies":[{"embeddable":true,"href":"https:\/\/thebestantique.com\/et\/wp-json\/wp\/v2\/comments?post=18208"}],"wp:featuredmedia":[{"embeddable":true,"href":"https:\/\/thebestantique.com\/et\/wp-json\/wp\/v2\/media\/18210"}],"wp:attachment":[{"href":"https:\/\/thebestantique.com\/et\/wp-json\/wp\/v2\/media?parent=18208"}],"wp:term":[{"taxonomy":"product_brand","embeddable":true,"href":"https:\/\/thebestantique.com\/et\/wp-json\/wp\/v2\/product_brand?post=18208"},{"taxonomy":"product_cat","embeddable":true,"href":"https:\/\/thebestantique.com\/et\/wp-json\/wp\/v2\/product_cat?post=18208"},{"taxonomy":"product_tag","embeddable":true,"href":"https:\/\/thebestantique.com\/et\/wp-json\/wp\/v2\/product_tag?post=18208"}],"curies":[{"name":"wp","href":"https:\/\/api.w.org\/{rel}","templated":true}]}}