{"id":18202,"date":"2026-01-20T11:41:22","date_gmt":"2026-01-20T09:41:22","guid":{"rendered":"https:\/\/thebestantique.com\/?post_type=product&#038;p=18202"},"modified":"2026-01-20T14:56:31","modified_gmt":"2026-01-20T12:56:31","slug":"imperial-porcelain-factory-tea-cup-from-the-cobalt-cailloute-service","status":"publish","type":"product","link":"https:\/\/thebestantique.com\/et\/product\/imperial-porcelain-factory-tea-cup-from-the-cobalt-cailloute-service\/","title":{"rendered":"Imperaatorlik Portselanivabrik. Teetass \u201eCobalt Caillout\u00e9\u201d serviisistPeterburi, 1881\u20131894"},"content":{"rendered":"<p><\/p>\n<p data-path-to-node=\"4\">Eksklusiivne portselanist teetass kuulsast \u201eCaillout\u00e9\u201d serviisist, mida kaunistavad rikkalik kuldne v\u00f5reornament, lillemotiividega kartu\u0161id ja s\u00fcgav koobaltisinine foon. Keerukas kuldamismuster, mis imiteerib munakivisillutist, andis serviisile prantsuskeelse nime <i data-path-to-node=\"4\" data-index-in-node=\"265\">caillout\u00e9<\/i>. Disain on inspireeritud Viini manufaktuuri 1786. aasta serviisist, mille Austria ertshertsog Joseph II kinkis suurv\u00fcrst Paul Petrovit\u0161ile. S\u00e8vres&#8217;i stiili ja vorme j\u00e4rgiv luksuslik kuldamine tegi sellest \u00fche Vene \u00f5ukonna silmapaistvama esindusserviisi.<\/p>\n<ul data-path-to-node=\"5\">\n<li>\n<p data-path-to-node=\"5,0,0\"><b data-path-to-node=\"5,0,0\" data-index-in-node=\"0\">Materjal:<\/b> Portselan, koobalt, kuldamine, maaling, poleerimine.<\/p>\n<\/li>\n<li>\n<p data-path-to-node=\"5,1,0\"><b data-path-to-node=\"5,1,0\" data-index-in-node=\"0\">M\u00e4rgistus:<\/b> Roheline glasuurialune tempel &#8220;A III&#8221; keiserliku krooni all.<\/p>\n<\/li>\n<li>\n<p data-path-to-node=\"5,3,0\"><b data-path-to-node=\"5,3,0\" data-index-in-node=\"0\">Viide:<\/b> Sarnased esemed on avaldatud v\u00e4ljaandes: <i data-path-to-node=\"5,3,0\" data-index-in-node=\"48\">Imperial Porcelain Factory 1744\u20131904<\/i>, toim. V. V. Znamenov, 2008, lk 492\u2013493.<\/p>\n<\/li>\n<\/ul>\n<p><\/p>","protected":false},"excerpt":{"rendered":"<ul>\n<li>M\u00f5\u00f5dud: 6,5 x 10 x 7,5 cm.<\/li>\n<\/ul>\n","protected":false},"featured_media":18204,"comment_status":"closed","ping_status":"closed","template":"","meta":{"_exactmetrics_skip_tracking":false,"_exactmetrics_sitenote_active":false,"_exactmetrics_sitenote_note":"","_exactmetrics_sitenote_category":0,"_uf_show_specific_survey":0,"_uf_disable_surveys":false},"product_brand":[],"product_cat":[221,484],"product_tag":[],"class_list":{"0":"post-18202","1":"product","2":"type-product","3":"status-publish","4":"has-post-thumbnail","6":"product_cat-flatware-and-serving-pieces","7":"product_cat-porcelain-tableware","8":"product_shipping_class-small-item-0-500-g","10":"first","11":"instock","12":"shipping-taxable","13":"purchasable","14":"product-type-simple"},"aioseo_notices":[],"_links":{"self":[{"href":"https:\/\/thebestantique.com\/et\/wp-json\/wp\/v2\/product\/18202","targetHints":{"allow":["GET"]}}],"collection":[{"href":"https:\/\/thebestantique.com\/et\/wp-json\/wp\/v2\/product"}],"about":[{"href":"https:\/\/thebestantique.com\/et\/wp-json\/wp\/v2\/types\/product"}],"replies":[{"embeddable":true,"href":"https:\/\/thebestantique.com\/et\/wp-json\/wp\/v2\/comments?post=18202"}],"wp:featuredmedia":[{"embeddable":true,"href":"https:\/\/thebestantique.com\/et\/wp-json\/wp\/v2\/media\/18204"}],"wp:attachment":[{"href":"https:\/\/thebestantique.com\/et\/wp-json\/wp\/v2\/media?parent=18202"}],"wp:term":[{"taxonomy":"product_brand","embeddable":true,"href":"https:\/\/thebestantique.com\/et\/wp-json\/wp\/v2\/product_brand?post=18202"},{"taxonomy":"product_cat","embeddable":true,"href":"https:\/\/thebestantique.com\/et\/wp-json\/wp\/v2\/product_cat?post=18202"},{"taxonomy":"product_tag","embeddable":true,"href":"https:\/\/thebestantique.com\/et\/wp-json\/wp\/v2\/product_tag?post=18202"}],"curies":[{"name":"wp","href":"https:\/\/api.w.org\/{rel}","templated":true}]}}