{"id":18189,"date":"2026-01-20T11:18:53","date_gmt":"2026-01-20T09:18:53","guid":{"rendered":"https:\/\/thebestantique.com\/?post_type=product&#038;p=18189"},"modified":"2026-01-20T11:22:33","modified_gmt":"2026-01-20T09:22:33","slug":"eesti-kuld18-karat-korvarongad-parlidega","status":"publish","type":"product","link":"https:\/\/thebestantique.com\/et\/product\/eesti-kuld18-karat-korvarongad-parlidega\/","title":{"rendered":"Kuld18 karat k\u00f5rvar\u00f5ngad p\u00e4rlidega"},"content":{"rendered":"<p><\/p>\n<div class=\"xz9dl7a x4uap5 xsag5q8 xkhd6sd x126k92a\">\n<div><span class=\"x193iq5w xeuugli x13faqbe x1vvkbs xlh3980 xvmahel x1n0sxbx x1lliihq x1s928wv xhkezso x1gmr53x x1cpjm7i x1fgarty x1943h6x x4zkp8e x3x7a5m x6prxxf xvq8zen xo1l8bm xzsf02u\" dir=\"auto\">Elegantsed naiste kuld18 karat k\u00f5rvar\u00f5ngad p\u00e4rlidega. 18 karat( 750 proov).\u00a0<\/span><\/div>\n<\/div>\n<ul>\n<li>Suurema p\u00e4rli m\u00f5\u00f5dud on: 6.7 x 5.8 mm. V\u00e4iksema p\u00e4rli diameeter: 4.3 mm.<\/li>\n<\/ul>\n<div class=\"x1i10hfl xjbqb8w x1ejq31n xd10rxx x1sy0etr x17r0tee x972fbf xcfux6l x1qhh985 xm0m39n x9f619 x1ypdohk xt0psk2 xe8uvvx xdj266r x11i5rnm xat24cr x1mh8g0r xexx8yu x4uap5 x18d9i69 xkhd6sd x16tdsg8 x1hl2dhg xggy1nq x1o1ewxj x3x9cwd x1e5q0jg x13rtm0m x1n2onr6 x87ps6o x1lku1pv x1a2a7pz\" tabindex=\"0\" role=\"button\">\n<div>\n<div class=\"x1lq5wgf xgqcy7u x30kzoy x9jhf4c x6ikm8r x10wlt62 x1n2onr6\">\n<div>\n<div class=\"x1n2onr6 xqtp20y x6ikm8r x10wlt62\">\n<div class=\"x10l6tqk x17qophe x13vifvy\"><\/div>\n<\/div>\n<\/div>\n<\/div>\n<\/div>\n<\/div>\n<p><\/p>","protected":false},"excerpt":{"rendered":"<p><span class=\"x193iq5w xeuugli x13faqbe x1vvkbs xlh3980 xvmahel x1n0sxbx x1lliihq x1s928wv xhkezso x1gmr53x x1cpjm7i x1fgarty x1943h6x x4zkp8e x3x7a5m x6prxxf xvq8zen xo1l8bm xzsf02u\" dir=\"auto\">Kaal: 1.9 g.<\/span><\/p>\n","protected":false},"featured_media":18191,"comment_status":"closed","ping_status":"closed","template":"","meta":{"_exactmetrics_skip_tracking":false,"_exactmetrics_sitenote_active":false,"_exactmetrics_sitenote_note":"","_exactmetrics_sitenote_category":0,"_uf_show_specific_survey":0,"_uf_disable_surveys":false},"product_brand":[],"product_cat":[213],"product_tag":[],"class_list":{"0":"post-18189","1":"product","2":"type-product","3":"status-publish","4":"has-post-thumbnail","6":"product_cat-jewellery","7":"product_shipping_class-small-item-0-500-g","9":"first","10":"instock","11":"shipping-taxable","12":"purchasable","13":"product-type-simple"},"aioseo_notices":[],"_links":{"self":[{"href":"https:\/\/thebestantique.com\/et\/wp-json\/wp\/v2\/product\/18189","targetHints":{"allow":["GET"]}}],"collection":[{"href":"https:\/\/thebestantique.com\/et\/wp-json\/wp\/v2\/product"}],"about":[{"href":"https:\/\/thebestantique.com\/et\/wp-json\/wp\/v2\/types\/product"}],"replies":[{"embeddable":true,"href":"https:\/\/thebestantique.com\/et\/wp-json\/wp\/v2\/comments?post=18189"}],"wp:featuredmedia":[{"embeddable":true,"href":"https:\/\/thebestantique.com\/et\/wp-json\/wp\/v2\/media\/18191"}],"wp:attachment":[{"href":"https:\/\/thebestantique.com\/et\/wp-json\/wp\/v2\/media?parent=18189"}],"wp:term":[{"taxonomy":"product_brand","embeddable":true,"href":"https:\/\/thebestantique.com\/et\/wp-json\/wp\/v2\/product_brand?post=18189"},{"taxonomy":"product_cat","embeddable":true,"href":"https:\/\/thebestantique.com\/et\/wp-json\/wp\/v2\/product_cat?post=18189"},{"taxonomy":"product_tag","embeddable":true,"href":"https:\/\/thebestantique.com\/et\/wp-json\/wp\/v2\/product_tag?post=18189"}],"curies":[{"name":"wp","href":"https:\/\/api.w.org\/{rel}","templated":true}]}}