{"id":18104,"date":"2026-01-15T12:48:22","date_gmt":"2026-01-15T10:48:22","guid":{"rendered":"https:\/\/thebestantique.com\/?post_type=product&#038;p=18104"},"modified":"2026-01-15T12:48:22","modified_gmt":"2026-01-15T10:48:22","slug":"meat-serving-set","status":"publish","type":"product","link":"https:\/\/thebestantique.com\/et\/product\/meat-serving-set\/","title":{"rendered":"Liha jaoks serveerimiskomplekt"},"content":{"rendered":"<p><\/p>\n<p data-path-to-node=\"13\"><b data-path-to-node=\"13\" data-index-in-node=\"0\">Liha serveerimiskomplekt (nuga ja kahvel)<\/b> <i data-path-to-node=\"13\" data-index-in-node=\"42\">Prantsusmaa, 19. sajandi l\u00f5pp \u2013 20. sajandi algus<\/i><\/p>\n<p data-path-to-node=\"14\">Elegantne komplekt liha serveerimiseks. H\u00f5bedast k\u00e4epidemed on kaunistatud reljeefse mustriga. T\u00f6\u00f6osad on metallist; nuga on klassikalise lihanoa teraga.<\/p>\n<p data-path-to-node=\"15,2,0\">\n<p><\/p>","protected":false},"excerpt":{"rendered":"<ul>\n<li><b data-path-to-node=\"15,2,0\" data-index-in-node=\"0\">M\u00f5\u00f5dud:<\/b> Nuga \u2014 31 cm, kahvel \u2014 27 cm.<\/li>\n<\/ul>\n","protected":false},"featured_media":18106,"comment_status":"closed","ping_status":"closed","template":"","meta":{"_exactmetrics_skip_tracking":false,"_exactmetrics_sitenote_active":false,"_exactmetrics_sitenote_note":"","_exactmetrics_sitenote_category":0,"_uf_show_specific_survey":0,"_uf_disable_surveys":false},"product_brand":[],"product_cat":[221],"product_tag":[2176],"class_list":{"0":"post-18104","1":"product","2":"type-product","3":"status-publish","4":"has-post-thumbnail","6":"product_cat-flatware-and-serving-pieces","7":"product_tag-2176","8":"product_shipping_class-small-item-0-500-g","10":"first","11":"instock","12":"shipping-taxable","13":"purchasable","14":"product-type-simple"},"aioseo_notices":[],"_links":{"self":[{"href":"https:\/\/thebestantique.com\/et\/wp-json\/wp\/v2\/product\/18104","targetHints":{"allow":["GET"]}}],"collection":[{"href":"https:\/\/thebestantique.com\/et\/wp-json\/wp\/v2\/product"}],"about":[{"href":"https:\/\/thebestantique.com\/et\/wp-json\/wp\/v2\/types\/product"}],"replies":[{"embeddable":true,"href":"https:\/\/thebestantique.com\/et\/wp-json\/wp\/v2\/comments?post=18104"}],"wp:featuredmedia":[{"embeddable":true,"href":"https:\/\/thebestantique.com\/et\/wp-json\/wp\/v2\/media\/18106"}],"wp:attachment":[{"href":"https:\/\/thebestantique.com\/et\/wp-json\/wp\/v2\/media?parent=18104"}],"wp:term":[{"taxonomy":"product_brand","embeddable":true,"href":"https:\/\/thebestantique.com\/et\/wp-json\/wp\/v2\/product_brand?post=18104"},{"taxonomy":"product_cat","embeddable":true,"href":"https:\/\/thebestantique.com\/et\/wp-json\/wp\/v2\/product_cat?post=18104"},{"taxonomy":"product_tag","embeddable":true,"href":"https:\/\/thebestantique.com\/et\/wp-json\/wp\/v2\/product_tag?post=18104"}],"curies":[{"name":"wp","href":"https:\/\/api.w.org\/{rel}","templated":true}]}}