{"id":17250,"date":"2026-01-08T14:56:36","date_gmt":"2026-01-08T12:56:36","guid":{"rendered":"https:\/\/thebestantique.com\/?post_type=product&#038;p=17250"},"modified":"2026-01-10T22:59:13","modified_gmt":"2026-01-10T20:59:13","slug":"estonian-notepad-with-silver-lid-and-original-pencil","status":"publish","type":"product","link":"https:\/\/thebestantique.com\/et\/product\/estonian-notepad-with-silver-lid-and-original-pencil\/","title":{"rendered":"Eesti m\u00e4rkmik h\u00f5bedase kaane ja originaalpliiatsiga"},"content":{"rendered":"<p><\/p>\n<p data-start=\"175\" data-end=\"373\">Eesti m\u00e4rkmik h\u00f5bedase kaane ja originaalpliiatsiga<\/p>\n<p data-start=\"175\" data-end=\"373\">Meistrim\u00e4rk: RL, h\u00f5be 875 (proovim\u00e4rgistatud). Tallinn, Eesti, 1938<br data-start=\"242\" data-end=\"245\" \/>H\u00f5bedane kaas marmorist alusel; kullatud servadega m\u00e4rkmik; originaalne h\u00f5bedakinnitusega pliiats<br data-start=\"342\" data-end=\"345\" \/>M\u00f5\u00f5dud: 22,3 \u00d7 14 \u00d7 5,6 cm<\/p>\n<p data-start=\"375\" data-end=\"506\"><strong data-start=\"375\" data-end=\"397\">Graveering (kaan):<\/strong><br data-start=\"397\" data-end=\"400\" \/>\u201eEesti Lloydi kolleegid m\u00e4lestuseks peainspektor hr Heino Ploomi 50. s\u00fcnnip\u00e4evaks. Tallinn, 19. mai 1938.\u201d<\/p>\n<p data-start=\"508\" data-end=\"704\">Kirjutuslaua m\u00e4rkmik hingedega h\u00f5bedase kaanega ja kuulikujuliste nupukestega, kinnitatud mustast marmorist alusele; komplektis originaalpliiats. Kaant kaunistab graveeritud p\u00fchendus ja monogramm.<\/p>\n<p data-start=\"706\" data-end=\"934\">Eesti Lloyd, asutatud 1919. aastal, oli Tallinnas tegutsenud kindlustuse aktsiaselts. See juubelikingitus, mis anti peainspektor Heino Ploomile, peegeldab s\u00f5jaeelse Eesti korporatiivset etiketti ja k\u00f5rgetasemelist metallikunsti<\/p>\n<p><\/p>","protected":false},"excerpt":{"rendered":"<p>Eesti m\u00e4rkmik h\u00f5bedase kaane ja originaalpliiatsiga<\/p>\n","protected":false},"featured_media":17324,"comment_status":"closed","ping_status":"closed","template":"","meta":{"_exactmetrics_skip_tracking":false,"_exactmetrics_sitenote_active":false,"_exactmetrics_sitenote_note":"","_exactmetrics_sitenote_category":0,"_uf_show_specific_survey":0,"_uf_disable_surveys":false},"product_brand":[],"product_cat":[222,6],"product_tag":[],"class_list":{"0":"post-17250","1":"product","2":"type-product","3":"status-publish","4":"has-post-thumbnail","6":"product_cat-more-silver","7":"product_cat-silver","8":"product_shipping_class-small-item-0-500-g","10":"first","11":"instock","12":"shipping-taxable","13":"purchasable","14":"product-type-simple"},"aioseo_notices":[],"_links":{"self":[{"href":"https:\/\/thebestantique.com\/et\/wp-json\/wp\/v2\/product\/17250","targetHints":{"allow":["GET"]}}],"collection":[{"href":"https:\/\/thebestantique.com\/et\/wp-json\/wp\/v2\/product"}],"about":[{"href":"https:\/\/thebestantique.com\/et\/wp-json\/wp\/v2\/types\/product"}],"replies":[{"embeddable":true,"href":"https:\/\/thebestantique.com\/et\/wp-json\/wp\/v2\/comments?post=17250"}],"wp:featuredmedia":[{"embeddable":true,"href":"https:\/\/thebestantique.com\/et\/wp-json\/wp\/v2\/media\/17324"}],"wp:attachment":[{"href":"https:\/\/thebestantique.com\/et\/wp-json\/wp\/v2\/media?parent=17250"}],"wp:term":[{"taxonomy":"product_brand","embeddable":true,"href":"https:\/\/thebestantique.com\/et\/wp-json\/wp\/v2\/product_brand?post=17250"},{"taxonomy":"product_cat","embeddable":true,"href":"https:\/\/thebestantique.com\/et\/wp-json\/wp\/v2\/product_cat?post=17250"},{"taxonomy":"product_tag","embeddable":true,"href":"https:\/\/thebestantique.com\/et\/wp-json\/wp\/v2\/product_tag?post=17250"}],"curies":[{"name":"wp","href":"https:\/\/api.w.org\/{rel}","templated":true}]}}