{"id":17240,"date":"2026-01-08T09:40:54","date_gmt":"2026-01-08T07:40:54","guid":{"rendered":"https:\/\/thebestantique.com\/?post_type=product&#038;p=17240"},"modified":"2026-01-10T22:54:55","modified_gmt":"2026-01-10T20:54:55","slug":"imperial-russian-sword-m-1907-bebut-for-artillery-units-zlatoust-1911y","status":"publish","type":"product","link":"https:\/\/thebestantique.com\/et\/product\/imperial-russian-sword-m-1907-bebut-for-artillery-units-zlatoust-1911y\/","title":{"rendered":"Vene Keisririigi M1907 mudeli bebut-m\u00f5\u00f5k suurt\u00fckiv\u00e4e\u00fcksustele. Zlatoust, 1911. \u00dcksus \u2013 \u201e144. \u041f.\u041a.\u041f.\u201d"},"content":{"rendered":"<p><\/p>\n<p data-start=\"786\" data-end=\"890\"><strong data-start=\"786\" data-end=\"890\">Vene Keisririigi M1907 mudeli bebut-m\u00f5\u00f5k suurt\u00fckiv\u00e4e\u00fcksustele. Zlatoust, 1911. \u00dcksus \u2013 \u201e144. \u041f.\u041a.\u041f.\u201d<\/strong><\/p>\n<p data-start=\"892\" data-end=\"1091\">M1907 mudeli bebut oli spetsiaalne k\u00fclmrelv, mis oli kasutusel Vene Keisririigi armees ning m\u00f5eldud suurt\u00fckiv\u00e4e\u00fcksustele ja kuulipildujar\u00fchmadele (mis olid administratiivselt suurt\u00fckiv\u00e4e koosseisus).<\/p>\n<blockquote>\n<p data-start=\"1093\" data-end=\"1165\">Kogupikkus: 63,9 cm<br data-start=\"1112\" data-end=\"1115\" \/>Teral\u00f5ikuse pikkus: 43,4 cm<br data-start=\"1142\" data-end=\"1145\" \/>Tera laius: 3,5 cm<\/p>\n<\/blockquote>\n<p><\/p>","protected":false},"excerpt":{"rendered":"<p><strong data-start=\"786\" data-end=\"890\">Vene Keisririigi M1907 mudeli bebut-m\u00f5\u00f5k suurt\u00fckiv\u00e4e\u00fcksustele. Zlatoust, 1911. \u00dcksus \u2013 \u201e144. \u041f.\u041a.\u041f.\u201d<\/strong><\/p>\n","protected":false},"featured_media":17316,"comment_status":"closed","ping_status":"closed","template":"","meta":{"_exactmetrics_skip_tracking":false,"_exactmetrics_sitenote_active":false,"_exactmetrics_sitenote_note":"","_exactmetrics_sitenote_category":0,"_uf_show_specific_survey":0,"_uf_disable_surveys":false},"product_brand":[],"product_cat":[36,80],"product_tag":[],"class_list":{"0":"post-17240","1":"product","2":"type-product","3":"status-publish","4":"has-post-thumbnail","6":"product_cat-daggers","7":"product_cat-swords","8":"product_shipping_class-average-item-500-1500-g","10":"first","11":"instock","12":"shipping-taxable","13":"purchasable","14":"product-type-simple"},"aioseo_notices":[],"_links":{"self":[{"href":"https:\/\/thebestantique.com\/et\/wp-json\/wp\/v2\/product\/17240","targetHints":{"allow":["GET"]}}],"collection":[{"href":"https:\/\/thebestantique.com\/et\/wp-json\/wp\/v2\/product"}],"about":[{"href":"https:\/\/thebestantique.com\/et\/wp-json\/wp\/v2\/types\/product"}],"replies":[{"embeddable":true,"href":"https:\/\/thebestantique.com\/et\/wp-json\/wp\/v2\/comments?post=17240"}],"wp:featuredmedia":[{"embeddable":true,"href":"https:\/\/thebestantique.com\/et\/wp-json\/wp\/v2\/media\/17316"}],"wp:attachment":[{"href":"https:\/\/thebestantique.com\/et\/wp-json\/wp\/v2\/media?parent=17240"}],"wp:term":[{"taxonomy":"product_brand","embeddable":true,"href":"https:\/\/thebestantique.com\/et\/wp-json\/wp\/v2\/product_brand?post=17240"},{"taxonomy":"product_cat","embeddable":true,"href":"https:\/\/thebestantique.com\/et\/wp-json\/wp\/v2\/product_cat?post=17240"},{"taxonomy":"product_tag","embeddable":true,"href":"https:\/\/thebestantique.com\/et\/wp-json\/wp\/v2\/product_tag?post=17240"}],"curies":[{"name":"wp","href":"https:\/\/api.w.org\/{rel}","templated":true}]}}