{"id":17231,"date":"2026-01-07T14:55:51","date_gmt":"2026-01-07T12:55:51","guid":{"rendered":"https:\/\/thebestantique.com\/?post_type=product&#038;p=17231"},"modified":"2026-01-10T22:51:22","modified_gmt":"2026-01-10T20:51:22","slug":"imperial-russian-sword-m-1907-bebut-for-artillery-units-2","status":"publish","type":"product","link":"https:\/\/thebestantique.com\/et\/product\/imperial-russian-sword-m-1907-bebut-for-artillery-units-2\/","title":{"rendered":"Vene keisririigi 1907. aasta mudeli M1907 \u201eBebut\u201c suurt\u00fckiv\u00e4e m\u00f5\u00f5k."},"content":{"rendered":"<p><\/p>\n<p data-start=\"616\" data-end=\"894\">Vene keisririigi 1907. aasta mudeli M1907 \u201eBebut\u201c suurt\u00fckiv\u00e4e m\u00f5\u00f5k.<br data-start=\"683\" data-end=\"686\" \/>M1907 \u201eBebut\u201c oli Vene keisririigi armee poolt kasutusele v\u00f5etud spetsiaalne k\u00fclmrelv, mis oli m\u00f5eldud eelk\u00f5ige suurt\u00fckiv\u00e4e\u00fcksustele ja kuulipildujar\u00fchmadele (mis kuulusid halduslikult suurt\u00fckiv\u00e4e koosseisu).<\/p>\n<blockquote>\n<p data-start=\"896\" data-end=\"961\">Kogupikkus: 63,5 cm<br data-start=\"915\" data-end=\"918\" \/>Tera pikkus: 43,6 cm<br data-start=\"938\" data-end=\"941\" \/>Tera laius: 3,5 cm<\/p>\n<\/blockquote>\n<p><\/p>","protected":false},"excerpt":{"rendered":"<p>Vene keisririigi 1907. aasta mudeli M1907 \u201eBebut\u201c suurt\u00fckiv\u00e4e m\u00f5\u00f5k.<\/p>\n","protected":false},"featured_media":17306,"comment_status":"closed","ping_status":"closed","template":"","meta":{"_exactmetrics_skip_tracking":false,"_exactmetrics_sitenote_active":false,"_exactmetrics_sitenote_note":"","_exactmetrics_sitenote_category":0,"_uf_show_specific_survey":0,"_uf_disable_surveys":false},"product_brand":[],"product_cat":[36,80],"product_tag":[],"class_list":{"0":"post-17231","1":"product","2":"type-product","3":"status-publish","4":"has-post-thumbnail","6":"product_cat-daggers","7":"product_cat-swords","8":"product_shipping_class-average-item-500-1500-g","10":"first","11":"instock","12":"shipping-taxable","13":"purchasable","14":"product-type-simple"},"aioseo_notices":[],"_links":{"self":[{"href":"https:\/\/thebestantique.com\/et\/wp-json\/wp\/v2\/product\/17231","targetHints":{"allow":["GET"]}}],"collection":[{"href":"https:\/\/thebestantique.com\/et\/wp-json\/wp\/v2\/product"}],"about":[{"href":"https:\/\/thebestantique.com\/et\/wp-json\/wp\/v2\/types\/product"}],"replies":[{"embeddable":true,"href":"https:\/\/thebestantique.com\/et\/wp-json\/wp\/v2\/comments?post=17231"}],"wp:featuredmedia":[{"embeddable":true,"href":"https:\/\/thebestantique.com\/et\/wp-json\/wp\/v2\/media\/17306"}],"wp:attachment":[{"href":"https:\/\/thebestantique.com\/et\/wp-json\/wp\/v2\/media?parent=17231"}],"wp:term":[{"taxonomy":"product_brand","embeddable":true,"href":"https:\/\/thebestantique.com\/et\/wp-json\/wp\/v2\/product_brand?post=17231"},{"taxonomy":"product_cat","embeddable":true,"href":"https:\/\/thebestantique.com\/et\/wp-json\/wp\/v2\/product_cat?post=17231"},{"taxonomy":"product_tag","embeddable":true,"href":"https:\/\/thebestantique.com\/et\/wp-json\/wp\/v2\/product_tag?post=17231"}],"curies":[{"name":"wp","href":"https:\/\/api.w.org\/{rel}","templated":true}]}}