{"id":17219,"date":"2025-12-29T15:31:42","date_gmt":"2025-12-29T13:31:42","guid":{"rendered":"https:\/\/thebestantique.com\/?post_type=product&#038;p=17219"},"modified":"2026-01-10T22:45:45","modified_gmt":"2026-01-10T20:45:45","slug":"tea-glass-holder-by-alexander-kach","status":"publish","type":"product","link":"https:\/\/thebestantique.com\/et\/product\/tea-glass-holder-by-alexander-kach\/","title":{"rendered":"Teeklaasihoidja, Alexander Kachi tehased, Vene impeerium."},"content":{"rendered":"<p><\/p>\n<p data-start=\"597\" data-end=\"678\"><strong data-start=\"597\" data-end=\"616\">Teeklaasihoidja<\/strong>, Alexander Kachi tehased, Vene impeerium.<br data-start=\"658\" data-end=\"661\" \/>H\u00f5betatud metall.<\/p>\n<p data-start=\"680\" data-end=\"950\">Klassikaline vene teeklaasihoidja, valmistatud Alexander Kachi tehastes, mis on tuntud oma kvaliteetse t\u00f6\u00f6 ja elegantse dekoori poolest, mis on iseloomulik hilisele keisriperioodile. M\u00f5eldud kasutamiseks traditsiooniliste teeklaasidega \u2013 vene teekultuuri lahutamatu osa.<\/p>\n<blockquote>\n<p data-start=\"952\" data-end=\"997\">M\u00f5\u00f5dud:<br data-start=\"959\" data-end=\"962\" \/>K\u00f5rgus: 5,2 cm<br data-start=\"976\" data-end=\"979\" \/>L\u00e4bim\u00f5\u00f5t: 7,4 cm<\/p>\n<\/blockquote>\n<p><\/p>","protected":false},"excerpt":{"rendered":"<p>Teeklaasihoidja, Alexander Kachi tehased, Vene impeerium.H\u00f5betatud metall. Klassikaline vene teeklaasihoidja, valmistatud Alexander Kachi tehastes, mis on tuntud oma kvaliteetse t\u00f6\u00f6 ja elegantse dekoori poolest, mis on iseloomulik hilisele keisriperioodile. M\u00f5eldud kasutamiseks traditsiooniliste teeklaasidega \u2013 vene teekultuuri lahutamatu osa. M\u00f5\u00f5dud:K\u00f5rgus: 5,2 cmL\u00e4bim\u00f5\u00f5t: 7,4 cm<\/p>\n","protected":false},"featured_media":17301,"comment_status":"closed","ping_status":"closed","template":"","meta":{"_exactmetrics_skip_tracking":false,"_exactmetrics_sitenote_active":false,"_exactmetrics_sitenote_note":"","_exactmetrics_sitenote_category":0,"_uf_show_specific_survey":0,"_uf_disable_surveys":false},"product_brand":[],"product_cat":[291,8],"product_tag":[],"class_list":{"0":"post-17219","1":"product","2":"type-product","3":"status-publish","4":"has-post-thumbnail","6":"product_cat-other","7":"product_cat-samovars","8":"product_shipping_class-small-item-0-500-g","10":"first","11":"instock","12":"shipping-taxable","13":"purchasable","14":"product-type-simple"},"aioseo_notices":[],"_links":{"self":[{"href":"https:\/\/thebestantique.com\/et\/wp-json\/wp\/v2\/product\/17219","targetHints":{"allow":["GET"]}}],"collection":[{"href":"https:\/\/thebestantique.com\/et\/wp-json\/wp\/v2\/product"}],"about":[{"href":"https:\/\/thebestantique.com\/et\/wp-json\/wp\/v2\/types\/product"}],"replies":[{"embeddable":true,"href":"https:\/\/thebestantique.com\/et\/wp-json\/wp\/v2\/comments?post=17219"}],"wp:featuredmedia":[{"embeddable":true,"href":"https:\/\/thebestantique.com\/et\/wp-json\/wp\/v2\/media\/17301"}],"wp:attachment":[{"href":"https:\/\/thebestantique.com\/et\/wp-json\/wp\/v2\/media?parent=17219"}],"wp:term":[{"taxonomy":"product_brand","embeddable":true,"href":"https:\/\/thebestantique.com\/et\/wp-json\/wp\/v2\/product_brand?post=17219"},{"taxonomy":"product_cat","embeddable":true,"href":"https:\/\/thebestantique.com\/et\/wp-json\/wp\/v2\/product_cat?post=17219"},{"taxonomy":"product_tag","embeddable":true,"href":"https:\/\/thebestantique.com\/et\/wp-json\/wp\/v2\/product_tag?post=17219"}],"curies":[{"name":"wp","href":"https:\/\/api.w.org\/{rel}","templated":true}]}}