{"id":17199,"date":"2025-12-18T16:00:07","date_gmt":"2025-12-18T14:00:07","guid":{"rendered":"https:\/\/thebestantique.com\/?post_type=product&#038;p=17199"},"modified":"2025-12-18T16:00:07","modified_gmt":"2025-12-18T14:00:07","slug":"colossal-and-graceful-pair-of-meissen-style-porcelain-figurines","status":"publish","type":"product","link":"https:\/\/thebestantique.com\/et\/product\/colossal-and-graceful-pair-of-meissen-style-porcelain-figurines\/","title":{"rendered":"Hiigelsuur Meissen-stiilis portselanfiguuride paar"},"content":{"rendered":"<p>Hiigelsuur paar Meissen-stiilis portselanfiguure: k\u00f5rgus 40 cm, aluse l\u00e4bim\u00f5\u00f5t 17 cm. K\u00e4sitsi maalitud, kuldse siseviimistluse ja rokokoo-detailidega.<\/p>","protected":false},"excerpt":{"rendered":"<p>Hiigelsuur paar Meissen-stiilis portselanfiguure: k\u00f5rgus 40 cm, aluse l\u00e4bim\u00f5\u00f5t 17 cm. K\u00e4sitsi maalitud, kuldse siseviimistluse ja rokokoo-detailidega.<\/p>\n","protected":false},"featured_media":17201,"comment_status":"closed","ping_status":"closed","template":"","meta":{"_exactmetrics_skip_tracking":false,"_exactmetrics_sitenote_active":false,"_exactmetrics_sitenote_note":"","_exactmetrics_sitenote_category":0,"_uf_show_specific_survey":0,"_uf_disable_surveys":false},"product_brand":[],"product_cat":[148],"product_tag":[2171,2170,2173,2172],"class_list":{"0":"post-17199","1":"product","2":"type-product","3":"status-publish","4":"has-post-thumbnail","6":"product_cat-porcelain-figures","7":"product_tag-colossal-and-graceful-pair-of-meissen-style-porcelain-figurines","8":"product_tag-hiigelsuur-meissen-stiilis-portselanfiguuride-paar","9":"product_tag-2173","10":"product_tag-2172","11":"product_shipping_class-average-item-500-1500-g","13":"first","14":"instock","15":"shipping-taxable","16":"purchasable","17":"product-type-simple"},"aioseo_notices":[],"_links":{"self":[{"href":"https:\/\/thebestantique.com\/et\/wp-json\/wp\/v2\/product\/17199","targetHints":{"allow":["GET"]}}],"collection":[{"href":"https:\/\/thebestantique.com\/et\/wp-json\/wp\/v2\/product"}],"about":[{"href":"https:\/\/thebestantique.com\/et\/wp-json\/wp\/v2\/types\/product"}],"replies":[{"embeddable":true,"href":"https:\/\/thebestantique.com\/et\/wp-json\/wp\/v2\/comments?post=17199"}],"wp:featuredmedia":[{"embeddable":true,"href":"https:\/\/thebestantique.com\/et\/wp-json\/wp\/v2\/media\/17201"}],"wp:attachment":[{"href":"https:\/\/thebestantique.com\/et\/wp-json\/wp\/v2\/media?parent=17199"}],"wp:term":[{"taxonomy":"product_brand","embeddable":true,"href":"https:\/\/thebestantique.com\/et\/wp-json\/wp\/v2\/product_brand?post=17199"},{"taxonomy":"product_cat","embeddable":true,"href":"https:\/\/thebestantique.com\/et\/wp-json\/wp\/v2\/product_cat?post=17199"},{"taxonomy":"product_tag","embeddable":true,"href":"https:\/\/thebestantique.com\/et\/wp-json\/wp\/v2\/product_tag?post=17199"}],"curies":[{"name":"wp","href":"https:\/\/api.w.org\/{rel}","templated":true}]}}