{"id":17193,"date":"2025-12-18T15:12:01","date_gmt":"2025-12-18T13:12:01","guid":{"rendered":"https:\/\/thebestantique.com\/?post_type=product&#038;p=17193"},"modified":"2025-12-18T16:09:26","modified_gmt":"2025-12-18T14:09:26","slug":"an-english-lantern-clock-a-17th-century","status":"publish","type":"product","link":"https:\/\/thebestantique.com\/et\/product\/an-english-lantern-clock-a-17th-century\/","title":{"rendered":"17. sajandi inglise laternakell"},"content":{"rendered":"<p><\/p>\n<div class=\"paragraph\">\n<p>Laternakell on valmistatud peamiselt messingist ja varustatud l\u00f6\u00f6gimehhanismiga.<\/p>\n<blockquote><p>M\u00f5\u00f5dud: 38 \u00d7 16,6 \u00d7 15 cm.<\/p><\/blockquote>\n<\/div>\n<p><\/p>","protected":false},"excerpt":{"rendered":"<p>Laternakellale on omane messingist ruudukujuline raam, \u00fclaosas kellakell, neli nurgaposti ja \u00fcksainus tunnin\u00e4it.<br \/>\nDisain peegeldab renessanssi: detailne graveering numbrilaual ning antiiksetest sambatest inspireeritud postid.<br \/>\nToodetud Londoni gildi oskuslike meistrite poolt suurtes kogustes, p\u00fcsis populaarsus kuni pendliga t\u00e4psuskella tulekuni hiljem 17. sajandil.<\/p>\n","protected":false},"featured_media":17198,"comment_status":"closed","ping_status":"closed","template":"","meta":{"_exactmetrics_skip_tracking":false,"_exactmetrics_sitenote_active":false,"_exactmetrics_sitenote_note":"","_exactmetrics_sitenote_category":0,"_uf_show_specific_survey":0,"_uf_disable_surveys":false},"product_brand":[],"product_cat":[179],"product_tag":[2167,2169,2168],"class_list":{"0":"post-17193","1":"product","2":"type-product","3":"status-publish","4":"has-post-thumbnail","6":"product_cat-clocks-and-watches","7":"product_tag-2167","8":"product_tag-a-17th-century","9":"product_tag-an-english-lantern-clock","10":"product_shipping_class-average-item-500-1500-g","12":"first","13":"instock","14":"shipping-taxable","15":"purchasable","16":"product-type-simple"},"aioseo_notices":[],"_links":{"self":[{"href":"https:\/\/thebestantique.com\/et\/wp-json\/wp\/v2\/product\/17193","targetHints":{"allow":["GET"]}}],"collection":[{"href":"https:\/\/thebestantique.com\/et\/wp-json\/wp\/v2\/product"}],"about":[{"href":"https:\/\/thebestantique.com\/et\/wp-json\/wp\/v2\/types\/product"}],"replies":[{"embeddable":true,"href":"https:\/\/thebestantique.com\/et\/wp-json\/wp\/v2\/comments?post=17193"}],"wp:featuredmedia":[{"embeddable":true,"href":"https:\/\/thebestantique.com\/et\/wp-json\/wp\/v2\/media\/17198"}],"wp:attachment":[{"href":"https:\/\/thebestantique.com\/et\/wp-json\/wp\/v2\/media?parent=17193"}],"wp:term":[{"taxonomy":"product_brand","embeddable":true,"href":"https:\/\/thebestantique.com\/et\/wp-json\/wp\/v2\/product_brand?post=17193"},{"taxonomy":"product_cat","embeddable":true,"href":"https:\/\/thebestantique.com\/et\/wp-json\/wp\/v2\/product_cat?post=17193"},{"taxonomy":"product_tag","embeddable":true,"href":"https:\/\/thebestantique.com\/et\/wp-json\/wp\/v2\/product_tag?post=17193"}],"curies":[{"name":"wp","href":"https:\/\/api.w.org\/{rel}","templated":true}]}}