{"id":17190,"date":"2025-12-18T14:18:55","date_gmt":"2025-12-18T12:18:55","guid":{"rendered":"https:\/\/thebestantique.com\/?post_type=product&#038;p=17190"},"modified":"2025-12-18T14:19:12","modified_gmt":"2025-12-18T12:19:12","slug":"summer-landscape-signed","status":"publish","type":"product","link":"https:\/\/thebestantique.com\/et\/product\/summer-landscape-signed\/","title":{"rendered":"\u00abSuvine maastik\u00bb. \u00d5limaal"},"content":{"rendered":"<p>\u00abSuvine maastik\u00bb.<br \/>\nVene \u00f5limaal \u00abSuvine maastik\u00bb l\u00f5uendil. Allkiri kirillitsas. 20. sajand.<\/p>\n<blockquote><p>M\u00f5\u00f5dud (ilma raamita): 35 \u00d7 51 cm.<\/p><\/blockquote>\n<p><\/p>","protected":false},"excerpt":{"rendered":"<p>\u00abSuvine maastik\u00bb. Vene \u00f5limaal \u00abSuvine maastik\u00bb l\u00f5uendil. Allkiri kirillitsas. 20. sajand. M\u00f5\u00f5dud (ilma raamita): 35 \u00d7 51 cm.<\/p>\n","protected":false},"featured_media":17178,"comment_status":"closed","ping_status":"closed","template":"","meta":{"_exactmetrics_skip_tracking":false,"_exactmetrics_sitenote_active":false,"_exactmetrics_sitenote_note":"","_exactmetrics_sitenote_category":0,"_uf_show_specific_survey":0,"_uf_disable_surveys":false},"product_brand":[],"product_cat":[332],"product_tag":[2166,2165,2164,2163],"class_list":{"0":"post-17190","1":"product","2":"type-product","3":"status-publish","4":"has-post-thumbnail","6":"product_cat-paintings","7":"product_tag-vene-olimaal-suvine-maastik-louendil","8":"product_tag-2165","9":"product_tag-summer-landscape-signed","10":"product_tag-2163","11":"product_shipping_class-big-item-1500-3000-g","13":"first","14":"instock","15":"shipping-taxable","16":"purchasable","17":"product-type-simple"},"aioseo_notices":[],"_links":{"self":[{"href":"https:\/\/thebestantique.com\/et\/wp-json\/wp\/v2\/product\/17190","targetHints":{"allow":["GET"]}}],"collection":[{"href":"https:\/\/thebestantique.com\/et\/wp-json\/wp\/v2\/product"}],"about":[{"href":"https:\/\/thebestantique.com\/et\/wp-json\/wp\/v2\/types\/product"}],"replies":[{"embeddable":true,"href":"https:\/\/thebestantique.com\/et\/wp-json\/wp\/v2\/comments?post=17190"}],"wp:featuredmedia":[{"embeddable":true,"href":"https:\/\/thebestantique.com\/et\/wp-json\/wp\/v2\/media\/17178"}],"wp:attachment":[{"href":"https:\/\/thebestantique.com\/et\/wp-json\/wp\/v2\/media?parent=17190"}],"wp:term":[{"taxonomy":"product_brand","embeddable":true,"href":"https:\/\/thebestantique.com\/et\/wp-json\/wp\/v2\/product_brand?post=17190"},{"taxonomy":"product_cat","embeddable":true,"href":"https:\/\/thebestantique.com\/et\/wp-json\/wp\/v2\/product_cat?post=17190"},{"taxonomy":"product_tag","embeddable":true,"href":"https:\/\/thebestantique.com\/et\/wp-json\/wp\/v2\/product_tag?post=17190"}],"curies":[{"name":"wp","href":"https:\/\/api.w.org\/{rel}","templated":true}]}}