{"id":17188,"date":"2025-12-18T12:50:20","date_gmt":"2025-12-18T10:50:20","guid":{"rendered":"https:\/\/thebestantique.com\/?post_type=product&#038;p=17188"},"modified":"2025-12-18T12:50:20","modified_gmt":"2025-12-18T10:50:20","slug":"copy-of-rembrandts-portrait-of-a-polish-nobleman","status":"publish","type":"product","link":"https:\/\/thebestantique.com\/et\/product\/copy-of-rembrandts-portrait-of-a-polish-nobleman\/","title":{"rendered":"Rembrandti \u201ePoola aadliku portree\u201c koopia"},"content":{"rendered":"<p>Rembrandti \u201ePoola aadliku portree\u201c koopia.<\/p>\n<p>Signeeritud kirillitsas: Ekaterina Ridievsakya, 1849.<\/p>\n<p>M\u00f5\u00f5dud (ilma raamita): 46 \u00d7 38 cm.<\/p>","protected":false},"excerpt":{"rendered":"<p>Rembrandti \u201ePoola aadliku portree\u201c koopia. Signeeritud kirillitsas: Ekaterina Ridievsakya, 1849. M\u00f5\u00f5dud (ilma raamita): 46 \u00d7 38 cm.<\/p>\n","protected":false},"featured_media":17173,"comment_status":"closed","ping_status":"closed","template":"","meta":{"_exactmetrics_skip_tracking":false,"_exactmetrics_sitenote_active":false,"_exactmetrics_sitenote_note":"","_exactmetrics_sitenote_category":0,"_uf_show_specific_survey":0,"_uf_disable_surveys":false},"product_brand":[],"product_cat":[332],"product_tag":[2160,2162,2161],"class_list":{"0":"post-17188","1":"product","2":"type-product","3":"status-publish","4":"has-post-thumbnail","6":"product_cat-paintings","7":"product_tag-copy-of-rembrandts-portrait-of-a-polish-nobleman","8":"product_tag-rembrandti-poola-aadliku-portree-koopia","9":"product_tag-2161","10":"product_shipping_class-big-item-1500-3000-g","12":"first","13":"instock","14":"shipping-taxable","15":"purchasable","16":"product-type-simple"},"aioseo_notices":[],"_links":{"self":[{"href":"https:\/\/thebestantique.com\/et\/wp-json\/wp\/v2\/product\/17188","targetHints":{"allow":["GET"]}}],"collection":[{"href":"https:\/\/thebestantique.com\/et\/wp-json\/wp\/v2\/product"}],"about":[{"href":"https:\/\/thebestantique.com\/et\/wp-json\/wp\/v2\/types\/product"}],"replies":[{"embeddable":true,"href":"https:\/\/thebestantique.com\/et\/wp-json\/wp\/v2\/comments?post=17188"}],"wp:featuredmedia":[{"embeddable":true,"href":"https:\/\/thebestantique.com\/et\/wp-json\/wp\/v2\/media\/17173"}],"wp:attachment":[{"href":"https:\/\/thebestantique.com\/et\/wp-json\/wp\/v2\/media?parent=17188"}],"wp:term":[{"taxonomy":"product_brand","embeddable":true,"href":"https:\/\/thebestantique.com\/et\/wp-json\/wp\/v2\/product_brand?post=17188"},{"taxonomy":"product_cat","embeddable":true,"href":"https:\/\/thebestantique.com\/et\/wp-json\/wp\/v2\/product_cat?post=17188"},{"taxonomy":"product_tag","embeddable":true,"href":"https:\/\/thebestantique.com\/et\/wp-json\/wp\/v2\/product_tag?post=17188"}],"curies":[{"name":"wp","href":"https:\/\/api.w.org\/{rel}","templated":true}]}}