{"id":17171,"date":"2025-12-18T12:21:16","date_gmt":"2025-12-18T10:21:16","guid":{"rendered":"https:\/\/thebestantique.com\/?post_type=product&#038;p=17171"},"modified":"2025-12-18T13:17:03","modified_gmt":"2025-12-18T11:17:03","slug":"portrait-of-emperor-napoleon-i","status":"publish","type":"product","link":"https:\/\/thebestantique.com\/et\/product\/portrait-of-emperor-napoleon-i\/","title":{"rendered":"Keiser Napoleon I portree"},"content":{"rendered":"<p>Napoleon I portree.<\/p>\n<p>\u00d5li l\u00f5uendil, signeerimata, 19. sajand.<br \/>\nKujutatud t\u00e4ies s\u00f5jav\u00e4evormis, kaunistatud k\u00f5rgeimate autasudega, sealhulgas Au Legioni ordeniga.<br \/>\nOrnamentne kuldne raam lisab portreele keisrilikku hiilgust.<br \/>\nOmistatud Fran\u00e7ois G\u00e9rard\u2019ile (1770\u20131837), kuulsale Prantsuse portretistile ja aadlikule, kes maalis palju napoleonlikke tegelasi.<\/p>\n<blockquote><p>M\u00f5\u00f5dud: koos raamiga 67 \u00d7 60 cm, ilma raamita 40,5 \u00d7 33 cm.<\/p><\/blockquote>\n<p><\/p>","protected":false},"excerpt":{"rendered":"<p>Napoleon I portree. \u00d5li l\u00f5uendil, signeerimata, 19. sajand. Kujutatud t\u00e4ies s\u00f5jav\u00e4evormis, kaunistatud k\u00f5rgeimate autasudega, sealhulgas Au Legioni ordeniga. Ornamentne kuldne raam lisab portreele keisrilikku hiilgust. Omistatud Fran\u00e7ois G\u00e9rard\u2019ile (1770\u20131837), kuulsale Prantsuse portretistile ja aadlikule, kes maalis palju napoleonlikke tegelasi. M\u00f5\u00f5dud: koos raamiga 67 \u00d7 60 cm, ilma raamita 40,5 \u00d7 33 cm.<\/p>\n","protected":false},"featured_media":17182,"comment_status":"closed","ping_status":"closed","template":"","meta":{"_exactmetrics_skip_tracking":false,"_exactmetrics_sitenote_active":false,"_exactmetrics_sitenote_note":"","_exactmetrics_sitenote_category":0,"_uf_show_specific_survey":0,"_uf_disable_surveys":false},"product_brand":[],"product_cat":[332],"product_tag":[],"class_list":{"0":"post-17171","1":"product","2":"type-product","3":"status-publish","4":"has-post-thumbnail","6":"product_cat-paintings","7":"product_shipping_class-big-item-1500-3000-g","9":"first","10":"instock","11":"shipping-taxable","12":"purchasable","13":"product-type-simple"},"aioseo_notices":[],"_links":{"self":[{"href":"https:\/\/thebestantique.com\/et\/wp-json\/wp\/v2\/product\/17171","targetHints":{"allow":["GET"]}}],"collection":[{"href":"https:\/\/thebestantique.com\/et\/wp-json\/wp\/v2\/product"}],"about":[{"href":"https:\/\/thebestantique.com\/et\/wp-json\/wp\/v2\/types\/product"}],"replies":[{"embeddable":true,"href":"https:\/\/thebestantique.com\/et\/wp-json\/wp\/v2\/comments?post=17171"}],"wp:featuredmedia":[{"embeddable":true,"href":"https:\/\/thebestantique.com\/et\/wp-json\/wp\/v2\/media\/17182"}],"wp:attachment":[{"href":"https:\/\/thebestantique.com\/et\/wp-json\/wp\/v2\/media?parent=17171"}],"wp:term":[{"taxonomy":"product_brand","embeddable":true,"href":"https:\/\/thebestantique.com\/et\/wp-json\/wp\/v2\/product_brand?post=17171"},{"taxonomy":"product_cat","embeddable":true,"href":"https:\/\/thebestantique.com\/et\/wp-json\/wp\/v2\/product_cat?post=17171"},{"taxonomy":"product_tag","embeddable":true,"href":"https:\/\/thebestantique.com\/et\/wp-json\/wp\/v2\/product_tag?post=17171"}],"curies":[{"name":"wp","href":"https:\/\/api.w.org\/{rel}","templated":true}]}}