{"id":17120,"date":"2025-12-05T14:56:28","date_gmt":"2025-12-05T12:56:28","guid":{"rendered":"https:\/\/thebestantique.com\/?post_type=product&#038;p=17120"},"modified":"2025-12-05T14:56:28","modified_gmt":"2025-12-05T12:56:28","slug":"imperial-russian-officers-shashka-model-1913-2","status":"publish","type":"product","link":"https:\/\/thebestantique.com\/et\/product\/imperial-russian-officers-shashka-model-1913-2\/","title":{"rendered":"Vene Keisririigi ohvitseri\u0161a\u0161ka (1913. aasta mudel)"},"content":{"rendered":"<p><\/p>\n<p data-start=\"2506\" data-end=\"2561\"><strong data-start=\"2506\" data-end=\"2561\">Vene Keisririigi ohvitseri\u0161a\u0161ka (1913. aasta mudel)<\/strong><\/p>\n<p data-start=\"2563\" data-end=\"2746\"><strong data-start=\"2563\" data-end=\"2578\">Valmistaja:<\/strong> Peter Daniel L\u00fcneschloss Waffen-Fabrik, Solingen<br data-start=\"2627\" data-end=\"2630\" \/><strong data-start=\"2630\" data-end=\"2646\">M\u00e4rgistused:<\/strong> Kahep\u00e4ine keisrikotkas ja \u201eN II\u201c monogramm<br data-start=\"2689\" data-end=\"2692\" \/><strong data-start=\"2692\" data-end=\"2701\">Tupp:<\/strong> Originaalne metalltupp kahe riputusr\u00f5ngaga<\/p>\n<p data-start=\"2748\" data-end=\"3097\">Haruldane ja v\u00e4ga h\u00e4sti s\u00e4ilinud Vene Keisririigi ohvitseri\u0161a\u0161ka, 1913. aasta mudel, millel on Saksa p\u00e4ritolu tera, valmistatud Peter Daniel L\u00fcneschloss Waffen-Fabrik\u2019i poolt Solingenis. Valmistatud vahetult enne Esimest maailmas\u00f5da Vene keisririigi ratsav\u00e4e ohvitseridele, \u00fchendades Solingeni terase meisterliku kvaliteedi ja keiserliku s\u00fcmboolika.<\/p>\n<p data-start=\"3099\" data-end=\"3415\">\u00d5rnalt kaardus \u00fche teraga tera kolme s\u00e4lguga on \u00fchel k\u00fcljel kaunistatud kahep\u00e4ise kotka etsingu, teisel k\u00fcljel aga krooni all paikneva \u201eN II\u201c monogrammiga, mis viitab keiser Nikolai II-le. Tera kannaosas on valmistaja m\u00e4rgis: \u201ePeter Daniel L\u00fcneschloss Waffen-Fabrik Solingen\u201c koos ettev\u00f5tte m\u00f5\u00f5ga ja kaalu s\u00fcmboliga.<\/p>\n<p data-start=\"3417\" data-end=\"3637\">Bakeliiidist k\u00e4epide klassikalise \u0161a\u0161ka kujuga ja nokkkuljega on s\u00e4ilitanud k\u00f5ik originaalosad ja viimistluse. Relvaga kaasneb originaalne metalltupp kahe riputusr\u00f5ngaga, loomuliku vanusepatina, kuid struktuurselt terve.<\/p>\n<p data-start=\"3639\" data-end=\"3716\"><strong data-start=\"3639\" data-end=\"3650\">M\u00f5\u00f5dud:<\/strong><br data-start=\"3650\" data-end=\"3653\" \/>Kogupikkus: 98 cm<br data-start=\"3670\" data-end=\"3673\" \/>Tera pikkus: 76,5 cm<br data-start=\"3693\" data-end=\"3696\" \/>Tera laius: 2,7 cm<\/p>\n<p data-start=\"3718\" data-end=\"3973\"><strong data-start=\"3718\" data-end=\"3731\">M\u00e4rkused:<\/strong><br data-start=\"3731\" data-end=\"3734\" \/>Autentne ja k\u00f5rgelt hinnatud kogumisv\u00e4\u00e4rne Vene Keisririigi ohvitseri 1913. aasta \u0161a\u0161ka, millel on Nikolai II monogramm, keisrikotka etsung ja Solingeni L\u00fcneschlossi valmistatud tera. M\u00e4rkimisv\u00e4\u00e4rne relvaajaloo ese tsaariarmee hiilgeajast.<\/p>\n<p><\/p>","protected":false},"excerpt":{"rendered":"<p>Haruldane ja v\u00e4ga h\u00e4sti s\u00e4ilinud Vene Keisririigi ohvitseri\u0161a\u0161ka, 1913. aasta mudel, millel on Saksa p\u00e4ritolu tera, valmistatud Peter Daniel L\u00fcneschloss Waffen-Fabrik\u2019i poolt Solingenis. Valmistatud vahetult enne Esimest maailmas\u00f5da Vene keisririigi ratsav\u00e4e ohvitseridele, \u00fchendades Solingeni terase meisterliku kvaliteedi ja keiserliku s\u00fcmboolika.<\/p>\n","protected":false},"featured_media":17122,"comment_status":"closed","ping_status":"closed","template":"","meta":{"_exactmetrics_skip_tracking":false,"_exactmetrics_sitenote_active":false,"_exactmetrics_sitenote_note":"","_exactmetrics_sitenote_category":0,"_uf_show_specific_survey":0,"_uf_disable_surveys":false},"product_brand":[],"product_cat":[80],"product_tag":[],"class_list":{"0":"post-17120","1":"product","2":"type-product","3":"status-publish","4":"has-post-thumbnail","6":"product_cat-swords","7":"product_shipping_class-fedex-tube","9":"first","10":"instock","11":"shipping-taxable","12":"purchasable","13":"product-type-simple"},"aioseo_notices":[],"_links":{"self":[{"href":"https:\/\/thebestantique.com\/et\/wp-json\/wp\/v2\/product\/17120","targetHints":{"allow":["GET"]}}],"collection":[{"href":"https:\/\/thebestantique.com\/et\/wp-json\/wp\/v2\/product"}],"about":[{"href":"https:\/\/thebestantique.com\/et\/wp-json\/wp\/v2\/types\/product"}],"replies":[{"embeddable":true,"href":"https:\/\/thebestantique.com\/et\/wp-json\/wp\/v2\/comments?post=17120"}],"wp:featuredmedia":[{"embeddable":true,"href":"https:\/\/thebestantique.com\/et\/wp-json\/wp\/v2\/media\/17122"}],"wp:attachment":[{"href":"https:\/\/thebestantique.com\/et\/wp-json\/wp\/v2\/media?parent=17120"}],"wp:term":[{"taxonomy":"product_brand","embeddable":true,"href":"https:\/\/thebestantique.com\/et\/wp-json\/wp\/v2\/product_brand?post=17120"},{"taxonomy":"product_cat","embeddable":true,"href":"https:\/\/thebestantique.com\/et\/wp-json\/wp\/v2\/product_cat?post=17120"},{"taxonomy":"product_tag","embeddable":true,"href":"https:\/\/thebestantique.com\/et\/wp-json\/wp\/v2\/product_tag?post=17120"}],"curies":[{"name":"wp","href":"https:\/\/api.w.org\/{rel}","templated":true}]}}