{"id":17107,"date":"2025-12-05T11:06:55","date_gmt":"2025-12-05T09:06:55","guid":{"rendered":"https:\/\/thebestantique.com\/?post_type=product&#038;p=17107"},"modified":"2025-12-05T11:06:55","modified_gmt":"2025-12-05T09:06:55","slug":"imperial-russian-officers-shashka-model-1913","status":"publish","type":"product","link":"https:\/\/thebestantique.com\/et\/product\/imperial-russian-officers-shashka-model-1913\/","title":{"rendered":"Vene Keisririigi ohvitseri\u0161a\u0161ka (Model 1913)"},"content":{"rendered":"<p><\/p>\n<p data-start=\"2495\" data-end=\"2543\"><strong data-start=\"2495\" data-end=\"2543\">Vene Keisririigi ohvitseri\u0161a\u0161ka (Model 1913)<\/strong><\/p>\n<p data-start=\"2545\" data-end=\"2711\">Valmistaja: Alex Coppel, Solingen<br data-start=\"2578\" data-end=\"2581\" \/>M\u00e4rgistused: kahekeelne keisriaegne kotkas, \u201eN II\u201c monogramm, \u201eSLAVA\u201c tempel<br data-start=\"2657\" data-end=\"2660\" \/>Tupp: originaalne metalltupp kahe rippumisr\u00f5ngaga<\/p>\n<p data-start=\"2713\" data-end=\"2994\">Haruldane Vene Keisririigi ohvitseri\u0161a\u0161ka, mudel 1913, millel on Saksa p\u00e4ritolu tera, valmistatud Solingenis Alex Coppel\u2019i poolt. Valmistatud enne Esimest maailmas\u00f5da keiser Nikolai II ratsav\u00e4e jaoks; \u00fchendab Solingeni kvaliteetset sepistust ja selget Vene keisririigi s\u00fcmboolikat.<\/p>\n<p data-start=\"2996\" data-end=\"3259\">Kergelt kaardus \u00fche teraga m\u00f5\u00f5k kolme soonega. \u00dchel k\u00fcljel on s\u00f6\u00f6vitus keiserliku kahepealise kotkaga, teisel k\u00fcljel krooniga \u201eN II\u201c monogramm, mis viitab keiser Nikolai II-le. Rikaassol on tempel \u201eALEX COPPEL SOLINGEN\u201c koos ettev\u00f5tte m\u00f5\u00f5ga-ja-kaalude embleemiga.<\/p>\n<p data-start=\"3261\" data-end=\"3555\">Puidust k\u00e4epide klassikalise \u0161a\u0161ka kujuga, linnunoka-kujulise pommeliga, kannab selget \u201eSLAVA\u201c templit \u2014 t\u00f5en\u00e4oliselt inspekteerimis- v\u00f5i hilisemat arsenalim\u00e4rgist. Kaasas on originaalne metalltupp kahe rippumisr\u00f5ngaga; tuppel on loomulikku kulumist, kuid s\u00e4ilinud on kogu algne konstruktsioon.<\/p>\n<p data-start=\"3557\" data-end=\"3636\"><strong data-start=\"3557\" data-end=\"3568\">M\u00f5\u00f5dud:<\/strong><br data-start=\"3568\" data-end=\"3571\" \/>Kogupikkus: 96,5 cm<br data-start=\"3590\" data-end=\"3593\" \/>Tera pikkus: 79,4 cm<br data-start=\"3613\" data-end=\"3616\" \/>Tera laius: 3,2 cm<\/p>\n<p data-start=\"3638\" data-end=\"3844\"><strong data-start=\"3638\" data-end=\"3652\">Seisukord:<\/strong><br data-start=\"3652\" data-end=\"3655\" \/>V\u00e4ga heas seisus. S\u00f6\u00f6vitused on teravad ja selged, tera on terav ja m\u00e4rgised loetavad. K\u00e4epidemel ja tupel on kerge vanusekohane kulumine. K\u00f5ik detailid on originaalsed ja omavahel sobivad.<\/p>\n<p data-start=\"3846\" data-end=\"4078\"><strong data-start=\"3846\" data-end=\"3857\">M\u00e4rkus:<\/strong><br data-start=\"3857\" data-end=\"3860\" \/>Autentne ja hinnatud Vene Keisririigi 1913. aasta ohvitseri \u0161a\u0161ka, Nikolai II monogrammiga, Alex Coppel Solingeni teraga ning haruldase \u201eSLAVA\u201c templiga k\u00e4epidemel. Oluline eksemplar tsaariaegse s\u00f5jaajaloo huvilistele.<\/p>\n<p><\/p>","protected":false},"excerpt":{"rendered":"<p>Haruldane Vene Keisririigi ohvitseri\u0161a\u0161ka, mudel 1913, millel on Saksa p\u00e4ritolu tera, valmistatud Solingenis Alex Coppel\u2019i poolt. Valmistatud enne Esimest maailmas\u00f5da keiser Nikolai II ratsav\u00e4e jaoks; \u00fchendab Solingeni kvaliteetset sepistust ja selget Vene keisririigi s\u00fcmboolikat.<\/p>\n","protected":false},"featured_media":17109,"comment_status":"closed","ping_status":"closed","template":"","meta":{"_exactmetrics_skip_tracking":false,"_exactmetrics_sitenote_active":false,"_exactmetrics_sitenote_note":"","_exactmetrics_sitenote_category":0,"_uf_show_specific_survey":0,"_uf_disable_surveys":false},"product_brand":[],"product_cat":[80],"product_tag":[],"class_list":{"0":"post-17107","1":"product","2":"type-product","3":"status-publish","4":"has-post-thumbnail","6":"product_cat-swords","7":"product_shipping_class-fedex-tube","9":"first","10":"instock","11":"shipping-taxable","12":"purchasable","13":"product-type-simple"},"aioseo_notices":[],"_links":{"self":[{"href":"https:\/\/thebestantique.com\/et\/wp-json\/wp\/v2\/product\/17107","targetHints":{"allow":["GET"]}}],"collection":[{"href":"https:\/\/thebestantique.com\/et\/wp-json\/wp\/v2\/product"}],"about":[{"href":"https:\/\/thebestantique.com\/et\/wp-json\/wp\/v2\/types\/product"}],"replies":[{"embeddable":true,"href":"https:\/\/thebestantique.com\/et\/wp-json\/wp\/v2\/comments?post=17107"}],"wp:featuredmedia":[{"embeddable":true,"href":"https:\/\/thebestantique.com\/et\/wp-json\/wp\/v2\/media\/17109"}],"wp:attachment":[{"href":"https:\/\/thebestantique.com\/et\/wp-json\/wp\/v2\/media?parent=17107"}],"wp:term":[{"taxonomy":"product_brand","embeddable":true,"href":"https:\/\/thebestantique.com\/et\/wp-json\/wp\/v2\/product_brand?post=17107"},{"taxonomy":"product_cat","embeddable":true,"href":"https:\/\/thebestantique.com\/et\/wp-json\/wp\/v2\/product_cat?post=17107"},{"taxonomy":"product_tag","embeddable":true,"href":"https:\/\/thebestantique.com\/et\/wp-json\/wp\/v2\/product_tag?post=17107"}],"curies":[{"name":"wp","href":"https:\/\/api.w.org\/{rel}","templated":true}]}}