{"id":17093,"date":"2025-12-05T10:56:27","date_gmt":"2025-12-05T08:56:27","guid":{"rendered":"https:\/\/thebestantique.com\/?post_type=product&#038;p=17093"},"modified":"2025-12-05T10:56:27","modified_gmt":"2025-12-05T08:56:27","slug":"russian-cavalry-saber-model-1827-09","status":"publish","type":"product","link":"https:\/\/thebestantique.com\/et\/product\/russian-cavalry-saber-model-1827-09\/","title":{"rendered":"Vene ratsav\u00e4e saabel mudel 1827\/09"},"content":{"rendered":"<p><\/p>\n<p data-start=\"73\" data-end=\"111\"><strong data-start=\"73\" data-end=\"111\">Vene ratsav\u00e4e saabel mudel 1827\/09<\/strong><\/p>\n<p data-start=\"113\" data-end=\"383\">Saabli k\u00e4epidemel on osaliselt kustutatud m\u00e4rgistus \u201e\u041d2\u201c. Teral on \u00fchel k\u00fcljel s\u00f6\u00f6vitus \u201e\u041d2\u201c ja teisel kahel\u00f5viline Vene keiserlik kotkas. Teral on kolm vagu (fullerit). Tera on Saksa p\u00e4ritolu, \u00fchel poolel m\u00e4rgisega <strong data-start=\"329\" data-end=\"351\">F. Fichte Solingen<\/strong> ja teisel poolel <strong data-start=\"369\" data-end=\"381\">W.K &amp; C.<\/strong><\/p>\n<blockquote>\n<p data-start=\"385\" data-end=\"461\"><strong data-start=\"385\" data-end=\"400\">Kogupikkus:<\/strong> 101,3 cm<br data-start=\"409\" data-end=\"412\" \/><strong data-start=\"412\" data-end=\"428\">Tera pikkus:<\/strong> 83,6 cm<br data-start=\"436\" data-end=\"439\" \/><strong data-start=\"439\" data-end=\"454\">Tera laius:<\/strong> 3,1 cm<\/p>\n<\/blockquote>\n<p><\/p>","protected":false},"excerpt":{"rendered":"<p data-start=\"73\" data-end=\"111\"><strong data-start=\"73\" data-end=\"111\">Vene ratsav\u00e4e saabel mudel 1827\/09<\/strong><\/p>\n<p data-start=\"113\" data-end=\"383\">Saabli k\u00e4epidemel on osaliselt kustutatud m\u00e4rgistus \u201e\u041d2\u201c. Teral on \u00fchel k\u00fcljel s\u00f6\u00f6vitus \u201e\u041d2\u201c ja teisel kahel\u00f5viline Vene keiserlik kotkas. Teral on kolm vagu (fullerit). Tera on Saksa p\u00e4ritolu, \u00fchel poolel m\u00e4rgisega <strong data-start=\"329\" data-end=\"351\">F. Fichte Solingen<\/strong> ja teisel poolel <strong data-start=\"369\" data-end=\"381\">W.K &amp; C.<\/strong><\/p>\n","protected":false},"featured_media":17095,"comment_status":"closed","ping_status":"closed","template":"","meta":{"_exactmetrics_skip_tracking":false,"_exactmetrics_sitenote_active":false,"_exactmetrics_sitenote_note":"","_exactmetrics_sitenote_category":0,"_uf_show_specific_survey":0,"_uf_disable_surveys":false},"product_brand":[],"product_cat":[80],"product_tag":[],"class_list":{"0":"post-17093","1":"product","2":"type-product","3":"status-publish","4":"has-post-thumbnail","6":"product_cat-swords","7":"product_shipping_class-fedex-tube","9":"first","10":"instock","11":"shipping-taxable","12":"purchasable","13":"product-type-simple"},"aioseo_notices":[],"_links":{"self":[{"href":"https:\/\/thebestantique.com\/et\/wp-json\/wp\/v2\/product\/17093","targetHints":{"allow":["GET"]}}],"collection":[{"href":"https:\/\/thebestantique.com\/et\/wp-json\/wp\/v2\/product"}],"about":[{"href":"https:\/\/thebestantique.com\/et\/wp-json\/wp\/v2\/types\/product"}],"replies":[{"embeddable":true,"href":"https:\/\/thebestantique.com\/et\/wp-json\/wp\/v2\/comments?post=17093"}],"wp:featuredmedia":[{"embeddable":true,"href":"https:\/\/thebestantique.com\/et\/wp-json\/wp\/v2\/media\/17095"}],"wp:attachment":[{"href":"https:\/\/thebestantique.com\/et\/wp-json\/wp\/v2\/media?parent=17093"}],"wp:term":[{"taxonomy":"product_brand","embeddable":true,"href":"https:\/\/thebestantique.com\/et\/wp-json\/wp\/v2\/product_brand?post=17093"},{"taxonomy":"product_cat","embeddable":true,"href":"https:\/\/thebestantique.com\/et\/wp-json\/wp\/v2\/product_cat?post=17093"},{"taxonomy":"product_tag","embeddable":true,"href":"https:\/\/thebestantique.com\/et\/wp-json\/wp\/v2\/product_tag?post=17093"}],"curies":[{"name":"wp","href":"https:\/\/api.w.org\/{rel}","templated":true}]}}