{"id":17072,"date":"2025-11-27T18:00:08","date_gmt":"2025-11-27T16:00:08","guid":{"rendered":"https:\/\/thebestantique.com\/?post_type=product&#038;p=17072"},"modified":"2025-11-27T18:12:05","modified_gmt":"2025-11-27T16:12:05","slug":"extremely-rare-imperial-german-naval-officers-sword-with-damascus-blade","status":"publish","type":"product","link":"https:\/\/thebestantique.com\/et\/product\/extremely-rare-imperial-german-naval-officers-sword-with-damascus-blade\/","title":{"rendered":"Haruldane Saksa Keisririigi merev\u00e4e ohvitseri m\u00f5\u00f5k Damaskuse teraga"},"content":{"rendered":"<p><\/p>\n<div class=\"paragraph\"><\/div>\n<div class=\"paragraph\">M\u00f5\u00f5dud:<\/p>\n<p>Kogupikkus: 90,5 cm<br \/>\nTera pikkus: 75 cm<br \/>\nTera laius ricasso juures: 2,2 cm<\/p>\n<\/div>\n<div class=\"paragraph\">M\u00e4rkused:<\/p>\n<p>Muuseumikvaliteediga n\u00e4ide luksuslikust keisriliku Saksa merev\u00e4e ohvitseri m\u00f5\u00f5gast, valmistatud WKC (Solingen) poolt, millel on damaskuster, sinise ja kulla graveering ning erakordselt haruldane l\u00f5vi-pea variant \u2013 \u00fcks ihaldatuimaid mudeleid, mida toodeti enne Esimese maailmas\u00f5da Kaiserliche Marine\u2019i k\u00f5rgetele ohvitseridele.<\/p><\/div>\n<p><\/p>","protected":false},"excerpt":{"rendered":"<div class=\"paragraph\">Eriti haruldane keisriliku Saksa merev\u00e4e ohvitseri m\u00f5\u00f5k Damaskuse teraga.<\/p>\n<p>Periood: umbes 1900\u20131914<\/p><\/div>\n<div><\/div>\n<div class=\"paragraph\">Erakordne ja \u00e4\u00e4rmiselt haruldane luksuslik keisriliku Saksa merev\u00e4e ohvitseri m\u00f5\u00f5k, millel on ebatavaline l\u00f5vi-peaga kroon, mille \u00fcks silm on roheline ja teine punane klaas \u2013 v\u00e4ga haruldane variant teadaolevate seas. L\u00f5vi pea kuulub haruldasse skulpturaalsesse t\u00fc\u00fcpi, millel on erakordselt peen detailitus ja v\u00e4ljendusrikas j\u00f5ud, s\u00fcmboliseerides tugevust ja k\u00e4sku.<\/p>\n<\/div>\n<div class=\"paragraph\">Kuldset messingist k\u00e4epideme kaitsjat (guard) kaunistavad rikkalikult l\u00e4bistatud ja graveeritud lilleornamendid ning keisrilik kroon \u00fcle sassis ankru \u2013 s\u00fcmbol, mis esindab Kaiserliche Marine\u2019i (Keisriliku merev\u00e4e). Valge k\u00e4epide, mis on m\u00e4hkimata kuldtraadiga, on suurep\u00e4rases seisukorras ja s\u00e4ilitanud originaal h\u00f5be-punase bullionist port\u00e9p\u00e9e.<\/p>\n<\/div>\n<div class=\"paragraph\">Hiilgav damaskusterast tera n\u00e4itab kogu pikkuses kaunist vettjat mustrit, mida t\u00e4iendavad s\u00fcgavsinised ja kuldsed paneelid, millel on kujutatud merev\u00e4e trofeesid, kroonitud ankrusid ja akantuselehti.<\/div>\n<div class=\"paragraph\">Kaasas must-lakitud metallist tuup, millel on kuldsetest messingust detailid ja kaks riputus\u00f5nga \u2013 k\u00f5ik suurep\u00e4rases s\u00e4ilivuses.<\/div>\n","protected":false},"featured_media":17074,"comment_status":"closed","ping_status":"closed","template":"","meta":{"_exactmetrics_skip_tracking":false,"_exactmetrics_sitenote_active":false,"_exactmetrics_sitenote_note":"","_exactmetrics_sitenote_category":0,"_uf_show_specific_survey":0,"_uf_disable_surveys":false},"product_brand":[],"product_cat":[312,80],"product_tag":[2159,2158],"class_list":{"0":"post-17072","1":"product","2":"type-product","3":"status-publish","4":"has-post-thumbnail","6":"product_cat-damascus-blades","7":"product_cat-swords","8":"product_tag-extremely-rare-imperial-german-naval-officers-sword-with-damascus-blade","9":"product_tag-2158","10":"product_shipping_class-fedex-tube","12":"first","13":"instock","14":"shipping-taxable","15":"purchasable","16":"product-type-simple"},"aioseo_notices":[],"_links":{"self":[{"href":"https:\/\/thebestantique.com\/et\/wp-json\/wp\/v2\/product\/17072","targetHints":{"allow":["GET"]}}],"collection":[{"href":"https:\/\/thebestantique.com\/et\/wp-json\/wp\/v2\/product"}],"about":[{"href":"https:\/\/thebestantique.com\/et\/wp-json\/wp\/v2\/types\/product"}],"replies":[{"embeddable":true,"href":"https:\/\/thebestantique.com\/et\/wp-json\/wp\/v2\/comments?post=17072"}],"wp:featuredmedia":[{"embeddable":true,"href":"https:\/\/thebestantique.com\/et\/wp-json\/wp\/v2\/media\/17074"}],"wp:attachment":[{"href":"https:\/\/thebestantique.com\/et\/wp-json\/wp\/v2\/media?parent=17072"}],"wp:term":[{"taxonomy":"product_brand","embeddable":true,"href":"https:\/\/thebestantique.com\/et\/wp-json\/wp\/v2\/product_brand?post=17072"},{"taxonomy":"product_cat","embeddable":true,"href":"https:\/\/thebestantique.com\/et\/wp-json\/wp\/v2\/product_cat?post=17072"},{"taxonomy":"product_tag","embeddable":true,"href":"https:\/\/thebestantique.com\/et\/wp-json\/wp\/v2\/product_tag?post=17072"}],"curies":[{"name":"wp","href":"https:\/\/api.w.org\/{rel}","templated":true}]}}