{"id":17053,"date":"2025-11-27T17:11:54","date_gmt":"2025-11-27T15:11:54","guid":{"rendered":"https:\/\/thebestantique.com\/?post_type=product&#038;p=17053"},"modified":"2025-11-27T17:26:04","modified_gmt":"2025-11-27T15:26:04","slug":"%d1%80%d1%83%d1%81%d1%81%d0%ba%d0%b8%d0%b9-%d0%be%d1%84%d0%b8%d1%86%d0%b5%d1%80%d1%81%d0%ba%d0%b0%d1%8f-%d1%81%d0%b0%d0%b1%d0%bb%d1%8f-%d0%b8%d0%bc%d0%bf%d0%b5%d1%80%d0%b0%d1%82%d0%be%d1%80%d1%81","status":"publish","type":"product","link":"https:\/\/thebestantique.com\/et\/product\/%d1%80%d1%83%d1%81%d1%81%d0%ba%d0%b8%d0%b9-%d0%be%d1%84%d0%b8%d1%86%d0%b5%d1%80%d1%81%d0%ba%d0%b0%d1%8f-%d1%81%d0%b0%d0%b1%d0%bb%d1%8f-%d0%b8%d0%bc%d0%bf%d0%b5%d1%80%d0%b0%d1%82%d0%be%d1%80%d1%81\/","title":{"rendered":"Saksa Keisririigi merev\u00e4e ohvitseri m\u00f5\u00f5k Damaskuse teraga"},"content":{"rendered":"<p><\/p>\n<p data-start=\"1761\" data-end=\"1775\"><strong data-start=\"1761\" data-end=\"1773\">M\u00f5\u00f5tmed:<\/strong><\/p>\n<ul data-start=\"1776\" data-end=\"1859\">\n<li data-start=\"1776\" data-end=\"1797\">\n<p data-start=\"1778\" data-end=\"1797\">Kogupikkus: 98 cm<\/p>\n<\/li>\n<li data-start=\"1798\" data-end=\"1822\">\n<p data-start=\"1800\" data-end=\"1822\">Tera pikkus: 81,4 cm<\/p>\n<\/li>\n<li data-start=\"1823\" data-end=\"1859\">\n<p data-start=\"1825\" data-end=\"1859\">Tera laius (terapealses): 2,2 cm<\/p>\n<\/li>\n<\/ul>\n<p data-start=\"1861\" data-end=\"2095\"><strong data-start=\"1861\" data-end=\"1874\">M\u00e4rkused:<\/strong><br data-start=\"1874\" data-end=\"1877\" \/>K\u00f5rgklassi Saksa Keisririigi merev\u00e4e ohvitseri esitlusm\u00f5\u00f5k, valmistatud WKC poolt Solingenis Damaskuse teraga \u2014 haruldane\u00a0 variant, mida kandsid Kaiser Wilhelm II valitsusaja k\u00f5rgemad merev\u00e4eohvitserid.<\/p>\n<p><\/p>","protected":false},"excerpt":{"rendered":"<p data-start=\"759\" data-end=\"843\"><strong data-start=\"759\" data-end=\"770\">Tootja:<\/strong> WKC (Weyersberg, Kirschbaum &amp; Co.), Solingen<br data-start=\"815\" data-end=\"818\" \/><strong data-start=\"818\" data-end=\"830\">Periood:<\/strong> u. 1900\u20131914<\/p>\n<p data-start=\"845\" data-end=\"1227\">Suurep\u00e4rane Saksa Keisririigi merev\u00e4e ohvitseri m\u00f5\u00f5k (Kaiserliche Marine muster), millel on erakvaliteetne <strong data-start=\"952\" data-end=\"979\">Damaskuse tera<\/strong>, rikkalikult kaunistatud lilleornamentide, meres\u00fcmbolite ja kroonitud ankruembleemidega tera m\u00f5lemal k\u00fcljel. Teral on ilus laineline muster, mis on iseloomulik k\u00e4sitsi sepistatud Damaskuse terale \u2014 t\u00fc\u00fcpiline k\u00f5rgklassi ohvitseri enda tarbeks ostetud relv.<\/p>\n<p data-start=\"1229\" data-end=\"1359\">Terapealne on selgelt m\u00e4rgistatud WKC Solingeni kaubam\u00e4rgiga \u2014 <strong data-start=\"1292\" data-end=\"1321\">r\u00fc\u00fctli pea ja kuninga pea<\/strong>, \u00fcks Solingeni mainekaimaid seppasid.<\/p>\n<p data-start=\"1361\" data-end=\"1637\">K\u00e4epide on kullatud messingist, kaunistatud akantuse lehtede, tammeokste ja keisrikrooni ning kinnikeeratud ankruga reljeefis. L\u00f5vikujuline pomme on punaste klaassilmadega ja valge k\u00e4epide on seotud kullatud traadiga. Originaalne ohvitseri bullion-port\u00e9p\u00e9e on endiselt k\u00fcljes.<\/p>\n<p data-start=\"1639\" data-end=\"1759\">M\u00f5\u00f5gal on musta lakiga metalltupp kuldsete messingist kinnituste ja kahe riputuskonksuga, n\u00e4idates vaid kerget kulumist.<\/p>\n","protected":false},"featured_media":17055,"comment_status":"closed","ping_status":"closed","template":"","meta":{"_exactmetrics_skip_tracking":false,"_exactmetrics_sitenote_active":false,"_exactmetrics_sitenote_note":"","_exactmetrics_sitenote_category":0,"_uf_show_specific_survey":0,"_uf_disable_surveys":false},"product_brand":[],"product_cat":[312,80],"product_tag":[2156,2157],"class_list":{"0":"post-17053","1":"product","2":"type-product","3":"status-publish","4":"has-post-thumbnail","6":"product_cat-damascus-blades","7":"product_cat-swords","8":"product_tag-imperial-german-naval-officers-sword-with-damascus-blade","9":"product_tag-2157","10":"product_shipping_class-fedex-tube","12":"first","13":"instock","14":"shipping-taxable","15":"purchasable","16":"product-type-simple"},"aioseo_notices":[],"_links":{"self":[{"href":"https:\/\/thebestantique.com\/et\/wp-json\/wp\/v2\/product\/17053","targetHints":{"allow":["GET"]}}],"collection":[{"href":"https:\/\/thebestantique.com\/et\/wp-json\/wp\/v2\/product"}],"about":[{"href":"https:\/\/thebestantique.com\/et\/wp-json\/wp\/v2\/types\/product"}],"replies":[{"embeddable":true,"href":"https:\/\/thebestantique.com\/et\/wp-json\/wp\/v2\/comments?post=17053"}],"wp:featuredmedia":[{"embeddable":true,"href":"https:\/\/thebestantique.com\/et\/wp-json\/wp\/v2\/media\/17055"}],"wp:attachment":[{"href":"https:\/\/thebestantique.com\/et\/wp-json\/wp\/v2\/media?parent=17053"}],"wp:term":[{"taxonomy":"product_brand","embeddable":true,"href":"https:\/\/thebestantique.com\/et\/wp-json\/wp\/v2\/product_brand?post=17053"},{"taxonomy":"product_cat","embeddable":true,"href":"https:\/\/thebestantique.com\/et\/wp-json\/wp\/v2\/product_cat?post=17053"},{"taxonomy":"product_tag","embeddable":true,"href":"https:\/\/thebestantique.com\/et\/wp-json\/wp\/v2\/product_tag?post=17053"}],"curies":[{"name":"wp","href":"https:\/\/api.w.org\/{rel}","templated":true}]}}