{"id":17038,"date":"2025-11-27T16:39:04","date_gmt":"2025-11-27T14:39:04","guid":{"rendered":"https:\/\/thebestantique.com\/?post_type=product&#038;p=17038"},"modified":"2025-11-27T17:05:12","modified_gmt":"2025-11-27T15:05:12","slug":"extremely-rare-latvian-navy-officers-dress-sword-by-e-f-horster-solingen","status":"publish","type":"product","link":"https:\/\/thebestantique.com\/et\/product\/extremely-rare-latvian-navy-officers-dress-sword-by-e-f-horster-solingen\/","title":{"rendered":"Haruldane L\u00e4ti merev\u00e4e ohvitseri paraadm\u00f5\u00f5k, E. &#038; F. H\u00f6rsteri poolt, Solingen"},"content":{"rendered":"<p><\/p>\n<p data-start=\"1463\" data-end=\"1474\"><strong data-start=\"1463\" data-end=\"1474\">M\u00f5\u00f5dud:<\/strong><\/p>\n<ul data-start=\"1475\" data-end=\"1543\">\n<li data-start=\"1475\" data-end=\"1497\">\n<p data-start=\"1477\" data-end=\"1497\">Kogupikkus: 101 cm<\/p>\n<\/li>\n<li data-start=\"1498\" data-end=\"1520\">\n<p data-start=\"1500\" data-end=\"1520\">Tera pikkus: 86 cm<\/p>\n<\/li>\n<li data-start=\"1521\" data-end=\"1543\">\n<p data-start=\"1523\" data-end=\"1543\">Tera laius: 2,4 cm<\/p>\n<\/li>\n<\/ul>\n<p><\/p>","protected":false},"excerpt":{"rendered":"<p data-start=\"876\" data-end=\"1241\">Haruldane ja ajalooliselt oluline L\u00e4ti merev\u00e4e ohvitseri paraadm\u00f5\u00f5k esimese iseseisvusperioodi vaheajast. Selle ehtsust kinnitab legendaarse Saksa firma E. &amp; F. H\u00f6rster, Solingen, m\u00e4rgis, mis on tuntud k\u00f5rgeima kvaliteedi poolest. M\u00f5\u00f5ga k\u00e4epidemel on selgelt kujutatud L\u00e4ti vapp, mis j\u00e4tab kahtlusteta mulje selle ametlikust, riiklikust kasutusest.<\/p>\n<p data-start=\"1243\" data-end=\"1461\">Oluline tunnus on elegantne ja haruldasem nahkseidete ja messingdetailidega tupp, mis viitab konkreetsele pidulikule mustrile. Sellise L\u00e4ti suver\u00e4\u00e4nsuse s\u00fcmboli s\u00e4ilimine, eriti nii heas seisukorras, on m\u00e4rkimisv\u00e4\u00e4rne<\/p>\n<p data-start=\"1463\" data-end=\"1474\">\n","protected":false},"featured_media":17043,"comment_status":"closed","ping_status":"closed","template":"","meta":{"_exactmetrics_skip_tracking":false,"_exactmetrics_sitenote_active":false,"_exactmetrics_sitenote_note":"","_exactmetrics_sitenote_category":0,"_uf_show_specific_survey":0,"_uf_disable_surveys":false},"product_brand":[],"product_cat":[80],"product_tag":[],"class_list":{"0":"post-17038","1":"product","2":"type-product","3":"status-publish","4":"has-post-thumbnail","6":"product_cat-swords","7":"product_shipping_class-fedex-tube","9":"first","10":"instock","11":"shipping-taxable","12":"purchasable","13":"product-type-simple"},"aioseo_notices":[],"_links":{"self":[{"href":"https:\/\/thebestantique.com\/et\/wp-json\/wp\/v2\/product\/17038","targetHints":{"allow":["GET"]}}],"collection":[{"href":"https:\/\/thebestantique.com\/et\/wp-json\/wp\/v2\/product"}],"about":[{"href":"https:\/\/thebestantique.com\/et\/wp-json\/wp\/v2\/types\/product"}],"replies":[{"embeddable":true,"href":"https:\/\/thebestantique.com\/et\/wp-json\/wp\/v2\/comments?post=17038"}],"wp:featuredmedia":[{"embeddable":true,"href":"https:\/\/thebestantique.com\/et\/wp-json\/wp\/v2\/media\/17043"}],"wp:attachment":[{"href":"https:\/\/thebestantique.com\/et\/wp-json\/wp\/v2\/media?parent=17038"}],"wp:term":[{"taxonomy":"product_brand","embeddable":true,"href":"https:\/\/thebestantique.com\/et\/wp-json\/wp\/v2\/product_brand?post=17038"},{"taxonomy":"product_cat","embeddable":true,"href":"https:\/\/thebestantique.com\/et\/wp-json\/wp\/v2\/product_cat?post=17038"},{"taxonomy":"product_tag","embeddable":true,"href":"https:\/\/thebestantique.com\/et\/wp-json\/wp\/v2\/product_tag?post=17038"}],"curies":[{"name":"wp","href":"https:\/\/api.w.org\/{rel}","templated":true}]}}