{"id":17028,"date":"2025-11-27T14:03:44","date_gmt":"2025-11-27T12:03:44","guid":{"rendered":"https:\/\/thebestantique.com\/?post_type=product&#038;p=17028"},"modified":"2025-11-27T14:09:19","modified_gmt":"2025-11-27T12:09:19","slug":"standing-robinson-with-dog-france-circa-1900-marcel-debut","status":"publish","type":"product","link":"https:\/\/thebestantique.com\/et\/product\/standing-robinson-with-dog-france-circa-1900-marcel-debut\/","title":{"rendered":"Pronks skulptuur &#8220;Robinson koeraga&#8221;"},"content":{"rendered":"<p><\/p>\n<p data-start=\"875\" data-end=\"1031\"><strong data-start=\"875\" data-end=\"1031\">Robinson koeraga, Prantsusmaa, u 1900<br data-start=\"921\" data-end=\"924\" \/>Marcel D\u00e9but (Prantsuse kunstnik, s\u00fcnd. 1865)<br data-start=\"969\" data-end=\"972\" \/>Pronks<br data-start=\"989\" data-end=\"992\" \/>Signeeritud: MARCEL DEBUT<br data-start=\"1013\" data-end=\"1016\" \/>K\u00f5rgus: 80 cm<\/strong><\/p>\n<hr data-start=\"1441\" data-end=\"1444\" \/>\n<p data-start=\"1446\" data-end=\"1549\" data-is-last-node=\"\" data-is-only-node=\"\">\n<p><\/p>","protected":false},"excerpt":{"rendered":"<p>Peenelt modelleeritud pronkskuju, mis kujutab Robinsoni l\u00fchikeses karusnahkses r\u00f5ivastuses, sau ja kirves k\u00e4es, tema k\u00f5rval suur koer. Kompositsioon seisab naturaalset kaljusarnast pinda meenutaval alusel, r\u00f5hutades D\u00e9but\u2019 silmapaistvat oskust anatoomia ja tekstuuri kujutamisel. Teos peegeldab kunstniku akadeemilist v\u00e4lja\u00f5pet ning 19. sajandi l\u00f5pu Prantsusmaa vaimustust seiklustest ja kangelaslikkusest.<\/p>\n","protected":false},"featured_media":17037,"comment_status":"closed","ping_status":"closed","template":"","meta":{"_exactmetrics_skip_tracking":false,"_exactmetrics_sitenote_active":false,"_exactmetrics_sitenote_note":"","_exactmetrics_sitenote_category":0,"_uf_show_specific_survey":0,"_uf_disable_surveys":false},"product_brand":[],"product_cat":[12],"product_tag":[2152,2155,2151,2154,2150,2153],"class_list":{"0":"post-17028","1":"product","2":"type-product","3":"status-publish","4":"has-post-thumbnail","6":"product_cat-bronze","7":"product_tag-19th-century-french","8":"product_tag-bronze-sculpture-robinson-with-dog","9":"product_tag-marcel-debut","10":"product_tag-pronks-skulptuur-robinson","11":"product_tag-standing-robinson-with-dog","12":"product_tag-2153","13":"product_shipping_class-huge-3000-10000gr","15":"first","16":"instock","17":"shipping-taxable","18":"purchasable","19":"product-type-simple"},"aioseo_notices":[],"_links":{"self":[{"href":"https:\/\/thebestantique.com\/et\/wp-json\/wp\/v2\/product\/17028","targetHints":{"allow":["GET"]}}],"collection":[{"href":"https:\/\/thebestantique.com\/et\/wp-json\/wp\/v2\/product"}],"about":[{"href":"https:\/\/thebestantique.com\/et\/wp-json\/wp\/v2\/types\/product"}],"replies":[{"embeddable":true,"href":"https:\/\/thebestantique.com\/et\/wp-json\/wp\/v2\/comments?post=17028"}],"wp:featuredmedia":[{"embeddable":true,"href":"https:\/\/thebestantique.com\/et\/wp-json\/wp\/v2\/media\/17037"}],"wp:attachment":[{"href":"https:\/\/thebestantique.com\/et\/wp-json\/wp\/v2\/media?parent=17028"}],"wp:term":[{"taxonomy":"product_brand","embeddable":true,"href":"https:\/\/thebestantique.com\/et\/wp-json\/wp\/v2\/product_brand?post=17028"},{"taxonomy":"product_cat","embeddable":true,"href":"https:\/\/thebestantique.com\/et\/wp-json\/wp\/v2\/product_cat?post=17028"},{"taxonomy":"product_tag","embeddable":true,"href":"https:\/\/thebestantique.com\/et\/wp-json\/wp\/v2\/product_tag?post=17028"}],"curies":[{"name":"wp","href":"https:\/\/api.w.org\/{rel}","templated":true}]}}