{"id":17014,"date":"2025-11-13T12:15:51","date_gmt":"2025-11-13T10:15:51","guid":{"rendered":"https:\/\/thebestantique.com\/?post_type=product&#038;p=17014"},"modified":"2025-11-14T12:11:22","modified_gmt":"2025-11-14T10:11:22","slug":"tanto-with-lobster","status":"publish","type":"product","link":"https:\/\/thebestantique.com\/et\/product\/tanto-with-lobster\/","title":{"rendered":"Tant\u014d \u2018Ise-ebi\u2019 \u2014 Homaarikujundiga m\u00f5\u00f5k, valmistatud Sukemune poolt"},"content":{"rendered":"<p><\/p>\n<p data-start=\"3205\" data-end=\"3460\"><strong data-start=\"3205\" data-end=\"3247\">Tant\u014d, allkirjaga \u201eValmistas Sukemune\u201c<\/strong><br data-start=\"3247\" data-end=\"3250\" \/><strong data-start=\"3250\" data-end=\"3262\">Periood:<\/strong> Hiline Muromachi (15.\u201316. sajand)<br data-start=\"3296\" data-end=\"3299\" \/><strong data-start=\"3299\" data-end=\"3312\">P\u00e4ritolu:<\/strong> Jaapan<br data-start=\"3319\" data-end=\"3322\" \/><strong data-start=\"3322\" data-end=\"3331\">T\u00fc\u00fcp:<\/strong> Tant\u014d (\u77ed\u5200)<br data-start=\"3342\" data-end=\"3345\" \/><strong data-start=\"3345\" data-end=\"3356\">Ehitus:<\/strong> <em data-start=\"3357\" data-end=\"3370\">hira-zukuri<\/em><br data-start=\"3370\" data-end=\"3373\" \/><strong data-start=\"3373\" data-end=\"3386\">Koolkond:<\/strong> Muromachi perioodi S\u014dsh\u016b koolkond<br \/>\n<strong>Pikkus:<\/strong> 34.5 cm.<\/p>\n<p data-start=\"3462\" data-end=\"3482\"><strong data-start=\"3462\" data-end=\"3480\">Sertifikaadid:<\/strong><\/p>\n<ul data-start=\"3483\" data-end=\"3649\">\n<li data-start=\"3483\" data-end=\"3563\">\n<p data-start=\"3485\" data-end=\"3563\">NBTHK <em data-start=\"3491\" data-end=\"3514\">Tokubetsu Hozon T\u014dken<\/em> \u2014 kaasaegne \u201cEriti s\u00e4ilitamise v\u00e4\u00e4riline m\u00f5\u00f5k\u201d<\/p>\n<\/li>\n<li data-start=\"3564\" data-end=\"3649\">\n<p data-start=\"3566\" data-end=\"3649\">Kaks vana NBTHK <em data-start=\"3582\" data-end=\"3605\">Tokubetsu Kich\u014d T\u014dken<\/em> \u2014 eraldi tera ja tuppi (<em data-start=\"3630\" data-end=\"3640\">koshirae<\/em>) jaoks<\/p>\n<\/li>\n<\/ul>\n<p data-start=\"3651\" data-end=\"3854\">Antikvarne tant\u014d, valmistatud meistri <strong data-start=\"3689\" data-end=\"3701\">Sukemune<\/strong> poolt hilisel Muromachi perioodil (u 1450\u20131550).<br data-start=\"3750\" data-end=\"3753\" \/>Teral on elegantne <em data-start=\"3772\" data-end=\"3779\">hamon<\/em> (karastusjoon), tasakaalustatud kuju ja v\u00e4\u00e4rikas vanapoleerimise patina.<\/p>\n<p data-start=\"3856\" data-end=\"4084\">Tupp (<em data-start=\"3862\" data-end=\"3872\">koshirae<\/em>) on rikkalikult kaunistatud reljeefse <strong data-start=\"3911\" data-end=\"3941\">homaarimotiiviga (ise-ebi)<\/strong>, mis s\u00fcmboliseerib Jaapani kultuuris pikaealisust, austust ja v\u00e4\u00e4rikust.<br data-start=\"4014\" data-end=\"4017\" \/>Peen metallit\u00f6\u00f6 (<em data-start=\"4034\" data-end=\"4041\">kink\u014d<\/em>) demonstreerib erakordset meistrioskust.<\/p>\n<p data-start=\"4086\" data-end=\"4103\"><strong data-start=\"4086\" data-end=\"4101\">Komplektis:<\/strong><\/p>\n<ul data-start=\"4104\" data-end=\"4323\">\n<li data-start=\"4104\" data-end=\"4151\">\n<p data-start=\"4106\" data-end=\"4151\">Tant\u014d koos originaalse tuppi ja k\u00e4epidemega<\/p>\n<\/li>\n<li data-start=\"4152\" data-end=\"4195\">\n<p data-start=\"4154\" data-end=\"4195\">NBTHK Tokubetsu Hozon T\u014dken sertifikaat<\/p>\n<\/li>\n<li data-start=\"4196\" data-end=\"4259\">\n<p data-start=\"4198\" data-end=\"4259\">Kaks vana Tokubetsu Kich\u014d T\u014dken sertifikaati (tera ja tupp)<\/p>\n<\/li>\n<li data-start=\"4260\" data-end=\"4295\">\n<p data-start=\"4262\" data-end=\"4295\">Originaalsed sertifikaadikaaned<\/p>\n<\/li>\n<li data-start=\"4296\" data-end=\"4323\">\n<p data-start=\"4298\" data-end=\"4323\">Dekoratiivne kangaskott<\/p>\n<\/li>\n<\/ul>\n<p data-start=\"4325\" data-end=\"4358\">\u26a0\ufe0f <strong data-start=\"4328\" data-end=\"4356\">Alus ei kuulu komplekti.<\/strong><\/p>\n<p data-start=\"4360\" data-end=\"4590\"><strong data-start=\"4360\" data-end=\"4379\">Kogumisv\u00e4\u00e4rtus:<\/strong><br data-start=\"4379\" data-end=\"4382\" \/>Hilise Muromachi perioodi tant\u014d kolme NBTHK sertifikaadiga on v\u00e4ga haruldane ja k\u00f5rge kunstilise v\u00e4\u00e4rtusega ese.<br data-start=\"4494\" data-end=\"4497\" \/>Haruldane homaarimotiiv teeb sellest silmapaistva n\u00e4ite samuraiaja Jaapani metallikunstist.<\/p>\n<p><\/p>","protected":false},"excerpt":{"rendered":"<p data-start=\"3651\" data-end=\"3854\">Antikvarne tant\u014d, valmistatud meistri <strong data-start=\"3689\" data-end=\"3701\">Sukemune<\/strong> poolt hilisel Muromachi perioodil (u 1450\u20131550).<br data-start=\"3750\" data-end=\"3753\" \/>Teral on elegantne <em data-start=\"3772\" data-end=\"3779\">hamon<\/em> (karastusjoon), tasakaalustatud kuju ja v\u00e4\u00e4rikas vanapoleerimise patina.<\/p>\n<p data-start=\"3856\" data-end=\"4084\">Tupp (<em data-start=\"3862\" data-end=\"3872\">koshirae<\/em>) on rikkalikult kaunistatud reljeefse <strong data-start=\"3911\" data-end=\"3941\">homaarimotiiviga (ise-ebi)<\/strong>, mis s\u00fcmboliseerib Jaapani kultuuris pikaealisust, austust ja v\u00e4\u00e4rikust.<br data-start=\"4014\" data-end=\"4017\" \/>Peen metallit\u00f6\u00f6 (<em data-start=\"4034\" data-end=\"4041\">kink\u014d<\/em>) demonstreerib erakordset meistrioskust.<\/p>\n","protected":false},"featured_media":17016,"comment_status":"closed","ping_status":"closed","template":"","meta":{"_exactmetrics_skip_tracking":false,"_exactmetrics_sitenote_active":false,"_exactmetrics_sitenote_note":"","_exactmetrics_sitenote_category":0,"_uf_show_specific_survey":0,"_uf_disable_surveys":false},"product_brand":[],"product_cat":[36,252],"product_tag":[],"class_list":{"0":"post-17014","1":"product","2":"type-product","3":"status-publish","4":"has-post-thumbnail","6":"product_cat-daggers","7":"product_cat-japanese-swords","8":"product_shipping_class-average-item-500-1500-g","10":"first","11":"instock","12":"shipping-taxable","13":"purchasable","14":"product-type-simple"},"aioseo_notices":[],"_links":{"self":[{"href":"https:\/\/thebestantique.com\/et\/wp-json\/wp\/v2\/product\/17014","targetHints":{"allow":["GET"]}}],"collection":[{"href":"https:\/\/thebestantique.com\/et\/wp-json\/wp\/v2\/product"}],"about":[{"href":"https:\/\/thebestantique.com\/et\/wp-json\/wp\/v2\/types\/product"}],"replies":[{"embeddable":true,"href":"https:\/\/thebestantique.com\/et\/wp-json\/wp\/v2\/comments?post=17014"}],"wp:featuredmedia":[{"embeddable":true,"href":"https:\/\/thebestantique.com\/et\/wp-json\/wp\/v2\/media\/17016"}],"wp:attachment":[{"href":"https:\/\/thebestantique.com\/et\/wp-json\/wp\/v2\/media?parent=17014"}],"wp:term":[{"taxonomy":"product_brand","embeddable":true,"href":"https:\/\/thebestantique.com\/et\/wp-json\/wp\/v2\/product_brand?post=17014"},{"taxonomy":"product_cat","embeddable":true,"href":"https:\/\/thebestantique.com\/et\/wp-json\/wp\/v2\/product_cat?post=17014"},{"taxonomy":"product_tag","embeddable":true,"href":"https:\/\/thebestantique.com\/et\/wp-json\/wp\/v2\/product_tag?post=17014"}],"curies":[{"name":"wp","href":"https:\/\/api.w.org\/{rel}","templated":true}]}}