{"id":16921,"date":"2025-05-29T09:22:24","date_gmt":"2025-05-29T07:22:24","guid":{"rendered":"https:\/\/thebestantique.com\/?post_type=product&#038;p=16921"},"modified":"2025-10-02T11:02:51","modified_gmt":"2025-10-02T09:02:51","slug":"miniature-travel-samovar-by-vasily-karshinikov-tula","status":"publish","type":"product","link":"https:\/\/thebestantique.com\/et\/product\/miniature-travel-samovar-by-vasily-karshinikov-tula\/","title":{"rendered":"Miniatuurne teekann-samovar Vasili Kar\u0161inikovilt \u2014 Tula"},"content":{"rendered":"<p>Haruldane miniatuurne reisiteekann (samovar), mille k\u00f5rgus on 23,7 cm. Valmistatud 19. sajandil Tula meistri Vasili Kar\u0161inikovi poolt. V\u00e4\u00e4rtuslik antiikeseme kollektsion\u00e4\u00e4ridele ja Vene ajaloo austajatele.<\/p>","protected":false},"excerpt":{"rendered":"<p>Autentne miniatuurne reisiteekann, valmistatud 19. sajandil kuulsa Tula meistri Vasili Kar\u0161inikovi poolt. K\u00f5rgus 23,7 cm. Kompaktne ja elegantne ese, mis peegeldab vene teekultuuri traditsioone ja Tula k\u00e4sit\u00f6\u00f6d. Sobib suurep\u00e4raselt antiiksete esemete kollektsiooni v\u00f5i ajaloolise interj\u00f6\u00f6ri kaunistamiseks.<\/p>\n","protected":false},"featured_media":16923,"comment_status":"closed","ping_status":"closed","template":"","meta":{"_exactmetrics_skip_tracking":false,"_exactmetrics_sitenote_active":false,"_exactmetrics_sitenote_note":"","_exactmetrics_sitenote_category":0,"_uf_show_specific_survey":0,"_uf_disable_surveys":false},"product_brand":[],"product_cat":[8],"product_tag":[],"class_list":{"0":"post-16921","1":"product","2":"type-product","3":"status-publish","4":"has-post-thumbnail","6":"product_cat-samovars","7":"product_shipping_class-average-item-500-1500-g","9":"first","10":"instock","11":"shipping-taxable","12":"purchasable","13":"product-type-simple"},"aioseo_notices":[],"_links":{"self":[{"href":"https:\/\/thebestantique.com\/et\/wp-json\/wp\/v2\/product\/16921","targetHints":{"allow":["GET"]}}],"collection":[{"href":"https:\/\/thebestantique.com\/et\/wp-json\/wp\/v2\/product"}],"about":[{"href":"https:\/\/thebestantique.com\/et\/wp-json\/wp\/v2\/types\/product"}],"replies":[{"embeddable":true,"href":"https:\/\/thebestantique.com\/et\/wp-json\/wp\/v2\/comments?post=16921"}],"wp:featuredmedia":[{"embeddable":true,"href":"https:\/\/thebestantique.com\/et\/wp-json\/wp\/v2\/media\/16923"}],"wp:attachment":[{"href":"https:\/\/thebestantique.com\/et\/wp-json\/wp\/v2\/media?parent=16921"}],"wp:term":[{"taxonomy":"product_brand","embeddable":true,"href":"https:\/\/thebestantique.com\/et\/wp-json\/wp\/v2\/product_brand?post=16921"},{"taxonomy":"product_cat","embeddable":true,"href":"https:\/\/thebestantique.com\/et\/wp-json\/wp\/v2\/product_cat?post=16921"},{"taxonomy":"product_tag","embeddable":true,"href":"https:\/\/thebestantique.com\/et\/wp-json\/wp\/v2\/product_tag?post=16921"}],"curies":[{"name":"wp","href":"https:\/\/api.w.org\/{rel}","templated":true}]}}