{"id":16903,"date":"2025-05-22T12:57:03","date_gmt":"2025-05-22T10:57:03","guid":{"rendered":"https:\/\/thebestantique.com\/?post_type=product&#038;p=16903"},"modified":"2025-05-22T12:57:03","modified_gmt":"2025-05-22T10:57:03","slug":"a-bronze-sculpture-the-gunsmith-by-adrien-gaudez-1845-1902","status":"publish","type":"product","link":"https:\/\/thebestantique.com\/et\/product\/a-bronze-sculpture-the-gunsmith-by-adrien-gaudez-1845-1902\/","title":{"rendered":"Pronksskulptuur &#8220;L&#8217;armurier&#8221; Adrian Gode (1845\u20131902)"},"content":{"rendered":"<p>Imeline pronksskulptuur &#8220;L&#8217;armurier&#8221; kuulsa Prantsuse kunstniku Adrian Gode (1845\u20131902) loomingust. See muljetavaldav t\u00f6\u00f6 on valminud 19. sajandi l\u00f5pus v\u00f5i 20. sajandi alguses ning n\u00e4itab Gode meisterlikkust liikumise ja emotsioonide edasiandmisel d\u00fcnaamiliste figuuride kaudu. &#8220;L&#8217;armurier&#8221; t\u00e4hendab &#8220;P\u00fcssimees&#8221; ning kujutab osavat meistrit t\u00f6\u00f6 juures, esindades k\u00e4sit\u00f6\u00f6d, j\u00f5udu ja elegantsi.<\/p>\n<p>Adrian Gode oli andekas skulptor, kes oli tuntud oma figuursete pronksteoste, sh memoriaalide ja b\u00fcstide poolest. Ta \u00f5ppis Pariisi Kunstiinstituudis ning osales regulaarselt Pariisi Salonil alates 1864. aastast. Tema stiil arenes klassikalisest motiivist sujuvamateks, kumerjoonelistest vormidest Art Nouveau stiili suunas. Gode skulptuurid on tuntud oma detailit\u00e4psuse ja v\u00e4ljenduslikkuse poolest ning on olulised osa tema kunstip\u00e4randist.<\/p>\n<p>&nbsp;<\/p>\n<blockquote><p>K\u00f5rgus: 65 cm<\/p><\/blockquote>\n<p><\/p>","protected":false},"excerpt":{"rendered":"<p>Pronksskulptuur &#8220;L&#8217;armurier&#8221; Adrian Gode\u2019ilt, k\u00f5rgus 65 cm, kujutab p\u00fcssimeest ning \u00fchendab klassikalise ja Art Nouveau stiili elemente. Sobib ideaalselt kollektsion\u00e4\u00e4ridele v\u00f5i stiilsele interj\u00f6\u00f6rile.<\/p>\n","protected":false},"featured_media":16906,"comment_status":"closed","ping_status":"closed","template":"","meta":{"_exactmetrics_skip_tracking":false,"_exactmetrics_sitenote_active":false,"_exactmetrics_sitenote_note":"","_exactmetrics_sitenote_category":0,"_uf_show_specific_survey":0,"_uf_disable_surveys":false},"product_brand":[],"product_cat":[12],"product_tag":[2149],"class_list":{"0":"post-16903","1":"product","2":"type-product","3":"status-publish","4":"has-post-thumbnail","6":"product_cat-bronze","7":"product_tag-adrien-gaudez-1845-1902","8":"product_shipping_class-huge-3000-10000gr","10":"first","11":"instock","12":"shipping-taxable","13":"purchasable","14":"product-type-simple"},"aioseo_notices":[],"_links":{"self":[{"href":"https:\/\/thebestantique.com\/et\/wp-json\/wp\/v2\/product\/16903","targetHints":{"allow":["GET"]}}],"collection":[{"href":"https:\/\/thebestantique.com\/et\/wp-json\/wp\/v2\/product"}],"about":[{"href":"https:\/\/thebestantique.com\/et\/wp-json\/wp\/v2\/types\/product"}],"replies":[{"embeddable":true,"href":"https:\/\/thebestantique.com\/et\/wp-json\/wp\/v2\/comments?post=16903"}],"wp:featuredmedia":[{"embeddable":true,"href":"https:\/\/thebestantique.com\/et\/wp-json\/wp\/v2\/media\/16906"}],"wp:attachment":[{"href":"https:\/\/thebestantique.com\/et\/wp-json\/wp\/v2\/media?parent=16903"}],"wp:term":[{"taxonomy":"product_brand","embeddable":true,"href":"https:\/\/thebestantique.com\/et\/wp-json\/wp\/v2\/product_brand?post=16903"},{"taxonomy":"product_cat","embeddable":true,"href":"https:\/\/thebestantique.com\/et\/wp-json\/wp\/v2\/product_cat?post=16903"},{"taxonomy":"product_tag","embeddable":true,"href":"https:\/\/thebestantique.com\/et\/wp-json\/wp\/v2\/product_tag?post=16903"}],"curies":[{"name":"wp","href":"https:\/\/api.w.org\/{rel}","templated":true}]}}