{"id":16876,"date":"2025-05-21T12:31:54","date_gmt":"2025-05-21T10:31:54","guid":{"rendered":"https:\/\/thebestantique.com\/?post_type=product&#038;p=16876"},"modified":"2025-05-21T12:31:55","modified_gmt":"2025-05-21T10:31:55","slug":"antique-caucasian-dagger-from-vladikavkaz-early-20th-century-osman-omarov-workshop","status":"publish","type":"product","link":"https:\/\/thebestantique.com\/et\/product\/antique-caucasian-dagger-from-vladikavkaz-early-20th-century-osman-omarov-workshop\/","title":{"rendered":"20. sajandi alguse Kaukaasia pistoda Vladikavkazist &#8211; Osman Omarovi t\u00f6\u00f6koda"},"content":{"rendered":"<p><\/p>\n<p class=\"ds-markdown-paragraph\">Haruldane 20. sajandi alguse pistoda, mis on valmistatud Vladikavkazis kuulsas Osman Omarovi t\u00f6\u00f6kojas. Teras on kootud traditsiooniliste Kaukaasia sepistamistehnikate j\u00e4rgi. Tupp ja k\u00e4epide on kaunistatud peente h\u00f5bedaste graveeringutega ja niellot\u00f6\u00f6ga &#8211; P\u00f5hja-Kaukaasia relvadele iseloomulik dekoor.<\/p>\n<p class=\"ds-markdown-paragraph\">Eriti v\u00e4\u00e4rtuslikuks teeb selle eksponaadi araabia keeles kiri \u00fclemisel metallosalisel: &#8220;Omanik Ali. Meister Hussein&#8221;, mis kinnitab selle autentsust ja ajaloolist t\u00e4htsust.<\/p>\n<p class=\"ds-markdown-paragraph\"><strong>Andmed:<\/strong><\/p>\n<ul>\n<li>\n<p class=\"ds-markdown-paragraph\">P\u00e4ritolu: Vladikavkaz, Osman Omarovi t\u00f6\u00f6koda<\/p>\n<\/li>\n<li>\n<p class=\"ds-markdown-paragraph\">Ajastu: 20. sajandi algus<\/p>\n<\/li>\n<li>\n<p class=\"ds-markdown-paragraph\">Materjalid: sepisteras, h\u00f5be, niello<\/p>\n<\/li>\n<li>\n<p class=\"ds-markdown-paragraph\">Kaunistused: graveerimine, niellot\u00f6\u00f6<\/p>\n<\/li>\n<li>\n<p class=\"ds-markdown-paragraph\">Kogupikkus: 47,5 cm<\/p>\n<\/li>\n<li>\n<p class=\"ds-markdown-paragraph\">Tera pikkus: 33,5 cm<\/p>\n<\/li>\n<li>\n<p class=\"ds-markdown-paragraph\">Tera laius: 3,3 cm<\/p>\n<\/li>\n<li>\n<p class=\"ds-markdown-paragraph\">Erijoon: araabia keelne omanikukiri<\/p>\n<\/li>\n<\/ul>\n<p><\/p>","protected":false},"excerpt":{"rendered":"<p>Haruldane 20. sajandi alguse pistoda, mis on valmistatud Vladikavkazis kuulsas Osman Omarovi t\u00f6\u00f6kojas. Teras on kootud traditsiooniliste Kaukaasia sepistamistehnikate j\u00e4rgi. Tupp ja k\u00e4epide on kaunistatud peente h\u00f5bedaste graveeringutega ja niellot\u00f6\u00f6ga &#8211; P\u00f5hja-Kaukaasia relvadele iseloomulik dekoor.<\/p>\n","protected":false},"featured_media":16878,"comment_status":"closed","ping_status":"closed","template":"","meta":{"_exactmetrics_skip_tracking":false,"_exactmetrics_sitenote_active":false,"_exactmetrics_sitenote_note":"","_exactmetrics_sitenote_category":0,"_uf_show_specific_survey":0,"_uf_disable_surveys":false},"product_brand":[],"product_cat":[36],"product_tag":[850,1816],"class_list":{"0":"post-16876","1":"product","2":"type-product","3":"status-publish","4":"has-post-thumbnail","6":"product_cat-daggers","7":"product_tag-caucasian-kinjal-with-osman-blade--silver-niello-fittings","8":"product_tag-kindjal","9":"product_shipping_class-average-item-500-1500-g","11":"first","12":"instock","13":"shipping-taxable","14":"purchasable","15":"product-type-simple"},"aioseo_notices":[],"_links":{"self":[{"href":"https:\/\/thebestantique.com\/et\/wp-json\/wp\/v2\/product\/16876","targetHints":{"allow":["GET"]}}],"collection":[{"href":"https:\/\/thebestantique.com\/et\/wp-json\/wp\/v2\/product"}],"about":[{"href":"https:\/\/thebestantique.com\/et\/wp-json\/wp\/v2\/types\/product"}],"replies":[{"embeddable":true,"href":"https:\/\/thebestantique.com\/et\/wp-json\/wp\/v2\/comments?post=16876"}],"wp:featuredmedia":[{"embeddable":true,"href":"https:\/\/thebestantique.com\/et\/wp-json\/wp\/v2\/media\/16878"}],"wp:attachment":[{"href":"https:\/\/thebestantique.com\/et\/wp-json\/wp\/v2\/media?parent=16876"}],"wp:term":[{"taxonomy":"product_brand","embeddable":true,"href":"https:\/\/thebestantique.com\/et\/wp-json\/wp\/v2\/product_brand?post=16876"},{"taxonomy":"product_cat","embeddable":true,"href":"https:\/\/thebestantique.com\/et\/wp-json\/wp\/v2\/product_cat?post=16876"},{"taxonomy":"product_tag","embeddable":true,"href":"https:\/\/thebestantique.com\/et\/wp-json\/wp\/v2\/product_tag?post=16876"}],"curies":[{"name":"wp","href":"https:\/\/api.w.org\/{rel}","templated":true}]}}